{"id":12,"date":"2019-09-30T12:59:45","date_gmt":"2019-09-30T10:59:45","guid":{"rendered":"https:\/\/www.ilpa-mp3.com\/?page_id=12"},"modified":"2024-10-30T17:19:51","modified_gmt":"2024-10-30T16:19:51","slug":"prodotti","status":"publish","type":"page","link":"https:\/\/www.ilpa-mp3.com\/it\/prodotti\/","title":{"rendered":"Prodotti"},"content":{"rendered":"<div class=\"wpb-content-wrapper\"><p>[vc_row full_width=&#8221;stretch_row&#8221; content_placement=&#8221;middle&#8221; css=&#8221;.vc_custom_1719931867973{padding-top: 4em !important;padding-bottom: 8em !important;background-image: url(https:\/\/www.ilpa-mp3.com\/wp-content\/uploads\/2024\/05\/M3P_8747.jpg?id=17600) !important;background-position: center !important;background-repeat: no-repeat !important;background-size: cover !important;}&#8221;][vc_column width=&#8221;1\/2&#8243;][vc_single_image image=&#8221;17066&#8243; img_size=&#8221;full&#8221; css_animation=&#8221;fadeIn&#8221; css=&#8221;&#8221;][vc_single_image image=&#8221;17076&#8243; img_size=&#8221;full&#8221; css_animation=&#8221;fadeIn&#8221; css=&#8221;&#8221;][\/vc_column][\/vc_row][vc_row css=&#8221;.vc_custom_1719931285062{padding-top: 9em !important;padding-bottom: 9em !important;background-image: url(https:\/\/www.ilpa-mp3.com\/wp-content\/uploads\/2022\/10\/background-1920&#215;760-light-no-margin.jpg?id=15547) !important;background-position: center !important;background-repeat: no-repeat !important;background-size: cover !important;}&#8221;][vc_column offset=&#8221;vc_col-md-offset-2 vc_col-md-8 vc_col-xs-offset-1 vc_col-xs-10&#8243;]<h2 class=\"deco-title sinistra sub-white\"><span>Da oltre 45 anni leader in <mark>Estrusione<\/mark><\/span><\/h2>[vc_column_text css=&#8221;&#8221; el_class=&#8221;text-column-2&#8243;]MP3 offre lastre e bobine estruse di alta qualit\u00e0, lavorando una vasta gamma di polimeri tra cui <strong>ABS\/PMMA, ABS, ABS\/ASA, PS, PET, PLA e PP<\/strong> con tecnologie avanzate e controllo di qualit\u00e0 rigoroso. Soluzioni personalizzate per la termoformatura di successo: innovazione e qualit\u00e0 senza pari.[\/vc_column_text]<div class=\"button-wrapper inline\">\n\t\t\t<button type=\"button\" data-target=\"#cta-modal-69f8950c9bd00\" data-unique=\"69f8950c9bd00\" data-label=\"Contatta un commerciale\" data-form=\"560\" class=\"btn btn-default ajax-modal\" title=\"Contatta un commerciale\">Contatta un commerciale<\/button>\n\t\t<\/div>[\/vc_column][\/vc_row][vc_row full_width=&#8221;stretch_row_content_no_spaces&#8221; equal_height=&#8221;yes&#8221; content_placement=&#8221;middle&#8221; el_class=&#8221;text-white&#8221;][vc_column css_animation=&#8221;fadeInDown&#8221; css=&#8221;.vc_custom_1661962303946{padding-top: 0px !important;}&#8221; offset=&#8221;vc_col-md-offset-0 vc_col-md-4&#8243;]\n\t<div class=\"home_full_block_wrapper \">\n\t\t<a href=\"https:\/\/www.ilpa-mp3.com\/it\/prodotti\/lastre\/\">\n\t\t\t<div class=\"home_full_block\" style=\"background-image: url(https:\/\/www.ilpa-mp3.com\/wp-content\/uploads\/2021\/05\/ilpa-mp3-srl-lastra-sheet-white-sanitary-generic-abs-pmma-ps-pp-thermoforming-1.jpg);\">\n\t\t\t\t<div class=\"home_full_block_text \">\n\t\t\t\t\t<h2 class=\"deco-title sinistra text-white\"><span>Lastre per la termoformatura<\/span><\/h2>\n\t\t\t\t\t<p>Altissimo livello qualitativo e di personalizzazione per un prodotto che si adatta ad ogni business.<\/p><\/div>\n\t\t\t<\/div>\n\t\t<\/a>\n\t<\/div>[\/vc_column][vc_column css_animation=&#8221;fadeInDown&#8221; el_class=&#8221;delay200&#8243; css=&#8221;.vc_custom_1661962317600{padding-top: 0px !important;}&#8221; offset=&#8221;vc_col-md-offset-0 vc_col-md-4&#8243;]\n\t<div class=\"home_full_block_wrapper \">\n\t\t<a href=\"https:\/\/www.ilpa-mp3.com\/it\/prodotti\/bobine\">\n\t\t\t<div class=\"home_full_block\" style=\"background-image: url(https:\/\/www.ilpa-mp3.com\/wp-content\/uploads\/2019\/10\/ilpa-mp3-srl-bobina-reel-generic-ps-2022.jpg);\">\n\t\t\t\t<div class=\"home_full_block_text \">\n\t\t\t\t\t<h2 class=\"deco-title sinistra text-white\"><span>Bobine per la termoformatura<\/span><\/h2>\n\t\t\t\t\t<p>Un know-how vastissimo ci permette di creare il prodotto adatto alle esigenze della vostra produzione.<\/p><\/div>\n\t\t\t<\/div>\n\t\t<\/a>\n\t<\/div>[\/vc_column][vc_column css_animation=&#8221;fadeInDown&#8221; el_class=&#8221;delay400&#8243; css=&#8221;.vc_custom_1661962337963{padding-top: 0px !important;}&#8221; offset=&#8221;vc_col-md-offset-0 vc_col-md-4&#8243;]\n\t<div class=\"home_full_block_wrapper \">\n\t\t<a href=\"https:\/\/www.ilpa-mp3.com\/it\/applicazioni\/\">\n\t\t\t<div class=\"home_full_block\" style=\"background-image: url(https:\/\/www.ilpa-mp3.com\/wp-content\/uploads\/2024\/01\/Taglio-lastra_8753.jpg);\">\n\t\t\t\t<div class=\"home_full_block_text \">\n\t\t\t\t\t<h2 class=\"deco-title sinistra text-white\"><span>Applicazioni e Settori industriali<\/span><\/h2>\n\t\t\t\t\t<p>La nostra plastica \u00e8 nel vostro business. Tanti settori applicativi, ognuno con il suo materiale pi\u00f9 adatto e sostenibile.<\/p><\/div>\n\t\t\t<\/div>\n\t\t<\/a>\n\t<\/div>[\/vc_column][\/vc_row][vc_row full_width=&#8221;stretch_row_content_no_spaces&#8221; css=&#8221;.vc_custom_1719419486296{margin-top: 1em !important;margin-bottom: 1em !important;}&#8221;][vc_column]<div id=\"features-carousel-69f8950c9c12c-wrapper\" class=\"feature-carousel-wrapper reverse \">\n\t\t\t\t\t\t<div class=\"features-carousel\" style=\"--features-carousel-color:#d8b6b9;\">\n\t\t\t\t\t\t\t<div class=\"row g-0\">\n\t\t\t\t\t\t\t\t<div class=\"col-lg-8 col-12 features-carousel-cycler order-last\">\n\t\t\t\t\t\t\t\t\t<img decoding=\"async\" class=\"active\" src=\"https:\/\/www.ilpa-mp3.com\/wp-content\/uploads\/2024\/03\/M3P_8790.jpg\" alt=\"\" \/>\n<img decoding=\"async\" class=\"\" src=\"https:\/\/www.ilpa-mp3.com\/wp-content\/uploads\/2024\/06\/M3P_8728.jpg\" alt=\"\" \/>\n<img decoding=\"async\" class=\"\" src=\"https:\/\/www.ilpa-mp3.com\/wp-content\/uploads\/2024\/03\/M3P_8755.jpg\" alt=\"\" \/>\n\t\t\t\t\t\t\t\t<\/div>\n\t\t\t\t\t\t\t\t<div class=\"col-lg-4 d-lg-block d-none features-carousel-color order-first\"><\/div>\n\t\t\t\t\t\t\t<\/div>\n\t\t\t\t\t\t\t<div id=\"features-carousel-69f8950c9c12c\" class=\"features-slider carousel slide\" data-bs-ride=\"carousel\" data-bs-interval=\"10000\">\n\t\t\t\t\t\t\t\t<div class=\"carousel-inner white-bg-deco\">\n\t\t\t\t\t\t\t\t\t<div data-index=\"0\" class=\"features-item carousel-item item active p-4\">\n\t\t\t\t\t\t<div class=\"features-item-table\">\n\t\t\t\t\t\t\t<span class=\"features-item-table-item\">\n\t\t\t\t\t\t\t\t<h3 class=\"deco-title mb-2\"><span class=\"deco-eylet\">Rivoluzionaria estrusione di lastre:<\/span><span>raggiungi una scala senza precedenti con una larghezza di 2500 mm<\/span><\/h3>\n\t\t\t\t\t\t\t\t<div class=\"features-item-text\">La nostra tecnologia all'avanguardia consente la produzione di lastre ABS\/PMMA a 4 strati di alta qualit\u00e0, le pi\u00f9 ampie disponibili per la termoformatura. Ci\u00f2 si traduce nella libert\u00e0 di creare pezzi enormi prima inimmaginabili. Spingi i confini del design e apri una nuova era di possibilit\u00e0 di termoformatura.<\/div>\n\t\t\t\t\t\t\t\t\n\t\t\t\t\t\t\t<\/span>\n\t\t\t\t\t\t<\/div>\n\t\t\t\t\t<\/div>\n<div data-index=\"1\" class=\"features-item carousel-item item p-4\">\n\t\t\t\t\t\t<div class=\"features-item-table\">\n\t\t\t\t\t\t\t<span class=\"features-item-table-item\">\n\t\t\t\t\t\t\t\t<h3 class=\"deco-title mb-2\"><span class=\"deco-eylet\">Qualit\u00e0 e impatto visivo senza pari:<\/span><span> ottieni risultati sorprendenti con la nostra linea di estrusione di fogli a 5 strati<\/span><\/h3>\n\t\t\t\t\t\t\t\t<div class=\"features-item-text\">Questa linea vanta una lussuosa doppia superficie superiore in PMMA, abbinata a un sofisticato strato inferiore opaco, il tutto su una larghezza sostanziale di 2200 mm. Questa tecnologia a 5 strati leader del settore ci consente di fornire fogli di qualit\u00e0 eccezionale per i progetti pi\u00f9 impegnativi.<\/div>\n\t\t\t\t\t\t\t\t\n\t\t\t\t\t\t\t<\/span>\n\t\t\t\t\t\t<\/div>\n\t\t\t\t\t<\/div>\n<div data-index=\"2\" class=\"features-item carousel-item item p-4\">\n\t\t\t\t\t\t<div class=\"features-item-table\">\n\t\t\t\t\t\t\t<span class=\"features-item-table-item\">\n\t\t\t\t\t\t\t\t<h3 class=\"deco-title mb-2\"><span class=\"deco-eylet\">Rivoluziona il design dei mobili con la perfezione simile al vetro:<\/span><span>la nostra pionieristica tecnologia di estrusione multistrato<\/span><\/h3>\n\t\t\t\t\t\t\t\t<div class=\"features-item-text\">Questa tecnologia innovativa offre una superficie innovativa, superando i limiti del vetro per la produzione di mobili di fascia alta. Realizzata nelle nostre camere bianche all'avanguardia, questa meraviglia multistrato offre estetica e prestazioni senza pari, ideali per i produttori di mobili pi\u00f9 esigenti.<\/div>\n\t\t\t\t\t\t\t\t\n\t\t\t\t\t\t\t<\/span>\n\t\t\t\t\t\t<\/div>\n\t\t\t\t\t<\/div>\n\t\t\t\t\t\t\t\t<\/div>\n\t\t\t\t\t\t\t\t\n\t\t\t\t\t\t\t\t<div class=\"carousel-indicators carousel-bullets\">\n\t\t\t\t\t\t\t\t\t<button type=\"button\" data-bs-target=\"#features-carousel-69f8950c9c12c\" data-bs-slide-to=\"0\" class=\"active\" aria-current=\"true\" aria-label=\"Go to slide no. 1\"><\/button>\n<button type=\"button\" data-bs-target=\"#features-carousel-69f8950c9c12c\" data-bs-slide-to=\"1\" class=\"\" aria-current=\"false\" aria-label=\"Go to slide no. 2\"><\/button>\n<button type=\"button\" data-bs-target=\"#features-carousel-69f8950c9c12c\" data-bs-slide-to=\"2\" class=\"\" aria-current=\"false\" aria-label=\"Go to slide no. 3\"><\/button>\n\t\t\t\t\t\t\t\t<\/div>\n\t\t\t\t\t\t\t\t\n\t\t\t\t\t\t\t<\/div>\n\t\t\t\t\t\t<\/div>\n\t\t\t\t\t<\/div>[\/vc_column][\/vc_row][vc_row full_width=&#8221;stretch_row_content_no_spaces&#8221;][vc_column]<div id=\"features-carousel-69f8950c9c430-wrapper\" class=\"feature-carousel-wrapper \">\n\t\t\t\t\t\t<div class=\"features-carousel\" style=\"--features-carousel-color:#d8b6b9;\">\n\t\t\t\t\t\t\t<div class=\"row g-0\">\n\t\t\t\t\t\t\t\t<div class=\"col-lg-8 col-12 features-carousel-cycler\">\n\t\t\t\t\t\t\t\t\t<img decoding=\"async\" class=\"active\" src=\"https:\/\/www.ilpa-mp3.com\/wp-content\/uploads\/2024\/05\/M3P_8752.jpg\" alt=\"\" \/>\n<img decoding=\"async\" class=\"\" src=\"https:\/\/www.ilpa-mp3.com\/wp-content\/uploads\/2024\/05\/M3P_8808.jpg\" alt=\"\" \/>\n<img decoding=\"async\" class=\"\" src=\"https:\/\/www.ilpa-mp3.com\/wp-content\/uploads\/2024\/03\/M3P_8806.jpg\" alt=\"\" \/>\n\t\t\t\t\t\t\t\t<\/div>\n\t\t\t\t\t\t\t\t<div class=\"col-lg-4 d-lg-block d-none features-carousel-color\"><\/div>\n\t\t\t\t\t\t\t<\/div>\n\t\t\t\t\t\t\t<div id=\"features-carousel-69f8950c9c430\" class=\"features-slider carousel slide\" data-bs-ride=\"carousel\" data-bs-interval=\"10000\">\n\t\t\t\t\t\t\t\t<div class=\"carousel-inner white-bg-deco\">\n\t\t\t\t\t\t\t\t\t<div data-index=\"0\" class=\"features-item carousel-item item active p-4\">\n\t\t\t\t\t\t<div class=\"features-item-table\">\n\t\t\t\t\t\t\t<span class=\"features-item-table-item\">\n\t\t\t\t\t\t\t\t<h3 class=\"deco-title mb-2\"><span class=\"deco-eylet\">Protezione senza compromessi, installazione senza soluzione di continuit\u00e0: <\/span><span>la nostra pellicola in PE ad alte prestazioni<\/span><\/h3>\n\t\t\t\t\t\t\t\t<div class=\"features-item-text\">Questo film in PE completamente termoformabile, disponibile in tutte le nostre linee di produzione, offre un'elevata protezione per i vostri manufatti. Progettato per la massima durata, protegge i tuoi prodotti da danni durante lo stoccaggio e il trasporto, garantendo un arrivo impeccabile per un'esperienza di installazione fluida.<\/div>\n\t\t\t\t\t\t\t\t\n\t\t\t\t\t\t\t<\/span>\n\t\t\t\t\t\t<\/div>\n\t\t\t\t\t<\/div>\n<div data-index=\"1\" class=\"features-item carousel-item item p-4\">\n\t\t\t\t\t\t<div class=\"features-item-table\">\n\t\t\t\t\t\t\t<span class=\"features-item-table-item\">\n\t\t\t\t\t\t\t\t<h3 class=\"deco-title mb-2\"><span class=\"deco-eylet\">MP3 Pioniere della tecnologia delle pellicole multistrato: <\/span><span>presentazione della nostra linea all'avanguardia in PP\/EVOH\/PP a 9 strati<\/span><\/h3>\n\t\t\t\t\t\t\t\t<div class=\"features-item-text\">Questa rivoluzionaria aggiunta alle nostre capacit\u00e0 segna un significativo passo avanti nell\u2019innovazione dei materiali. La nostra linea di estrusione di film PP\/EVOH\/PP a 9 strati leader del settore rappresenta il nostro costante impegno a superare i limiti di ci\u00f2 che \u00e8 possibile. Questa tecnologia all'avanguardia offre film barriera ad alte prestazioni con propriet\u00e0 eccezionali, ideali per un'ampia gamma di applicazioni esigenti.<\/div>\n\t\t\t\t\t\t\t\t\n\t\t\t\t\t\t\t<\/span>\n\t\t\t\t\t\t<\/div>\n\t\t\t\t\t<\/div>\n<div data-index=\"2\" class=\"features-item carousel-item item p-4\">\n\t\t\t\t\t\t<div class=\"features-item-table\">\n\t\t\t\t\t\t\t<span class=\"features-item-table-item\">\n\t\t\t\t\t\t\t\t<h3 class=\"deco-title mb-2\"><span class=\"deco-eylet\">Costruiamo fiducia, una lastra alla volta: <\/span><span>l'eccellenza del filtraggio MP3<\/span><\/h3>\n\t\t\t\t\t\t\t\t<div class=\"features-item-text\">La perfezione delle nostre lastre termoformabili inizia fin dalle prime fasi del processo produttivo. I nostri impianti di filtraggio all'avanguardia, dotati di reti rotanti da 30 micron, assicurano una pulizia impeccabile del materiale. Unita all'estrusione a pressione costante, questa tecnologia previene qualsiasi contaminazione da corpi estranei, garantendo fogli di altissima qualit\u00e0 per soddisfare le esigenze pi\u00f9 esigenti della tua produzione.<\/div>\n\t\t\t\t\t\t\t\t\n\t\t\t\t\t\t\t<\/span>\n\t\t\t\t\t\t<\/div>\n\t\t\t\t\t<\/div>\n\t\t\t\t\t\t\t\t<\/div>\n\t\t\t\t\t\t\t\t\n\t\t\t\t\t\t\t\t<div class=\"carousel-indicators carousel-bullets\">\n\t\t\t\t\t\t\t\t\t<button type=\"button\" data-bs-target=\"#features-carousel-69f8950c9c430\" data-bs-slide-to=\"0\" class=\"active\" aria-current=\"true\" aria-label=\"Go to slide no. 1\"><\/button>\n<button type=\"button\" data-bs-target=\"#features-carousel-69f8950c9c430\" data-bs-slide-to=\"1\" class=\"\" aria-current=\"false\" aria-label=\"Go to slide no. 2\"><\/button>\n<button type=\"button\" data-bs-target=\"#features-carousel-69f8950c9c430\" data-bs-slide-to=\"2\" class=\"\" aria-current=\"false\" aria-label=\"Go to slide no. 3\"><\/button>\n\t\t\t\t\t\t\t\t<\/div>\n\t\t\t\t\t\t\t\t\n\t\t\t\t\t\t\t<\/div>\n\t\t\t\t\t\t<\/div>\n\t\t\t\t\t<\/div>[\/vc_column][\/vc_row]<\/p>\n<\/div>","protected":false},"excerpt":{"rendered":"<p>[vc_row full_width=&#8221;stretch_row&#8221; content_placement=&#8221;middle&#8221; css=&#8221;.vc_custom_1719931867973{padding-top: 4em !important;padding-bottom: 8em !important;background-image: url(https:\/\/www.ilpa-mp3.com\/wp-content\/uploads\/2024\/05\/M3P_8747.jpg?id=17600) !important;background-position: center !important;background-repeat: no-repeat !important;background-size: cover !important;}&#8221;][vc_column width=&#8221;1\/2&#8243;][vc_single_image image=&#8221;17066&#8243; img_size=&#8221;full&#8221; css_animation=&#8221;fadeIn&#8221; css=&#8221;&#8221;][vc_single_image image=&#8221;17076&#8243; img_size=&#8221;full&#8221; css_animation=&#8221;fadeIn&#8221; css=&#8221;&#8221;][\/vc_column][\/vc_row][vc_row css=&#8221;.vc_custom_1719931285062{padding-top: 9em !important;padding-bottom: 9em !important;background-image: url(https:\/\/www.ilpa-mp3.com\/wp-content\/uploads\/2022\/10\/background-1920&#215;760-light-no-margin.jpg?id=15547) !important;background-position: center !important;background-repeat: no-repeat !important;background-size: cover !important;}&#8221;][vc_column offset=&#8221;vc_col-md-offset-2 vc_col-md-8 vc_col-xs-offset-1 vc_col-xs-10&#8243;][vc_column_text css=&#8221;&#8221; el_class=&#8221;text-column-2&#8243;]MP3 offre lastre e bobine estruse di alta qualit\u00e0, lavorando una vasta [&hellip;]<\/p>\n","protected":false},"author":1,"featured_media":0,"parent":0,"menu_order":0,"comment_status":"closed","ping_status":"closed","template":"","meta":{"_acf_changed":false,"footnotes":""},"class_list":["post-12","page","type-page","status-publish","hentry"],"acf":[],"yoast_head":"<!-- This site is optimized with the Yoast SEO plugin v27.5 - https:\/\/yoast.com\/product\/yoast-seo-wordpress\/ -->\n<title>Prodotti - MP3 S.r.l.<\/title>\n<meta name=\"description\" content=\"Scopri i nostri prodotti plastici di alta qualit\u00e0 in lastre e bobine destinati alla termoformatura nelle diverse applicazioni tecniche.\" \/>\n<meta name=\"robots\" content=\"index, follow, max-snippet:-1, max-image-preview:large, max-video-preview:-1\" \/>\n<link rel=\"canonical\" href=\"https:\/\/www.ilpa-mp3.com\/it\/prodotti\/\" \/>\n<meta property=\"og:locale\" content=\"it_IT\" \/>\n<meta property=\"og:type\" content=\"article\" \/>\n<meta property=\"og:title\" content=\"Prodotti - MP3 S.r.l.\" \/>\n<meta property=\"og:description\" content=\"Scopri i nostri prodotti plastici di alta qualit\u00e0 in lastre e bobine destinati alla termoformatura nelle diverse applicazioni tecniche.\" \/>\n<meta property=\"og:url\" content=\"https:\/\/www.ilpa-mp3.com\/it\/prodotti\/\" \/>\n<meta property=\"og:site_name\" content=\"MP3 S.r.l.\" \/>\n<meta property=\"article:modified_time\" content=\"2024-10-30T16:19:51+00:00\" \/>\n<meta name=\"twitter:card\" content=\"summary_large_image\" \/>\n<meta name=\"twitter:label1\" content=\"Tempo di lettura stimato\" \/>\n\t<meta name=\"twitter:data1\" content=\"2 minuti\" \/>\n<script type=\"application\/ld+json\" class=\"yoast-schema-graph\">{\"@context\":\"https:\\\/\\\/schema.org\",\"@graph\":[{\"@type\":\"WebPage\",\"@id\":\"https:\\\/\\\/www.ilpa-mp3.com\\\/it\\\/prodotti\\\/\",\"url\":\"https:\\\/\\\/www.ilpa-mp3.com\\\/it\\\/prodotti\\\/\",\"name\":\"Prodotti - MP3 S.r.l.\",\"isPartOf\":{\"@id\":\"https:\\\/\\\/www.ilpa-mp3.com\\\/it\\\/#website\"},\"datePublished\":\"2019-09-30T10:59:45+00:00\",\"dateModified\":\"2024-10-30T16:19:51+00:00\",\"description\":\"Scopri i nostri prodotti plastici di alta qualit\u00e0 in lastre e bobine destinati alla termoformatura nelle diverse applicazioni tecniche.\",\"breadcrumb\":{\"@id\":\"https:\\\/\\\/www.ilpa-mp3.com\\\/it\\\/prodotti\\\/#breadcrumb\"},\"inLanguage\":\"it-IT\",\"potentialAction\":[{\"@type\":\"ReadAction\",\"target\":[\"https:\\\/\\\/www.ilpa-mp3.com\\\/it\\\/prodotti\\\/\"]}]},{\"@type\":\"BreadcrumbList\",\"@id\":\"https:\\\/\\\/www.ilpa-mp3.com\\\/it\\\/prodotti\\\/#breadcrumb\",\"itemListElement\":[{\"@type\":\"ListItem\",\"position\":1,\"name\":\"Home\",\"item\":\"https:\\\/\\\/www.ilpa-mp3.com\\\/it\\\/\"},{\"@type\":\"ListItem\",\"position\":2,\"name\":\"Prodotti\"}]},{\"@type\":\"WebSite\",\"@id\":\"https:\\\/\\\/www.ilpa-mp3.com\\\/it\\\/#website\",\"url\":\"https:\\\/\\\/www.ilpa-mp3.com\\\/it\\\/\",\"name\":\"MP3 S.r.l.\",\"description\":\"Running for Excellence\",\"publisher\":{\"@id\":\"https:\\\/\\\/www.ilpa-mp3.com\\\/it\\\/#organization\"},\"potentialAction\":[{\"@type\":\"SearchAction\",\"target\":{\"@type\":\"EntryPoint\",\"urlTemplate\":\"https:\\\/\\\/www.ilpa-mp3.com\\\/it\\\/?s={search_term_string}\"},\"query-input\":{\"@type\":\"PropertyValueSpecification\",\"valueRequired\":true,\"valueName\":\"search_term_string\"}}],\"inLanguage\":\"it-IT\"},{\"@type\":\"Organization\",\"@id\":\"https:\\\/\\\/www.ilpa-mp3.com\\\/it\\\/#organization\",\"name\":\"Ilpa MP3 S.r.l.\",\"url\":\"https:\\\/\\\/www.ilpa-mp3.com\\\/it\\\/\",\"logo\":{\"@type\":\"ImageObject\",\"inLanguage\":\"it-IT\",\"@id\":\"https:\\\/\\\/www.ilpa-mp3.com\\\/it\\\/#\\\/schema\\\/logo\\\/image\\\/\",\"url\":\"https:\\\/\\\/www.ilpa-mp3.com\\\/wp-content\\\/uploads\\\/2020\\\/08\\\/logo.gif\",\"contentUrl\":\"https:\\\/\\\/www.ilpa-mp3.com\\\/wp-content\\\/uploads\\\/2020\\\/08\\\/logo.gif\",\"width\":146,\"height\":93,\"caption\":\"Ilpa MP3 S.r.l.\"},\"image\":{\"@id\":\"https:\\\/\\\/www.ilpa-mp3.com\\\/it\\\/#\\\/schema\\\/logo\\\/image\\\/\"},\"sameAs\":[\"https:\\\/\\\/www.linkedin.com\\\/company\\\/mp3-s.r.l.\\\/\"]}]}<\/script>\n<!-- \/ Yoast SEO plugin. -->","yoast_head_json":{"title":"Prodotti - MP3 S.r.l.","description":"Scopri i nostri prodotti plastici di alta qualit\u00e0 in lastre e bobine destinati alla termoformatura nelle diverse applicazioni tecniche.","robots":{"index":"index","follow":"follow","max-snippet":"max-snippet:-1","max-image-preview":"max-image-preview:large","max-video-preview":"max-video-preview:-1"},"canonical":"https:\/\/www.ilpa-mp3.com\/it\/prodotti\/","og_locale":"it_IT","og_type":"article","og_title":"Prodotti - MP3 S.r.l.","og_description":"Scopri i nostri prodotti plastici di alta qualit\u00e0 in lastre e bobine destinati alla termoformatura nelle diverse applicazioni tecniche.","og_url":"https:\/\/www.ilpa-mp3.com\/it\/prodotti\/","og_site_name":"MP3 S.r.l.","article_modified_time":"2024-10-30T16:19:51+00:00","twitter_card":"summary_large_image","twitter_misc":{"Tempo di lettura stimato":"2 minuti"},"schema":{"@context":"https:\/\/schema.org","@graph":[{"@type":"WebPage","@id":"https:\/\/www.ilpa-mp3.com\/it\/prodotti\/","url":"https:\/\/www.ilpa-mp3.com\/it\/prodotti\/","name":"Prodotti - MP3 S.r.l.","isPartOf":{"@id":"https:\/\/www.ilpa-mp3.com\/it\/#website"},"datePublished":"2019-09-30T10:59:45+00:00","dateModified":"2024-10-30T16:19:51+00:00","description":"Scopri i nostri prodotti plastici di alta qualit\u00e0 in lastre e bobine destinati alla termoformatura nelle diverse applicazioni tecniche.","breadcrumb":{"@id":"https:\/\/www.ilpa-mp3.com\/it\/prodotti\/#breadcrumb"},"inLanguage":"it-IT","potentialAction":[{"@type":"ReadAction","target":["https:\/\/www.ilpa-mp3.com\/it\/prodotti\/"]}]},{"@type":"BreadcrumbList","@id":"https:\/\/www.ilpa-mp3.com\/it\/prodotti\/#breadcrumb","itemListElement":[{"@type":"ListItem","position":1,"name":"Home","item":"https:\/\/www.ilpa-mp3.com\/it\/"},{"@type":"ListItem","position":2,"name":"Prodotti"}]},{"@type":"WebSite","@id":"https:\/\/www.ilpa-mp3.com\/it\/#website","url":"https:\/\/www.ilpa-mp3.com\/it\/","name":"MP3 S.r.l.","description":"Running for Excellence","publisher":{"@id":"https:\/\/www.ilpa-mp3.com\/it\/#organization"},"potentialAction":[{"@type":"SearchAction","target":{"@type":"EntryPoint","urlTemplate":"https:\/\/www.ilpa-mp3.com\/it\/?s={search_term_string}"},"query-input":{"@type":"PropertyValueSpecification","valueRequired":true,"valueName":"search_term_string"}}],"inLanguage":"it-IT"},{"@type":"Organization","@id":"https:\/\/www.ilpa-mp3.com\/it\/#organization","name":"Ilpa MP3 S.r.l.","url":"https:\/\/www.ilpa-mp3.com\/it\/","logo":{"@type":"ImageObject","inLanguage":"it-IT","@id":"https:\/\/www.ilpa-mp3.com\/it\/#\/schema\/logo\/image\/","url":"https:\/\/www.ilpa-mp3.com\/wp-content\/uploads\/2020\/08\/logo.gif","contentUrl":"https:\/\/www.ilpa-mp3.com\/wp-content\/uploads\/2020\/08\/logo.gif","width":146,"height":93,"caption":"Ilpa MP3 S.r.l."},"image":{"@id":"https:\/\/www.ilpa-mp3.com\/it\/#\/schema\/logo\/image\/"},"sameAs":["https:\/\/www.linkedin.com\/company\/mp3-s.r.l.\/"]}]}},"_links":{"self":[{"href":"https:\/\/www.ilpa-mp3.com\/it\/wp-json\/wp\/v2\/pages\/12","targetHints":{"allow":["GET"]}}],"collection":[{"href":"https:\/\/www.ilpa-mp3.com\/it\/wp-json\/wp\/v2\/pages"}],"about":[{"href":"https:\/\/www.ilpa-mp3.com\/it\/wp-json\/wp\/v2\/types\/page"}],"author":[{"embeddable":true,"href":"https:\/\/www.ilpa-mp3.com\/it\/wp-json\/wp\/v2\/users\/1"}],"replies":[{"embeddable":true,"href":"https:\/\/www.ilpa-mp3.com\/it\/wp-json\/wp\/v2\/comments?post=12"}],"version-history":[{"count":55,"href":"https:\/\/www.ilpa-mp3.com\/it\/wp-json\/wp\/v2\/pages\/12\/revisions"}],"predecessor-version":[{"id":17938,"href":"https:\/\/www.ilpa-mp3.com\/it\/wp-json\/wp\/v2\/pages\/12\/revisions\/17938"}],"wp:attachment":[{"href":"https:\/\/www.ilpa-mp3.com\/it\/wp-json\/wp\/v2\/media?parent=12"}],"curies":[{"name":"wp","href":"https:\/\/api.w.org\/{rel}","templated":true}]}}