{"id":15038,"date":"2022-08-03T12:23:20","date_gmt":"2022-08-03T10:23:20","guid":{"rendered":"https:\/\/web.ilpa-mp3.com\/?page_id=15038"},"modified":"2025-11-12T16:49:18","modified_gmt":"2025-11-12T15:49:18","slug":"video","status":"publish","type":"page","link":"https:\/\/www.ilpa-mp3.com\/it\/risorse\/video\/","title":{"rendered":"Video"},"content":{"rendered":"<div class=\"wpb-content-wrapper\"><p>[vc_row full_width=&#8221;stretch_row&#8221; content_placement=&#8221;middle&#8221; css_animation=&#8221;fadeIn&#8221; css=&#8221;.vc_custom_1666198630801{padding-top: 2em !important;padding-bottom: 2em !important;background-image: url(https:\/\/www.ilpa-mp3.com\/wp-content\/uploads\/2022\/10\/mp3-drone-2022-1920&#215;730-1.jpg?id=15774) !important;background-position: center !important;background-repeat: no-repeat !important;background-size: cover !important;}&#8221;][vc_column css_animation=&#8221;left-to-right&#8221; width=&#8221;5\/12&#8243; el_class=&#8221;background-linear-gradient-mp3&#8243;]<h2 class=\"deco-title sinistra sub-dark\"><span class=\"deco-eylet\">Video e Media<\/span><span>I video di <mark>MP3<\/mark><\/span><\/h2>[vc_column_text]Presentazioni di prodotti, attivit\u00e0 fieristiche e interviste. Vuoi saperne di pi\u00f9 su <strong>MP3 e sul suo mondo<\/strong>? Entra in contatto con noi.[\/vc_column_text][\/vc_column][vc_column width=&#8221;5\/12&#8243; offset=&#8221;vc_col-sm-offset-1&#8243;][vc_video link=&#8221;https:\/\/www.youtube.com\/watch?v=mxt-e4ra-SY&#8221; align=&#8221;center&#8221; css_animation=&#8221;fadeIn&#8221; css=&#8221;.vc_custom_1762945494552{padding-top: 1em !important;padding-right: 1em !important;padding-bottom: 1em !important;padding-left: 1em !important;background-color: #ffffff !important;}&#8221; el_class=&#8221;rounded shadow&#8221;][\/vc_column][\/vc_row][vc_row full_width=&#8221;stretch_row&#8221; css=&#8221;.vc_custom_1762943900239{background-color: #F5F5F5 !important;}&#8221;][vc_column]<h3 class=\"deco-title sinistra\"><span>MP3 @K 2025<\/span><\/h3>[\/vc_column][\/vc_row][vc_row full_width=&#8221;stretch_row&#8221; full_height=&#8221;yes&#8221; css=&#8221;.vc_custom_1762948694905{background-color: #f5f5f5 !important;}&#8221;][vc_column width=&#8221;1\/2&#8243;][vc_video link=&#8221;https:\/\/www.youtube.com\/watch?v=B88gQac3_P8&#8243; align=&#8221;center&#8221; css=&#8221;&#8221;][vc_column_text css=&#8221;&#8221;]<strong>MP3 @K2025 \u2013 Un grande successo<\/strong><\/p>\n<p>\u00c8 stato un privilegio mostrare come le nostre lastre di alta qualit\u00e0 possano garantire un\u2019estetica eccellete ed un\u2019affidabilit\u00e0 superiore, anche nell\u2019applicazioni pi\u00f9 complicate. Le bobine inoltre assicurano una stabile processabilit\u00e0 per le richieste pi\u00f9 esigenti e i grandi volumi dei nostri clienti.\u00a0Discussioni preziose con coloro che sono venuti a trovarci e tante opportunit\u00e0 di business sono state il motore di questo K 2025.[\/vc_column_text][\/vc_column][vc_column width=&#8221;1\/2&#8243;][vc_video link=&#8221;https:\/\/youtu.be\/bv5UQJIOcHM?si=zixFVEIYjDli4UrY&#8221; align=&#8221;center&#8221; css=&#8221;&#8221;][vc_column_text css=&#8221;&#8221;]<strong>MP3 @K2025 \u2013 La nostra esperienza al vostro servizio<\/strong><\/p>\n<p>[\/vc_column_text][\/vc_column][\/vc_row][vc_row full_width=&#8221;stretch_row&#8221; css=&#8221;.vc_custom_1666198730398{background-color: #f5f5f5 !important;}&#8221;][vc_column width=&#8221;1\/3&#8243;][vc_video link=&#8221;https:\/\/youtu.be\/2YYl8zRhhCs?si=GeBsYG0364ZlUJdS&#8221; align=&#8221;center&#8221; css=&#8221;&#8221;][vc_column_text css=&#8221;&#8221;]<strong>MP3 @K2025 &#8211; Teaser 1<\/strong>[\/vc_column_text][\/vc_column][vc_column width=&#8221;1\/3&#8243;][vc_video link=&#8221;https:\/\/www.youtube.com\/watch?v=EQerwxBxf4A&#8221; align=&#8221;center&#8221; css=&#8221;&#8221;][vc_column_text css=&#8221;&#8221;]<strong>MP3 @K2025 &#8211; Teaser 2<\/strong>[\/vc_column_text][\/vc_column][vc_column width=&#8221;1\/3&#8243;][vc_video link=&#8221;https:\/\/www.youtube.com\/watch?v=Q8KAMJzdc7E&#8221; align=&#8221;center&#8221; css=&#8221;&#8221;][vc_column_text css=&#8221;&#8221;]<strong>MP3 @K2025 &#8211; Teaser 3<\/strong>[\/vc_column_text][\/vc_column][\/vc_row][vc_row full_width=&#8221;stretch_row&#8221; css=&#8221;.vc_custom_1762943900239{background-color: #F5F5F5 !important;}&#8221;][vc_column]<h3 class=\"deco-title sinistra\"><span>MP3 @ISH2025<\/span><\/h3>[\/vc_column][\/vc_row][vc_row full_width=&#8221;stretch_row&#8221; css=&#8221;.vc_custom_1666198730398{background-color: #f5f5f5 !important;}&#8221;][vc_column width=&#8221;1\/2&#8243;][vc_video link=&#8221;https:\/\/youtu.be\/UxykuS3zDr4&#8243; align=&#8221;center&#8221; css=&#8221;&#8221;][vc_column_text css=&#8221;&#8221;]<strong>MP3 @ISH2025<\/strong>[\/vc_column_text][\/vc_column][vc_column width=&#8221;1\/2&#8243;][\/vc_column][\/vc_row][vc_row full_width=&#8221;stretch_row&#8221; css=&#8221;.vc_custom_1762943900239{background-color: #F5F5F5 !important;}&#8221;][vc_column]<h3 class=\"deco-title sinistra\"><span>MP3 @K 2022<\/span><\/h3>[\/vc_column][\/vc_row][vc_row full_width=&#8221;stretch_row&#8221; css=&#8221;.vc_custom_1666198730398{background-color: #f5f5f5 !important;}&#8221;][vc_column width=&#8221;1\/3&#8243;][vc_video link=&#8221;https:\/\/www.youtube.com\/watch?v=kdJmNjnzsHA&#8221; align=&#8221;center&#8221; css=&#8221;&#8221;][vc_column_text]<\/p>\n<h4>MP3 @K2022 &#8211; Storia ed Economia circolare<\/h4>\n<p>Mentre ci avviciniamo al K2022, permettete al nostro Business Development <strong>Luca Giacomozzi<\/strong> di mostrarvi come \u00e8 nata la nostra azienda e dove \u00e8 radicato il nostro impegno per l&#8217;economia circolare![\/vc_column_text][\/vc_column][vc_column width=&#8221;1\/3&#8243;][vc_video link=&#8221;https:\/\/www.youtube.com\/watch?v=-VJp1WMmU40&#8243; align=&#8221;center&#8221; css=&#8221;&#8221;][vc_column_text]<\/p>\n<h4>MP3 @K2022 &#8211; Qualit\u00e0 eccellente<\/h4>\n<p>Il nostro responsabile di produzione non vuole che vi mostriamo questo video! Ma \u00e8 da qui che proviene l&#8217;eccellente qualit\u00e0 che vedrete in mostra al K2022. Quindi diamo un&#8217;occhiata comunque![\/vc_column_text][\/vc_column][vc_column width=&#8221;1\/3&#8243;][vc_video link=&#8221;https:\/\/www.youtube.com\/watch?v=3SgzWeI-ItI&#8221; align=&#8221;center&#8221; css=&#8221;&#8221;][vc_column_text]<\/p>\n<h4>MP3 @K 2022 &#8211; Materie prima<\/h4>\n<p>Vieni a dare un&#8217;occhiata al nostro \u201cFort Knox\u201d! La gestione intelligente delle materie prime \u00e8 la chiave per l&#8217;eccellente qualit\u00e0 dei nostri prodotti.[\/vc_column_text][\/vc_column][\/vc_row][vc_row full_width=&#8221;stretch_row&#8221; css=&#8221;.vc_custom_1666198737947{background-color: #f5f5f5 !important;}&#8221;][vc_column width=&#8221;1\/3&#8243;][vc_video link=&#8221;https:\/\/www.youtube.com\/watch?v=GvXCeE-RLy8&#8243; align=&#8221;center&#8221; css=&#8221;&#8221;][vc_column_text]<\/p>\n<h4>MP3 @K2022 &#8211; Capacit\u00e0 produttiva<\/h4>\n<p>L&#8217;ottima gestione delle materie prime ci permette di garantire una capacit\u00e0 produttiva di 78.000 Tonnellate![\/vc_column_text][\/vc_column][vc_column width=&#8221;1\/3&#8243;][vc_video link=&#8221;https:\/\/www.youtube.com\/watch?v=7iy8wCqzS7A&#8221; align=&#8221;center&#8221; css=&#8221;&#8221;][vc_column_text]<\/p>\n<h4>MP3 @K2022 &#8211; Gli investimenti ed il gruppo<\/h4>\n<p>Continuiamo sempre a investire perch\u00e9 sappiamo che questa \u00e8 la chiave dell&#8217;eccellenza dei nostri prodotti. Dai un&#8217;occhiata al nuovo magazzino completamente automatizzato del Gruppo ILPA![\/vc_column_text][\/vc_column][vc_column width=&#8221;1\/3&#8243;][\/vc_column][\/vc_row]<\/p>\n<\/div>","protected":false},"excerpt":{"rendered":"<p>[vc_row full_width=&#8221;stretch_row&#8221; content_placement=&#8221;middle&#8221; css_animation=&#8221;fadeIn&#8221; css=&#8221;.vc_custom_1666198630801{padding-top: 2em !important;padding-bottom: 2em !important;background-image: url(https:\/\/www.ilpa-mp3.com\/wp-content\/uploads\/2022\/10\/mp3-drone-2022-1920&#215;730-1.jpg?id=15774) !important;background-position: center !important;background-repeat: no-repeat !important;background-size: cover !important;}&#8221;][vc_column css_animation=&#8221;left-to-right&#8221; width=&#8221;5\/12&#8243; el_class=&#8221;background-linear-gradient-mp3&#8243;][vc_column_text]Presentazioni di prodotti, attivit\u00e0 fieristiche e interviste. Vuoi saperne di pi\u00f9 su MP3 e sul suo mondo? Entra in contatto con noi.[\/vc_column_text][\/vc_column][vc_column width=&#8221;5\/12&#8243; offset=&#8221;vc_col-sm-offset-1&#8243;][vc_video link=&#8221;https:\/\/www.youtube.com\/watch?v=mxt-e4ra-SY&#8221; align=&#8221;center&#8221; css_animation=&#8221;fadeIn&#8221; css=&#8221;.vc_custom_1762945494552{padding-top: 1em !important;padding-right: 1em !important;padding-bottom: 1em !important;padding-left: 1em !important;background-color: [&hellip;]<\/p>\n","protected":false},"author":1,"featured_media":18554,"parent":18386,"menu_order":0,"comment_status":"closed","ping_status":"closed","template":"","meta":{"_acf_changed":false,"footnotes":""},"class_list":["post-15038","page","type-page","status-publish","has-post-thumbnail","hentry"],"acf":[],"yoast_head":"<!-- This site is optimized with the Yoast SEO plugin v27.4 - https:\/\/yoast.com\/product\/yoast-seo-wordpress\/ -->\n<title>Video - MP3 S.r.l.<\/title>\n<meta name=\"description\" content=\"Tocca con mano la realt\u00e0 di MP3 attraverso i nostri contenuti video. Una porta aperta sulla nostra azienda.\" \/>\n<meta name=\"robots\" content=\"index, follow, max-snippet:-1, max-image-preview:large, max-video-preview:-1\" \/>\n<link rel=\"canonical\" href=\"https:\/\/www.ilpa-mp3.com\/it\/risorse\/video\/\" \/>\n<meta property=\"og:locale\" content=\"it_IT\" \/>\n<meta property=\"og:type\" content=\"article\" \/>\n<meta property=\"og:title\" content=\"Video - MP3 S.r.l.\" \/>\n<meta property=\"og:description\" content=\"Tocca con mano la realt\u00e0 di MP3 attraverso i nostri contenuti video. Una porta aperta sulla nostra azienda.\" \/>\n<meta property=\"og:url\" content=\"https:\/\/www.ilpa-mp3.com\/it\/risorse\/video\/\" \/>\n<meta property=\"og:site_name\" content=\"MP3 S.r.l.\" \/>\n<meta property=\"article:modified_time\" content=\"2025-11-12T15:49:18+00:00\" \/>\n<meta property=\"og:image\" content=\"https:\/\/www.ilpa-mp3.com\/wp-content\/uploads\/2024\/11\/MP3_9236_2.jpg\" \/>\n\t<meta property=\"og:image:width\" content=\"1920\" \/>\n\t<meta property=\"og:image:height\" content=\"1103\" \/>\n\t<meta property=\"og:image:type\" content=\"image\/jpeg\" \/>\n<meta name=\"twitter:card\" content=\"summary_large_image\" \/>\n<meta name=\"twitter:label1\" content=\"Tempo di lettura stimato\" \/>\n\t<meta name=\"twitter:data1\" content=\"3 minuti\" \/>\n<script type=\"application\/ld+json\" class=\"yoast-schema-graph\">{\"@context\":\"https:\\\/\\\/schema.org\",\"@graph\":[{\"@type\":\"WebPage\",\"@id\":\"https:\\\/\\\/www.ilpa-mp3.com\\\/it\\\/risorse\\\/video\\\/\",\"url\":\"https:\\\/\\\/www.ilpa-mp3.com\\\/it\\\/risorse\\\/video\\\/\",\"name\":\"Video - MP3 S.r.l.\",\"isPartOf\":{\"@id\":\"https:\\\/\\\/www.ilpa-mp3.com\\\/it\\\/#website\"},\"primaryImageOfPage\":{\"@id\":\"https:\\\/\\\/www.ilpa-mp3.com\\\/it\\\/risorse\\\/video\\\/#primaryimage\"},\"image\":{\"@id\":\"https:\\\/\\\/www.ilpa-mp3.com\\\/it\\\/risorse\\\/video\\\/#primaryimage\"},\"thumbnailUrl\":\"https:\\\/\\\/www.ilpa-mp3.com\\\/wp-content\\\/uploads\\\/2024\\\/11\\\/MP3_9236_2.jpg\",\"datePublished\":\"2022-08-03T10:23:20+00:00\",\"dateModified\":\"2025-11-12T15:49:18+00:00\",\"description\":\"Tocca con mano la realt\u00e0 di MP3 attraverso i nostri contenuti video. Una porta aperta sulla nostra azienda.\",\"breadcrumb\":{\"@id\":\"https:\\\/\\\/www.ilpa-mp3.com\\\/it\\\/risorse\\\/video\\\/#breadcrumb\"},\"inLanguage\":\"it-IT\",\"potentialAction\":[{\"@type\":\"ReadAction\",\"target\":[\"https:\\\/\\\/www.ilpa-mp3.com\\\/it\\\/risorse\\\/video\\\/\"]}]},{\"@type\":\"ImageObject\",\"inLanguage\":\"it-IT\",\"@id\":\"https:\\\/\\\/www.ilpa-mp3.com\\\/it\\\/risorse\\\/video\\\/#primaryimage\",\"url\":\"https:\\\/\\\/www.ilpa-mp3.com\\\/wp-content\\\/uploads\\\/2024\\\/11\\\/MP3_9236_2.jpg\",\"contentUrl\":\"https:\\\/\\\/www.ilpa-mp3.com\\\/wp-content\\\/uploads\\\/2024\\\/11\\\/MP3_9236_2.jpg\",\"width\":1920,\"height\":1103},{\"@type\":\"BreadcrumbList\",\"@id\":\"https:\\\/\\\/www.ilpa-mp3.com\\\/it\\\/risorse\\\/video\\\/#breadcrumb\",\"itemListElement\":[{\"@type\":\"ListItem\",\"position\":1,\"name\":\"Home\",\"item\":\"https:\\\/\\\/www.ilpa-mp3.com\\\/it\\\/\"},{\"@type\":\"ListItem\",\"position\":2,\"name\":\"Risorse\",\"item\":\"https:\\\/\\\/www.ilpa-mp3.com\\\/it\\\/risorse\\\/\"},{\"@type\":\"ListItem\",\"position\":3,\"name\":\"Video\"}]},{\"@type\":\"WebSite\",\"@id\":\"https:\\\/\\\/www.ilpa-mp3.com\\\/it\\\/#website\",\"url\":\"https:\\\/\\\/www.ilpa-mp3.com\\\/it\\\/\",\"name\":\"MP3 S.r.l.\",\"description\":\"Running for Excellence\",\"publisher\":{\"@id\":\"https:\\\/\\\/www.ilpa-mp3.com\\\/it\\\/#organization\"},\"potentialAction\":[{\"@type\":\"SearchAction\",\"target\":{\"@type\":\"EntryPoint\",\"urlTemplate\":\"https:\\\/\\\/www.ilpa-mp3.com\\\/it\\\/?s={search_term_string}\"},\"query-input\":{\"@type\":\"PropertyValueSpecification\",\"valueRequired\":true,\"valueName\":\"search_term_string\"}}],\"inLanguage\":\"it-IT\"},{\"@type\":\"Organization\",\"@id\":\"https:\\\/\\\/www.ilpa-mp3.com\\\/it\\\/#organization\",\"name\":\"Ilpa MP3 S.r.l.\",\"url\":\"https:\\\/\\\/www.ilpa-mp3.com\\\/it\\\/\",\"logo\":{\"@type\":\"ImageObject\",\"inLanguage\":\"it-IT\",\"@id\":\"https:\\\/\\\/www.ilpa-mp3.com\\\/it\\\/#\\\/schema\\\/logo\\\/image\\\/\",\"url\":\"https:\\\/\\\/www.ilpa-mp3.com\\\/wp-content\\\/uploads\\\/2020\\\/08\\\/logo.gif\",\"contentUrl\":\"https:\\\/\\\/www.ilpa-mp3.com\\\/wp-content\\\/uploads\\\/2020\\\/08\\\/logo.gif\",\"width\":146,\"height\":93,\"caption\":\"Ilpa MP3 S.r.l.\"},\"image\":{\"@id\":\"https:\\\/\\\/www.ilpa-mp3.com\\\/it\\\/#\\\/schema\\\/logo\\\/image\\\/\"},\"sameAs\":[\"https:\\\/\\\/www.linkedin.com\\\/company\\\/mp3-s.r.l.\\\/\"]}]}<\/script>\n<!-- \/ Yoast SEO plugin. -->","yoast_head_json":{"title":"Video - MP3 S.r.l.","description":"Tocca con mano la realt\u00e0 di MP3 attraverso i nostri contenuti video. Una porta aperta sulla nostra azienda.","robots":{"index":"index","follow":"follow","max-snippet":"max-snippet:-1","max-image-preview":"max-image-preview:large","max-video-preview":"max-video-preview:-1"},"canonical":"https:\/\/www.ilpa-mp3.com\/it\/risorse\/video\/","og_locale":"it_IT","og_type":"article","og_title":"Video - MP3 S.r.l.","og_description":"Tocca con mano la realt\u00e0 di MP3 attraverso i nostri contenuti video. Una porta aperta sulla nostra azienda.","og_url":"https:\/\/www.ilpa-mp3.com\/it\/risorse\/video\/","og_site_name":"MP3 S.r.l.","article_modified_time":"2025-11-12T15:49:18+00:00","og_image":[{"width":1920,"height":1103,"url":"https:\/\/www.ilpa-mp3.com\/wp-content\/uploads\/2024\/11\/MP3_9236_2.jpg","type":"image\/jpeg"}],"twitter_card":"summary_large_image","twitter_misc":{"Tempo di lettura stimato":"3 minuti"},"schema":{"@context":"https:\/\/schema.org","@graph":[{"@type":"WebPage","@id":"https:\/\/www.ilpa-mp3.com\/it\/risorse\/video\/","url":"https:\/\/www.ilpa-mp3.com\/it\/risorse\/video\/","name":"Video - MP3 S.r.l.","isPartOf":{"@id":"https:\/\/www.ilpa-mp3.com\/it\/#website"},"primaryImageOfPage":{"@id":"https:\/\/www.ilpa-mp3.com\/it\/risorse\/video\/#primaryimage"},"image":{"@id":"https:\/\/www.ilpa-mp3.com\/it\/risorse\/video\/#primaryimage"},"thumbnailUrl":"https:\/\/www.ilpa-mp3.com\/wp-content\/uploads\/2024\/11\/MP3_9236_2.jpg","datePublished":"2022-08-03T10:23:20+00:00","dateModified":"2025-11-12T15:49:18+00:00","description":"Tocca con mano la realt\u00e0 di MP3 attraverso i nostri contenuti video. Una porta aperta sulla nostra azienda.","breadcrumb":{"@id":"https:\/\/www.ilpa-mp3.com\/it\/risorse\/video\/#breadcrumb"},"inLanguage":"it-IT","potentialAction":[{"@type":"ReadAction","target":["https:\/\/www.ilpa-mp3.com\/it\/risorse\/video\/"]}]},{"@type":"ImageObject","inLanguage":"it-IT","@id":"https:\/\/www.ilpa-mp3.com\/it\/risorse\/video\/#primaryimage","url":"https:\/\/www.ilpa-mp3.com\/wp-content\/uploads\/2024\/11\/MP3_9236_2.jpg","contentUrl":"https:\/\/www.ilpa-mp3.com\/wp-content\/uploads\/2024\/11\/MP3_9236_2.jpg","width":1920,"height":1103},{"@type":"BreadcrumbList","@id":"https:\/\/www.ilpa-mp3.com\/it\/risorse\/video\/#breadcrumb","itemListElement":[{"@type":"ListItem","position":1,"name":"Home","item":"https:\/\/www.ilpa-mp3.com\/it\/"},{"@type":"ListItem","position":2,"name":"Risorse","item":"https:\/\/www.ilpa-mp3.com\/it\/risorse\/"},{"@type":"ListItem","position":3,"name":"Video"}]},{"@type":"WebSite","@id":"https:\/\/www.ilpa-mp3.com\/it\/#website","url":"https:\/\/www.ilpa-mp3.com\/it\/","name":"MP3 S.r.l.","description":"Running for Excellence","publisher":{"@id":"https:\/\/www.ilpa-mp3.com\/it\/#organization"},"potentialAction":[{"@type":"SearchAction","target":{"@type":"EntryPoint","urlTemplate":"https:\/\/www.ilpa-mp3.com\/it\/?s={search_term_string}"},"query-input":{"@type":"PropertyValueSpecification","valueRequired":true,"valueName":"search_term_string"}}],"inLanguage":"it-IT"},{"@type":"Organization","@id":"https:\/\/www.ilpa-mp3.com\/it\/#organization","name":"Ilpa MP3 S.r.l.","url":"https:\/\/www.ilpa-mp3.com\/it\/","logo":{"@type":"ImageObject","inLanguage":"it-IT","@id":"https:\/\/www.ilpa-mp3.com\/it\/#\/schema\/logo\/image\/","url":"https:\/\/www.ilpa-mp3.com\/wp-content\/uploads\/2020\/08\/logo.gif","contentUrl":"https:\/\/www.ilpa-mp3.com\/wp-content\/uploads\/2020\/08\/logo.gif","width":146,"height":93,"caption":"Ilpa MP3 S.r.l."},"image":{"@id":"https:\/\/www.ilpa-mp3.com\/it\/#\/schema\/logo\/image\/"},"sameAs":["https:\/\/www.linkedin.com\/company\/mp3-s.r.l.\/"]}]}},"_links":{"self":[{"href":"https:\/\/www.ilpa-mp3.com\/it\/wp-json\/wp\/v2\/pages\/15038","targetHints":{"allow":["GET"]}}],"collection":[{"href":"https:\/\/www.ilpa-mp3.com\/it\/wp-json\/wp\/v2\/pages"}],"about":[{"href":"https:\/\/www.ilpa-mp3.com\/it\/wp-json\/wp\/v2\/types\/page"}],"author":[{"embeddable":true,"href":"https:\/\/www.ilpa-mp3.com\/it\/wp-json\/wp\/v2\/users\/1"}],"replies":[{"embeddable":true,"href":"https:\/\/www.ilpa-mp3.com\/it\/wp-json\/wp\/v2\/comments?post=15038"}],"version-history":[{"count":87,"href":"https:\/\/www.ilpa-mp3.com\/it\/wp-json\/wp\/v2\/pages\/15038\/revisions"}],"predecessor-version":[{"id":19906,"href":"https:\/\/www.ilpa-mp3.com\/it\/wp-json\/wp\/v2\/pages\/15038\/revisions\/19906"}],"up":[{"embeddable":true,"href":"https:\/\/www.ilpa-mp3.com\/it\/wp-json\/wp\/v2\/pages\/18386"}],"wp:featuredmedia":[{"embeddable":true,"href":"https:\/\/www.ilpa-mp3.com\/it\/wp-json\/wp\/v2\/media\/18554"}],"wp:attachment":[{"href":"https:\/\/www.ilpa-mp3.com\/it\/wp-json\/wp\/v2\/media?parent=15038"}],"curies":[{"name":"wp","href":"https:\/\/api.w.org\/{rel}","templated":true}]}}