{"id":15308,"date":"2022-09-13T18:04:26","date_gmt":"2022-09-13T16:04:26","guid":{"rendered":"https:\/\/web.ilpa-mp3.com\/?page_id=15308"},"modified":"2026-03-11T15:58:51","modified_gmt":"2026-03-11T14:58:51","slug":"storia","status":"publish","type":"page","link":"https:\/\/www.ilpa-mp3.com\/it\/azienda\/storia\/","title":{"rendered":"La nostra Storia"},"content":{"rendered":"<div class=\"wpb-content-wrapper\"><p>[vc_row full_width=&#8221;stretch_row&#8221; equal_height=&#8221;yes&#8221; content_placement=&#8221;middle&#8221; parallax=&#8221;content-moving&#8221; parallax_image=&#8221;381&#8243; css_animation=&#8221;fadeIn&#8221; css=&#8221;.vc_custom_1662046976053{background-color: #f5f5f5 !important;}&#8221; el_class=&#8221;py-md-5 py-0&#8243;][vc_column css_animation=&#8221;appear&#8221; offset=&#8221;vc_col-lg-offset-0 vc_col-lg-4 vc_col-sm-offset-0&#8243;]<div class=\"timeline px-5 mx-3 py-3\">\n\t\t\t\t<div class=\"item-wrapper animate_when_almost_visible\">\n\t\t\t\t\t<div class=\"row align-items-center\">\n\t\t\t\t\t\t<div class=\"col-12\"><div class=\"timeline-item-upper p-3 my-3\"><h3>1978<\/h3>Nasce MP3<\/div><\/div>\n\t\t\t\t\t\t<div class=\"col-lg-5\"><\/div>\n\t\t\t\t\t\t<div class=\"col-lg-2\">\n\t\t\t\t\t\t\t<figure class=\"aspect-image position-relative timeline-icon\" style=\"background-image:url('https:\/\/www.ilpa-mp3.com\/wp-content\/themes\/ilpa-mp3\/img\/placeholder.jpg'); aspect-ratio:1 \/ 1; \">\n\t\t\t\t\t\t\t\t<img decoding=\"async\" src=\"https:\/\/www.ilpa-mp3.com\/wp-content\/themes\/ilpa-mp3\/img\/placeholder.jpg\" alt=\"1978\" \/>\n\t\t\t\t\t\t\t<\/figure>\n\t\t\t\t\t\t<\/div>\n\t\t\t\t\t\t<div class=\"col-lg-5\"><\/div>\n\t\t\t\t\t\t\n\t\t\t\t\t<\/div>\n\t\t\t\t<\/div><div class=\"item-wrapper animate_when_almost_visible\">\n\t\t\t\t\t<div class=\"row align-items-center\">\n\t\t\t\t\t\t\n\t\t\t\t\t\t<div class=\"col-lg-5\"><\/div>\n\t\t\t\t\t\t<div class=\"col-lg-2\">\n\t\t\t\t\t\t\t<figure class=\"aspect-image position-relative timeline-icon\" style=\"background-image:url('https:\/\/www.ilpa-mp3.com\/wp-content\/themes\/ilpa-mp3\/img\/placeholder.jpg'); aspect-ratio:1 \/ 1; \">\n\t\t\t\t\t\t\t\t<img decoding=\"async\" src=\"https:\/\/www.ilpa-mp3.com\/wp-content\/themes\/ilpa-mp3\/img\/placeholder.jpg\" alt=\"1991\" \/>\n\t\t\t\t\t\t\t<\/figure>\n\t\t\t\t\t\t<\/div>\n\t\t\t\t\t\t<div class=\"col-lg-5\"><div class=\"timeline-item-right py-3\"><h3>1991<\/h3>Entra nel Gruppo I.L.P.A.<\/div><\/div>\n\t\t\t\t\t\t\n\t\t\t\t\t<\/div>\n\t\t\t\t<\/div><div class=\"item-wrapper animate_when_almost_visible\">\n\t\t\t\t\t<div class=\"row align-items-center\">\n\t\t\t\t\t\t\n\t\t\t\t\t\t<div class=\"col-lg-5\"><\/div>\n\t\t\t\t\t\t<div class=\"col-lg-2\">\n\t\t\t\t\t\t\t<figure class=\"aspect-image position-relative timeline-icon\" style=\"background-image:url('https:\/\/www.ilpa-mp3.com\/wp-content\/themes\/ilpa-mp3\/img\/placeholder.jpg'); aspect-ratio:1 \/ 1; \">\n\t\t\t\t\t\t\t\t<img decoding=\"async\" src=\"https:\/\/www.ilpa-mp3.com\/wp-content\/themes\/ilpa-mp3\/img\/placeholder.jpg\" alt=\"1998\" \/>\n\t\t\t\t\t\t\t<\/figure>\n\t\t\t\t\t\t<\/div>\n\t\t\t\t\t\t<div class=\"col-lg-5\"><\/div>\n\t\t\t\t\t\t<div class=\"col-12\"><div class=\"timeline-item-lower p-3 my-3\"><h3>1998<\/h3>Inaugurazione dello stabilimento di Valsamoggia<\/div><\/div>\n\t\t\t\t\t<\/div>\n\t\t\t\t<\/div><div class=\"item-wrapper animate_when_almost_visible\">\n\t\t\t\t\t<div class=\"row align-items-center\">\n\t\t\t\t\t\t\n\t\t\t\t\t\t<div class=\"col-lg-5\"><div class=\"timeline-item-left py-3\"><h3>2000<\/h3>ISO 9001 e BRC<\/div><\/div>\n\t\t\t\t\t\t<div class=\"col-lg-2\">\n\t\t\t\t\t\t\t<figure class=\"aspect-image position-relative timeline-icon\" style=\"background-image:url('https:\/\/www.ilpa-mp3.com\/wp-content\/themes\/ilpa-mp3\/img\/placeholder.jpg'); aspect-ratio:1 \/ 1; \">\n\t\t\t\t\t\t\t\t<img decoding=\"async\" src=\"https:\/\/www.ilpa-mp3.com\/wp-content\/themes\/ilpa-mp3\/img\/placeholder.jpg\" alt=\"2000\" \/>\n\t\t\t\t\t\t\t<\/figure>\n\t\t\t\t\t\t<\/div>\n\t\t\t\t\t\t<div class=\"col-lg-5\"><\/div>\n\t\t\t\t\t\t\n\t\t\t\t\t<\/div>\n\t\t\t\t<\/div><div class=\"item-wrapper animate_when_almost_visible\">\n\t\t\t\t\t<div class=\"row align-items-center\">\n\t\t\t\t\t\t\n\t\t\t\t\t\t<div class=\"col-lg-5\"><\/div>\n\t\t\t\t\t\t<div class=\"col-lg-2\">\n\t\t\t\t\t\t\t<figure class=\"aspect-image position-relative timeline-icon\" style=\"background-image:url('https:\/\/www.ilpa-mp3.com\/wp-content\/themes\/ilpa-mp3\/img\/placeholder.jpg'); aspect-ratio:1 \/ 1; \">\n\t\t\t\t\t\t\t\t<img decoding=\"async\" src=\"https:\/\/www.ilpa-mp3.com\/wp-content\/themes\/ilpa-mp3\/img\/placeholder.jpg\" alt=\"2012\" \/>\n\t\t\t\t\t\t\t<\/figure>\n\t\t\t\t\t\t<\/div>\n\t\t\t\t\t\t<div class=\"col-lg-5\"><div class=\"timeline-item-right py-3\"><h3>2012<\/h3>A.M.P. Recycling entra nel gruppo<\/div><\/div>\n\t\t\t\t\t\t\n\t\t\t\t\t<\/div>\n\t\t\t\t<\/div><div class=\"item-wrapper animate_when_almost_visible\">\n\t\t\t\t\t<div class=\"row align-items-center\">\n\t\t\t\t\t\t\n\t\t\t\t\t\t<div class=\"col-lg-5\"><div class=\"timeline-item-left py-3\"><h3>2018<\/h3>SAP ERP<\/div><\/div>\n\t\t\t\t\t\t<div class=\"col-lg-2\">\n\t\t\t\t\t\t\t<figure class=\"aspect-image position-relative timeline-icon\" style=\"background-image:url('https:\/\/www.ilpa-mp3.com\/wp-content\/themes\/ilpa-mp3\/img\/placeholder.jpg'); aspect-ratio:1 \/ 1; \">\n\t\t\t\t\t\t\t\t<img decoding=\"async\" src=\"https:\/\/www.ilpa-mp3.com\/wp-content\/themes\/ilpa-mp3\/img\/placeholder.jpg\" alt=\"2018\" \/>\n\t\t\t\t\t\t\t<\/figure>\n\t\t\t\t\t\t<\/div>\n\t\t\t\t\t\t<div class=\"col-lg-5\"><\/div>\n\t\t\t\t\t\t\n\t\t\t\t\t<\/div>\n\t\t\t\t<\/div><div class=\"item-wrapper animate_when_almost_visible\">\n\t\t\t\t\t<div class=\"row align-items-center\">\n\t\t\t\t\t\t\n\t\t\t\t\t\t<div class=\"col-lg-5\"><\/div>\n\t\t\t\t\t\t<div class=\"col-lg-2\">\n\t\t\t\t\t\t\t<figure class=\"aspect-image position-relative timeline-icon\" style=\"background-image:url('https:\/\/www.ilpa-mp3.com\/wp-content\/themes\/ilpa-mp3\/img\/placeholder.jpg'); aspect-ratio:1 \/ 1; \">\n\t\t\t\t\t\t\t\t<img decoding=\"async\" src=\"https:\/\/www.ilpa-mp3.com\/wp-content\/themes\/ilpa-mp3\/img\/placeholder.jpg\" alt=\"2019\" \/>\n\t\t\t\t\t\t\t<\/figure>\n\t\t\t\t\t\t<\/div>\n\t\t\t\t\t\t<div class=\"col-lg-5\"><div class=\"timeline-item-right py-3\"><h3>2019<\/h3>MP3 USA<\/div><\/div>\n\t\t\t\t\t\t\n\t\t\t\t\t<\/div>\n\t\t\t\t<\/div><div class=\"item-wrapper animate_when_almost_visible\">\n\t\t\t\t\t<div class=\"row align-items-center\">\n\t\t\t\t\t\t\n\t\t\t\t\t\t<div class=\"col-lg-5\"><\/div>\n\t\t\t\t\t\t<div class=\"col-lg-2\">\n\t\t\t\t\t\t\t<figure class=\"aspect-image position-relative timeline-icon\" style=\"background-image:url('https:\/\/www.ilpa-mp3.com\/wp-content\/themes\/ilpa-mp3\/img\/placeholder.jpg'); aspect-ratio:1 \/ 1; \">\n\t\t\t\t\t\t\t\t<img decoding=\"async\" src=\"https:\/\/www.ilpa-mp3.com\/wp-content\/themes\/ilpa-mp3\/img\/placeholder.jpg\" alt=\"Futuro\" \/>\n\t\t\t\t\t\t\t<\/figure>\n\t\t\t\t\t\t<\/div>\n\t\t\t\t\t\t<div class=\"col-lg-5\"><\/div>\n\t\t\t\t\t\t<div class=\"col-12\"><div class=\"timeline-item-lower p-3 my-3\"><h3>Futuro<\/h3>Running for excellence<\/div><\/div>\n\t\t\t\t\t<\/div>\n\t\t\t\t<\/div><\/div>[\/vc_column][vc_column width=&#8221;5\/6&#8243; offset=&#8221;vc_col-lg-offset-0 vc_col-lg-8 vc_col-sm-offset-1 vc_col-xs-offset-1 vc_col-xs-10&#8243;]<h1 class=\"deco-title sinistra sub-dark\"><span class=\"deco-eylet\">L'azienda<\/span><span>La storia di <mark>MP3<\/mark><\/span><\/h1>[vc_column_text css=&#8221;&#8221; el_class=&#8221;text-column-2&#8243;]MP3 nasce in <strong>Emilia<\/strong> nel 1978 e dalla sua fondazione ad oggi si \u00e8 specializzata nella fornitura di prodotti semi-lavorati nell <strong>materie plastiche tradizionali<\/strong> (PS, PP e PET) a cui si aggiungono i <strong>prodotti in lastra<\/strong> (ABS, ABS\/PMMA, PMMA e PS), cambiando pi\u00f9 volte sede per adeguarsi all\u2019espansione della sua produttivit\u00e0.<\/p>\n<p><strong>Nel 1991<\/strong> il Gruppo I.L.P.A. srl, oggi leader nel settore plastico, ne fa una delle sue due divisioni assieme a ILIP srl, azienda specializzata nella produzione di prodotti finiti utilizzati principalmente nell\u2019ambito del food. Diventer\u00e0 poi MP3 srl nel 2016.<\/p>\n<p>Inaugura l\u2019attuale stabilimento di <strong>Valsamoggia nel 1998<\/strong>, raggiungendo quindi un\u2019area di 80.000 mq ed ha una superficie coperta di 45.000 mq. La capacit\u00e0 produttiva, risultato dei pi\u00f9 moderni impianti del settore, \u00e8 oggi di 78.000 Ton\/anno, il cui 72% \u00e8 destinato all\u2019esportazione.<\/p>\n<p>Negli <strong>anni 2000<\/strong> l\u2019azienda affina la qualit\u00e0 dei suoi prodotti ottenendo certificazioni importanti a livello nazionale ed internazionale come <strong>ISO 9001 e BRC<\/strong>, rinnovate di anno in anno con risultati sempre migliori.<\/p>\n<p><strong>Nel 2012<\/strong> I.L.P.A. acquisisce il controllo di AMP Recycling, azienda che vanta una lunga tradizione nel campo della lavorazione delle materie plastiche.<\/p>\n<p>Questo permette al Gruppo di integrare le attivit\u00e0 di termoformatura ed estrusione con un notevole impianto di riciclaggio delle materie plastiche dedicato al recupero del PET proveniente dalla raccolta differenziata dei rifiuti, andando a garantire una perfetta Economia Circolare.<\/p>\n<p>L\u2019anno seguente MP3 inizia la collaborazione con <strong>un\u2019azienda leader nel settore mobili<\/strong>, che alza l\u2019asticella della qualit\u00e0 estetica dei prodotti in lastra. Gli ottimi risultati estetici dei nostri prodotti porteranno ad una sempre pi\u00f9 intensa collaborazione.<\/p>\n<p>Dalla seconda met\u00e0 degli anni \u201810 del 2000 si d\u00e0 il via ad un processo di <strong>digitalizzazione<\/strong> e ammodernamento dei sistemi gestionali in tutto il Gruppo con la predisposizione di <strong>SAP ERP<\/strong> su tutti i dispositivi MP3 <strong>nel 2018<\/strong>. L\u2019efficienza del programma unita agli sforzi di tutto il personale rende oggi MP3 un\u2019azienda all\u2019avanguardia sotto tutti gli aspetti.<\/p>\n<p>Sull\u2019onda della crescente espansione della rete clienti,\u00a0<strong>nel 2019<\/strong>\u00a0nasce la divisione\u00a0<strong>MP3 USA Inc.\u00a0<\/strong>su suolo nord americano. Progetto volto a fornire direttamente oltre oceano i\u00a0<strong>settori sanitario, veicoli tempo libero e agricultura<\/strong>, con prodotti di altissima qualit\u00e0 tecnica ed estetica.<\/p>\n<p>Permane sempre il processo di \u201cmiglioramento continuo\u201d che investe l\u2019azienda a 360\u00b0, per raggiungere sempre una maggiore <strong>eccellenza<\/strong> su tutti i livelli.[\/vc_column_text][\/vc_column][\/vc_row]<\/p>\n<\/div>","protected":false},"excerpt":{"rendered":"<p>[vc_row full_width=&#8221;stretch_row&#8221; equal_height=&#8221;yes&#8221; content_placement=&#8221;middle&#8221; parallax=&#8221;content-moving&#8221; parallax_image=&#8221;381&#8243; css_animation=&#8221;fadeIn&#8221; css=&#8221;.vc_custom_1662046976053{background-color: #f5f5f5 !important;}&#8221; el_class=&#8221;py-md-5 py-0&#8243;][vc_column css_animation=&#8221;appear&#8221; offset=&#8221;vc_col-lg-offset-0 vc_col-lg-4 vc_col-sm-offset-0&#8243;][\/vc_column][vc_column width=&#8221;5\/6&#8243; offset=&#8221;vc_col-lg-offset-0 vc_col-lg-8 vc_col-sm-offset-1 vc_col-xs-offset-1 vc_col-xs-10&#8243;][vc_column_text css=&#8221;&#8221; el_class=&#8221;text-column-2&#8243;]MP3 nasce in Emilia nel 1978 e dalla sua fondazione ad oggi si \u00e8 specializzata nella fornitura di prodotti semi-lavorati nell materie plastiche tradizionali (PS, PP e PET) a cui si aggiungono [&hellip;]<\/p>\n","protected":false},"author":1,"featured_media":16854,"parent":8,"menu_order":1,"comment_status":"closed","ping_status":"closed","template":"","meta":{"_acf_changed":false,"footnotes":""},"class_list":["post-15308","page","type-page","status-publish","has-post-thumbnail","hentry"],"acf":[],"yoast_head":"<!-- This site is optimized with the Yoast SEO plugin v27.3 - https:\/\/yoast.com\/product\/yoast-seo-wordpress\/ -->\n<title>La nostra Storia - MP3 S.r.l.<\/title>\n<meta name=\"description\" content=\"La storia di MP3 ha inizio nel 1978 e prosegue specializzandosi sempre pi\u00f9 nella fornitura di semi-lavorati plastici per termoformatura.\" \/>\n<meta name=\"robots\" content=\"index, follow, max-snippet:-1, max-image-preview:large, max-video-preview:-1\" \/>\n<link rel=\"canonical\" href=\"https:\/\/www.ilpa-mp3.com\/it\/azienda\/storia\/\" \/>\n<meta property=\"og:locale\" content=\"it_IT\" \/>\n<meta property=\"og:type\" content=\"article\" \/>\n<meta property=\"og:title\" content=\"La nostra Storia - MP3 S.r.l.\" \/>\n<meta property=\"og:description\" content=\"La storia di MP3 ha inizio nel 1978 e prosegue specializzandosi sempre pi\u00f9 nella fornitura di semi-lavorati plastici per termoformatura.\" \/>\n<meta property=\"og:url\" content=\"https:\/\/www.ilpa-mp3.com\/it\/azienda\/storia\/\" \/>\n<meta property=\"og:site_name\" content=\"MP3 S.r.l.\" \/>\n<meta property=\"article:modified_time\" content=\"2026-03-11T14:58:51+00:00\" \/>\n<meta property=\"og:image\" content=\"https:\/\/www.ilpa-mp3.com\/wp-content\/uploads\/2023\/12\/storia-450.jpg\" \/>\n\t<meta property=\"og:image:width\" content=\"450\" \/>\n\t<meta property=\"og:image:height\" content=\"450\" \/>\n\t<meta property=\"og:image:type\" content=\"image\/jpeg\" \/>\n<meta name=\"twitter:card\" content=\"summary_large_image\" \/>\n<meta name=\"twitter:label1\" content=\"Tempo di lettura stimato\" \/>\n\t<meta name=\"twitter:data1\" content=\"3 minuti\" \/>\n<script type=\"application\/ld+json\" class=\"yoast-schema-graph\">{\"@context\":\"https:\\\/\\\/schema.org\",\"@graph\":[{\"@type\":\"WebPage\",\"@id\":\"https:\\\/\\\/www.ilpa-mp3.com\\\/it\\\/azienda\\\/storia\\\/\",\"url\":\"https:\\\/\\\/www.ilpa-mp3.com\\\/it\\\/azienda\\\/storia\\\/\",\"name\":\"La nostra Storia - MP3 S.r.l.\",\"isPartOf\":{\"@id\":\"https:\\\/\\\/www.ilpa-mp3.com\\\/it\\\/#website\"},\"primaryImageOfPage\":{\"@id\":\"https:\\\/\\\/www.ilpa-mp3.com\\\/it\\\/azienda\\\/storia\\\/#primaryimage\"},\"image\":{\"@id\":\"https:\\\/\\\/www.ilpa-mp3.com\\\/it\\\/azienda\\\/storia\\\/#primaryimage\"},\"thumbnailUrl\":\"https:\\\/\\\/www.ilpa-mp3.com\\\/wp-content\\\/uploads\\\/2023\\\/12\\\/storia-450.jpg\",\"datePublished\":\"2022-09-13T16:04:26+00:00\",\"dateModified\":\"2026-03-11T14:58:51+00:00\",\"description\":\"La storia di MP3 ha inizio nel 1978 e prosegue specializzandosi sempre pi\u00f9 nella fornitura di semi-lavorati plastici per termoformatura.\",\"breadcrumb\":{\"@id\":\"https:\\\/\\\/www.ilpa-mp3.com\\\/it\\\/azienda\\\/storia\\\/#breadcrumb\"},\"inLanguage\":\"it-IT\",\"potentialAction\":[{\"@type\":\"ReadAction\",\"target\":[\"https:\\\/\\\/www.ilpa-mp3.com\\\/it\\\/azienda\\\/storia\\\/\"]}]},{\"@type\":\"ImageObject\",\"inLanguage\":\"it-IT\",\"@id\":\"https:\\\/\\\/www.ilpa-mp3.com\\\/it\\\/azienda\\\/storia\\\/#primaryimage\",\"url\":\"https:\\\/\\\/www.ilpa-mp3.com\\\/wp-content\\\/uploads\\\/2023\\\/12\\\/storia-450.jpg\",\"contentUrl\":\"https:\\\/\\\/www.ilpa-mp3.com\\\/wp-content\\\/uploads\\\/2023\\\/12\\\/storia-450.jpg\",\"width\":450,\"height\":450},{\"@type\":\"BreadcrumbList\",\"@id\":\"https:\\\/\\\/www.ilpa-mp3.com\\\/it\\\/azienda\\\/storia\\\/#breadcrumb\",\"itemListElement\":[{\"@type\":\"ListItem\",\"position\":1,\"name\":\"Home\",\"item\":\"https:\\\/\\\/www.ilpa-mp3.com\\\/it\\\/\"},{\"@type\":\"ListItem\",\"position\":2,\"name\":\"Azienda\",\"item\":\"https:\\\/\\\/www.ilpa-mp3.com\\\/it\\\/azienda\\\/\"},{\"@type\":\"ListItem\",\"position\":3,\"name\":\"La nostra Storia\"}]},{\"@type\":\"WebSite\",\"@id\":\"https:\\\/\\\/www.ilpa-mp3.com\\\/it\\\/#website\",\"url\":\"https:\\\/\\\/www.ilpa-mp3.com\\\/it\\\/\",\"name\":\"MP3 S.r.l.\",\"description\":\"Running for Excellence\",\"publisher\":{\"@id\":\"https:\\\/\\\/www.ilpa-mp3.com\\\/it\\\/#organization\"},\"potentialAction\":[{\"@type\":\"SearchAction\",\"target\":{\"@type\":\"EntryPoint\",\"urlTemplate\":\"https:\\\/\\\/www.ilpa-mp3.com\\\/it\\\/?s={search_term_string}\"},\"query-input\":{\"@type\":\"PropertyValueSpecification\",\"valueRequired\":true,\"valueName\":\"search_term_string\"}}],\"inLanguage\":\"it-IT\"},{\"@type\":\"Organization\",\"@id\":\"https:\\\/\\\/www.ilpa-mp3.com\\\/it\\\/#organization\",\"name\":\"Ilpa MP3 S.r.l.\",\"url\":\"https:\\\/\\\/www.ilpa-mp3.com\\\/it\\\/\",\"logo\":{\"@type\":\"ImageObject\",\"inLanguage\":\"it-IT\",\"@id\":\"https:\\\/\\\/www.ilpa-mp3.com\\\/it\\\/#\\\/schema\\\/logo\\\/image\\\/\",\"url\":\"https:\\\/\\\/www.ilpa-mp3.com\\\/wp-content\\\/uploads\\\/2020\\\/08\\\/logo.gif\",\"contentUrl\":\"https:\\\/\\\/www.ilpa-mp3.com\\\/wp-content\\\/uploads\\\/2020\\\/08\\\/logo.gif\",\"width\":146,\"height\":93,\"caption\":\"Ilpa MP3 S.r.l.\"},\"image\":{\"@id\":\"https:\\\/\\\/www.ilpa-mp3.com\\\/it\\\/#\\\/schema\\\/logo\\\/image\\\/\"},\"sameAs\":[\"https:\\\/\\\/www.linkedin.com\\\/company\\\/mp3-s.r.l.\\\/\"]}]}<\/script>\n<!-- \/ Yoast SEO plugin. -->","yoast_head_json":{"title":"La nostra Storia - MP3 S.r.l.","description":"La storia di MP3 ha inizio nel 1978 e prosegue specializzandosi sempre pi\u00f9 nella fornitura di semi-lavorati plastici per termoformatura.","robots":{"index":"index","follow":"follow","max-snippet":"max-snippet:-1","max-image-preview":"max-image-preview:large","max-video-preview":"max-video-preview:-1"},"canonical":"https:\/\/www.ilpa-mp3.com\/it\/azienda\/storia\/","og_locale":"it_IT","og_type":"article","og_title":"La nostra Storia - MP3 S.r.l.","og_description":"La storia di MP3 ha inizio nel 1978 e prosegue specializzandosi sempre pi\u00f9 nella fornitura di semi-lavorati plastici per termoformatura.","og_url":"https:\/\/www.ilpa-mp3.com\/it\/azienda\/storia\/","og_site_name":"MP3 S.r.l.","article_modified_time":"2026-03-11T14:58:51+00:00","og_image":[{"width":450,"height":450,"url":"https:\/\/www.ilpa-mp3.com\/wp-content\/uploads\/2023\/12\/storia-450.jpg","type":"image\/jpeg"}],"twitter_card":"summary_large_image","twitter_misc":{"Tempo di lettura stimato":"3 minuti"},"schema":{"@context":"https:\/\/schema.org","@graph":[{"@type":"WebPage","@id":"https:\/\/www.ilpa-mp3.com\/it\/azienda\/storia\/","url":"https:\/\/www.ilpa-mp3.com\/it\/azienda\/storia\/","name":"La nostra Storia - MP3 S.r.l.","isPartOf":{"@id":"https:\/\/www.ilpa-mp3.com\/it\/#website"},"primaryImageOfPage":{"@id":"https:\/\/www.ilpa-mp3.com\/it\/azienda\/storia\/#primaryimage"},"image":{"@id":"https:\/\/www.ilpa-mp3.com\/it\/azienda\/storia\/#primaryimage"},"thumbnailUrl":"https:\/\/www.ilpa-mp3.com\/wp-content\/uploads\/2023\/12\/storia-450.jpg","datePublished":"2022-09-13T16:04:26+00:00","dateModified":"2026-03-11T14:58:51+00:00","description":"La storia di MP3 ha inizio nel 1978 e prosegue specializzandosi sempre pi\u00f9 nella fornitura di semi-lavorati plastici per termoformatura.","breadcrumb":{"@id":"https:\/\/www.ilpa-mp3.com\/it\/azienda\/storia\/#breadcrumb"},"inLanguage":"it-IT","potentialAction":[{"@type":"ReadAction","target":["https:\/\/www.ilpa-mp3.com\/it\/azienda\/storia\/"]}]},{"@type":"ImageObject","inLanguage":"it-IT","@id":"https:\/\/www.ilpa-mp3.com\/it\/azienda\/storia\/#primaryimage","url":"https:\/\/www.ilpa-mp3.com\/wp-content\/uploads\/2023\/12\/storia-450.jpg","contentUrl":"https:\/\/www.ilpa-mp3.com\/wp-content\/uploads\/2023\/12\/storia-450.jpg","width":450,"height":450},{"@type":"BreadcrumbList","@id":"https:\/\/www.ilpa-mp3.com\/it\/azienda\/storia\/#breadcrumb","itemListElement":[{"@type":"ListItem","position":1,"name":"Home","item":"https:\/\/www.ilpa-mp3.com\/it\/"},{"@type":"ListItem","position":2,"name":"Azienda","item":"https:\/\/www.ilpa-mp3.com\/it\/azienda\/"},{"@type":"ListItem","position":3,"name":"La nostra Storia"}]},{"@type":"WebSite","@id":"https:\/\/www.ilpa-mp3.com\/it\/#website","url":"https:\/\/www.ilpa-mp3.com\/it\/","name":"MP3 S.r.l.","description":"Running for Excellence","publisher":{"@id":"https:\/\/www.ilpa-mp3.com\/it\/#organization"},"potentialAction":[{"@type":"SearchAction","target":{"@type":"EntryPoint","urlTemplate":"https:\/\/www.ilpa-mp3.com\/it\/?s={search_term_string}"},"query-input":{"@type":"PropertyValueSpecification","valueRequired":true,"valueName":"search_term_string"}}],"inLanguage":"it-IT"},{"@type":"Organization","@id":"https:\/\/www.ilpa-mp3.com\/it\/#organization","name":"Ilpa MP3 S.r.l.","url":"https:\/\/www.ilpa-mp3.com\/it\/","logo":{"@type":"ImageObject","inLanguage":"it-IT","@id":"https:\/\/www.ilpa-mp3.com\/it\/#\/schema\/logo\/image\/","url":"https:\/\/www.ilpa-mp3.com\/wp-content\/uploads\/2020\/08\/logo.gif","contentUrl":"https:\/\/www.ilpa-mp3.com\/wp-content\/uploads\/2020\/08\/logo.gif","width":146,"height":93,"caption":"Ilpa MP3 S.r.l."},"image":{"@id":"https:\/\/www.ilpa-mp3.com\/it\/#\/schema\/logo\/image\/"},"sameAs":["https:\/\/www.linkedin.com\/company\/mp3-s.r.l.\/"]}]}},"_links":{"self":[{"href":"https:\/\/www.ilpa-mp3.com\/it\/wp-json\/wp\/v2\/pages\/15308","targetHints":{"allow":["GET"]}}],"collection":[{"href":"https:\/\/www.ilpa-mp3.com\/it\/wp-json\/wp\/v2\/pages"}],"about":[{"href":"https:\/\/www.ilpa-mp3.com\/it\/wp-json\/wp\/v2\/types\/page"}],"author":[{"embeddable":true,"href":"https:\/\/www.ilpa-mp3.com\/it\/wp-json\/wp\/v2\/users\/1"}],"replies":[{"embeddable":true,"href":"https:\/\/www.ilpa-mp3.com\/it\/wp-json\/wp\/v2\/comments?post=15308"}],"version-history":[{"count":14,"href":"https:\/\/www.ilpa-mp3.com\/it\/wp-json\/wp\/v2\/pages\/15308\/revisions"}],"predecessor-version":[{"id":18549,"href":"https:\/\/www.ilpa-mp3.com\/it\/wp-json\/wp\/v2\/pages\/15308\/revisions\/18549"}],"up":[{"embeddable":true,"href":"https:\/\/www.ilpa-mp3.com\/it\/wp-json\/wp\/v2\/pages\/8"}],"wp:featuredmedia":[{"embeddable":true,"href":"https:\/\/www.ilpa-mp3.com\/it\/wp-json\/wp\/v2\/media\/16854"}],"wp:attachment":[{"href":"https:\/\/www.ilpa-mp3.com\/it\/wp-json\/wp\/v2\/media?parent=15308"}],"curies":[{"name":"wp","href":"https:\/\/api.w.org\/{rel}","templated":true}]}}