{"id":17460,"date":"2024-05-03T16:14:21","date_gmt":"2024-05-03T14:14:21","guid":{"rendered":"https:\/\/www.ilpa-mp3.com\/?page_id=17460"},"modified":"2024-10-30T17:08:58","modified_gmt":"2024-10-30T16:08:58","slug":"linea-pp","status":"publish","type":"page","link":"https:\/\/www.ilpa-mp3.com\/it\/linea-pp\/","title":{"rendered":"Linea PP"},"content":{"rendered":"<div class=\"wpb-content-wrapper\"><p>[vc_row content_placement=&#8221;middle&#8221; css=&#8221;.vc_custom_1714987436763{padding-top: 6em !important;padding-bottom: 6em !important;}&#8221;][vc_column width=&#8221;1\/2&#8243;]<h2 class=\"deco-title sinistra\"><span>Foglia in PP ad alta barriera: precisione nella formatura delle capsule da caff\u00e8<\/span><\/h2>[vc_column_text css=&#8221;&#8221; el_class=&#8221;info-list&#8221;]<strong>Eccellenza in Tazza:<\/strong> ottieni una formatura di capsule da caff\u00e8 precisa e ad alta velocit\u00e0 con la nostra innovativa foglia per termoformatura in PP ad alta barriera. Riduci al minimo gli sprechi e massimizza l&#8217;efficienza: la formula perfetta per un&#8217;attivit\u00e0 redditizia con capsule da caff\u00e8.<\/p>\n<ul>\n<li><strong>Propriet\u00e0 superiori di barriera ai gas e all&#8217;umidit\u00e0<\/strong> per una maggiore durata di conservazione del prodotto.<\/li>\n<li><strong>Prestazioni del materiale precise e costanti<\/strong> per la formatura ad alta velocit\u00e0 di capsule di forme complesse.<\/li>\n<li><strong>La distribuzione uniforme del materiale<\/strong> garantisce un&#8217;eccellente formabilit\u00e0 e tolleranze strette.<\/li>\n<li><strong>Riduzione degli scarti<\/strong> durante la produzione delle capsule.<\/li>\n<li><strong>Maggiore efficienza produttiva<\/strong> grazie alla formatura ad alta cadenza.<\/li>\n<\/ul>\n<p>[\/vc_column_text][\/vc_column][vc_column width=&#8221;1\/2&#8243;][vc_row_inner][vc_column_inner width=&#8221;1\/3&#8243;]<div class=\"image-wrapper\">\n\t\t\t\t<figure class=\"autosquare lightbox\" data-delta=\"1\" data-style=\"background-image:url('https:\/\/www.ilpa-mp3.com\/wp-content\/uploads\/2024\/05\/pp-1.jpg');\" data-url=\"https:\/\/www.ilpa-mp3.com\/wp-content\/uploads\/2024\/05\/pp-1.jpg\" data-width=\"468\" data-height=\"351\">\n\t\t\t\t\t\n\t\t\t\t\t\n\t\t\t\t<\/figure>\n\t\t\t<\/div>[\/vc_column_inner][vc_column_inner width=&#8221;1\/3&#8243;]<div class=\"image-wrapper\">\n\t\t\t\t<figure class=\"autosquare lightbox\" data-delta=\"1\" data-style=\"background-image:url('https:\/\/www.ilpa-mp3.com\/wp-content\/uploads\/2024\/05\/pp-2.jpg');\" data-url=\"https:\/\/www.ilpa-mp3.com\/wp-content\/uploads\/2024\/05\/pp-2.jpg\" data-width=\"425\" data-height=\"566\">\n\t\t\t\t\t\n\t\t\t\t\t\n\t\t\t\t<\/figure>\n\t\t\t<\/div>[\/vc_column_inner][vc_column_inner width=&#8221;1\/3&#8243;]<div class=\"image-wrapper\">\n\t\t\t\t<figure class=\"autosquare lightbox\" data-delta=\"1\" data-style=\"background-image:url('https:\/\/www.ilpa-mp3.com\/wp-content\/uploads\/2024\/05\/pp-3.jpg');\" data-url=\"https:\/\/www.ilpa-mp3.com\/wp-content\/uploads\/2024\/05\/pp-3.jpg\" data-width=\"453\" data-height=\"340\">\n\t\t\t\t\t\n\t\t\t\t\t\n\t\t\t\t<\/figure>\n\t\t\t<\/div>[\/vc_column_inner][\/vc_row_inner][vc_row_inner][vc_column_inner width=&#8221;1\/3&#8243;]<div class=\"image-wrapper\">\n\t\t\t\t<figure class=\"autosquare lightbox\" data-delta=\"1\" data-style=\"background-image:url('https:\/\/www.ilpa-mp3.com\/wp-content\/uploads\/2024\/05\/pp-4.jpg');\" data-url=\"https:\/\/www.ilpa-mp3.com\/wp-content\/uploads\/2024\/05\/pp-4.jpg\" data-width=\"465\" data-height=\"349\">\n\t\t\t\t\t\n\t\t\t\t\t\n\t\t\t\t<\/figure>\n\t\t\t<\/div>[\/vc_column_inner][vc_column_inner width=&#8221;1\/3&#8243;]<div class=\"image-wrapper\">\n\t\t\t\t<figure class=\"autosquare lightbox\" data-delta=\"1\" data-style=\"background-image:url('https:\/\/www.ilpa-mp3.com\/wp-content\/uploads\/2024\/05\/pp-5.jpg');\" data-url=\"https:\/\/www.ilpa-mp3.com\/wp-content\/uploads\/2024\/05\/pp-5.jpg\" data-width=\"419\" data-height=\"559\">\n\t\t\t\t\t\n\t\t\t\t\t\n\t\t\t\t<\/figure>\n\t\t\t<\/div>[\/vc_column_inner][vc_column_inner width=&#8221;1\/3&#8243;]<div class=\"image-wrapper\">\n\t\t\t\t<figure class=\"autosquare lightbox\" data-delta=\"1\" data-style=\"background-image:url('https:\/\/www.ilpa-mp3.com\/wp-content\/uploads\/2024\/05\/pp-6.jpg');\" data-url=\"https:\/\/www.ilpa-mp3.com\/wp-content\/uploads\/2024\/05\/pp-6.jpg\" data-width=\"464\" data-height=\"348\">\n\t\t\t\t\t\n\t\t\t\t\t\n\t\t\t\t<\/figure>\n\t\t\t<\/div>[\/vc_column_inner][\/vc_row_inner][\/vc_column][\/vc_row][vc_row full_width=&#8221;stretch_row&#8221; gap=&#8221;15&#8243; content_placement=&#8221;middle&#8221; css=&#8221;.vc_custom_1714987633445{padding-top: 6em !important;padding-bottom: 6em !important;background-color: #ededed !important;}&#8221;][vc_column width=&#8221;1\/3&#8243;][vc_icon icon_fontawesome=&#8221;fas fa-calendar-check&#8221; color=&#8221;juicy_pink&#8221; size=&#8221;lg&#8221; align=&#8221;center&#8221; css=&#8221;.vc_custom_1714985371431{margin-bottom: 10px !important;}&#8221; el_class=&#8221;p-color&#8221;]<h3 class=\"deco-title centro\"><span>Massime prestazioni di permeabilit\u00e0<\/span><\/h3>[vc_column_text css=&#8221;&#8221;]OTR&lt;0,08 cm3\/(m2*24h) [gas di misura O2, T=23\u00b0C, gradiente di umidit\u00e0 0-50% per una foglia con spessore 0,68 mm e strato EvOH del 4%.[\/vc_column_text][\/vc_column][vc_column width=&#8221;1\/3&#8243;][vc_icon icon_fontawesome=&#8221;fas fa-broadcast-tower&#8221; color=&#8221;juicy_pink&#8221; size=&#8221;lg&#8221; align=&#8221;center&#8221; css=&#8221;.vc_custom_1714985376949{margin-bottom: 10px !important;}&#8221; el_class=&#8221;p-color&#8221;]<h3 class=\"deco-title centro\"><span>Alta Qualit\u00e0<\/span><\/h3>[vc_column_text css=&#8221;&#8221;]Precisione progettata per la perfezione: sperimenta una consistenza e una formabilit\u00e0 del materiale senza pari per una produzione impeccabile di capsule di caff\u00e8 ad alta velocit\u00e0.[\/vc_column_text][\/vc_column][vc_column width=&#8221;1\/3&#8243;][vc_icon icon_fontawesome=&#8221;fab fa-codepen&#8221; color=&#8221;juicy_pink&#8221; size=&#8221;lg&#8221; align=&#8221;center&#8221; css=&#8221;.vc_custom_1714985382641{margin-bottom: 10px !important;}&#8221; el_class=&#8221;p-color&#8221;]<h3 class=\"deco-title centro\"><span>Affidabilit\u00e0 al 100%<\/span><\/h3>[vc_column_text css=&#8221;&#8221;]Prestazioni affidabili, sempre: puoi contare sulla nostra foglia per termoformatura in PP di alta qualit\u00e0 per ottenere risultati costanti, lotto dopo lotto, garantendo il corretto funzionamento della tua linea di produzione di capsule da caff\u00e8.[\/vc_column_text][\/vc_column][\/vc_row][vc_row full_width=&#8221;stretch_row_content_no_spaces&#8221;][vc_column]<div id=\"features-carousel-69f55d3d383a1-wrapper\" class=\"feature-carousel-wrapper reverse \">\n\t\t\t\t\t\t<div class=\"features-carousel\" style=\"--features-carousel-color:#d8b6b9;\">\n\t\t\t\t\t\t\t<div class=\"row g-0\">\n\t\t\t\t\t\t\t\t<div class=\"col-lg-8 col-12 features-carousel-cycler order-last\">\n\t\t\t\t\t\t\t\t\t<img decoding=\"async\" class=\"active\" src=\"https:\/\/www.ilpa-mp3.com\/wp-content\/uploads\/2024\/05\/M3P_8808.jpg\" alt=\"\" \/>\n<img decoding=\"async\" class=\"\" src=\"https:\/\/www.ilpa-mp3.com\/wp-content\/uploads\/2024\/01\/ilpa-mp3-azienda-estrusore-slide-2024.jpg\" alt=\"\" \/>\n\t\t\t\t\t\t\t\t<\/div>\n\t\t\t\t\t\t\t\t<div class=\"col-lg-4 d-lg-block d-none features-carousel-color order-first\"><\/div>\n\t\t\t\t\t\t\t<\/div>\n\t\t\t\t\t\t\t<div id=\"features-carousel-69f55d3d383a1\" class=\"features-slider carousel slide\" data-bs-ride=\"carousel\" data-bs-interval=\"10000\">\n\t\t\t\t\t\t\t\t<div class=\"carousel-inner white-bg-deco\">\n\t\t\t\t\t\t\t\t\t<div data-index=\"0\" class=\"features-item carousel-item item active p-4\">\n\t\t\t\t\t\t<div class=\"features-item-table\">\n\t\t\t\t\t\t\t<span class=\"features-item-table-item\">\n\t\t\t\t\t\t\t\t<h3 class=\"deco-title mb-2\"><span class=\"deco-eylet\">Foglia PP\/EVOH\/PP <\/span><span> PROP A HB<\/span><\/h3>\n\t\t\t\t\t\t\t\t<div class=\"features-item-text\">Immagina la capsula perfetta, piena di fresco aroma e sapore. La nostra foglia per termoformatura in PP ad alta barriera lo rende realt\u00e0. Smetti di preoccuparti che l'ossigeno e l'umidit\u00e0 privino il tuo caff\u00e8 della sua magia. La nostra pellicola salvaguarda la tua termoformatura, garantendo che ogni capsula offra un'esperienza di caff\u00e8 indimenticabile. Contattaci oggi e sblocca tutto il potenziale del tuo marchio.<\/div>\n\t\t\t\t\t\t\t\t<div class=\"button-wrapper\"><a class=\"btn btn-default\" href=\"https:\/\/www.ilpa-mp3.com\/it\/prodotti\/bobine\/pp-bobine\/mp-prop-a-hb\/\" title=\"SCOPRI DI PIU'\">SCOPRI DI PIU'<\/a><\/div>\n\t\t\t\t\t\t\t<\/span>\n\t\t\t\t\t\t<\/div>\n\t\t\t\t\t<\/div>\n<div data-index=\"1\" class=\"features-item carousel-item item p-4\">\n\t\t\t\t\t\t<div class=\"features-item-table\">\n\t\t\t\t\t\t\t<span class=\"features-item-table-item\">\n\t\t\t\t\t\t\t\t<h3 class=\"deco-title mb-2\"><span class=\"deco-eylet\">New PP Line<\/span><span>La nostra linea PP all\u2019avanguardia<\/span><\/h3>\n\t\t\t\t\t\t\t\t<div class=\"features-item-text\">In grado di produrre 3 fasce alla volta, con spessore compreso tra 0,5 mm e 1,5 mm e larghezza da 335 a 1510 mm. La foglia \u00e8 disponibile in nero, bicolore o imitazione colore su richiesta. Utilizziamo anime interne con \u00d8152 mm per un diametro esterno di 1200 mm. La sostenibilit\u00e0 \u00e8 garantita dall'integrazione degli scarti di produzione nel materiale e monitoriamo costantemente lo spessore in linea.<\/div>\n\t\t\t\t\t\t\t\t\n\t\t\t\t\t\t\t<\/span>\n\t\t\t\t\t\t<\/div>\n\t\t\t\t\t<\/div>\n\t\t\t\t\t\t\t\t<\/div>\n\t\t\t\t\t\t\t\t\n\t\t\t\t\t\t\t\t<div class=\"carousel-indicators carousel-bullets\">\n\t\t\t\t\t\t\t\t\t<button type=\"button\" data-bs-target=\"#features-carousel-69f55d3d383a1\" data-bs-slide-to=\"0\" class=\"active\" aria-current=\"true\" aria-label=\"Go to slide no. 1\"><\/button>\n<button type=\"button\" data-bs-target=\"#features-carousel-69f55d3d383a1\" data-bs-slide-to=\"1\" class=\"\" aria-current=\"false\" aria-label=\"Go to slide no. 2\"><\/button>\n\t\t\t\t\t\t\t\t<\/div>\n\t\t\t\t\t\t\t\t\n\t\t\t\t\t\t\t<\/div>\n\t\t\t\t\t\t<\/div>\n\t\t\t\t\t<\/div>[\/vc_column][\/vc_row][vc_row][vc_column][vc_column_text]<\/p>\n<div id=\"awebChromeHelper\"><\/div>\n<p>[\/vc_column_text][\/vc_column][\/vc_row]<\/p>\n<\/div>","protected":false},"excerpt":{"rendered":"<p>[vc_row content_placement=&#8221;middle&#8221; css=&#8221;.vc_custom_1714987436763{padding-top: 6em !important;padding-bottom: 6em !important;}&#8221;][vc_column width=&#8221;1\/2&#8243;][vc_column_text css=&#8221;&#8221; el_class=&#8221;info-list&#8221;]Eccellenza in Tazza: ottieni una formatura di capsule da caff\u00e8 precisa e ad alta velocit\u00e0 con la nostra innovativa foglia per termoformatura in PP ad alta barriera. Riduci al minimo gli sprechi e massimizza l&#8217;efficienza: la formula perfetta per un&#8217;attivit\u00e0 redditizia con capsule da caff\u00e8. Propriet\u00e0 [&hellip;]<\/p>\n","protected":false},"author":1,"featured_media":0,"parent":0,"menu_order":0,"comment_status":"closed","ping_status":"closed","template":"landing-page.php","meta":{"_acf_changed":false,"footnotes":""},"class_list":["post-17460","page","type-page","status-publish","hentry"],"acf":[],"yoast_head":"<!-- This site is optimized with the Yoast SEO plugin v27.5 - https:\/\/yoast.com\/product\/yoast-seo-wordpress\/ -->\n<title>Linea PP - MP3 S.r.l.<\/title>\n<meta name=\"description\" content=\"Scopri tutto sulla nostra nuova linea di estrusione per PP e l&#039;innovativo prodotto studiato per la realizzazione delle capsule da caff\u00e8.\" \/>\n<meta name=\"robots\" content=\"index, follow, max-snippet:-1, max-image-preview:large, max-video-preview:-1\" \/>\n<link rel=\"canonical\" href=\"https:\/\/www.ilpa-mp3.com\/it\/linea-pp\/\" \/>\n<meta property=\"og:locale\" content=\"it_IT\" \/>\n<meta property=\"og:type\" content=\"article\" \/>\n<meta property=\"og:title\" content=\"Linea PP - MP3 S.r.l.\" \/>\n<meta property=\"og:description\" content=\"Scopri tutto sulla nostra nuova linea di estrusione per PP e l&#039;innovativo prodotto studiato per la realizzazione delle capsule da caff\u00e8.\" \/>\n<meta property=\"og:url\" content=\"https:\/\/www.ilpa-mp3.com\/it\/linea-pp\/\" \/>\n<meta property=\"og:site_name\" content=\"MP3 S.r.l.\" \/>\n<meta property=\"article:modified_time\" content=\"2024-10-30T16:08:58+00:00\" \/>\n<meta name=\"twitter:card\" content=\"summary_large_image\" \/>\n<meta name=\"twitter:label1\" content=\"Tempo di lettura stimato\" \/>\n\t<meta name=\"twitter:data1\" content=\"1 minuto\" \/>\n<script type=\"application\/ld+json\" class=\"yoast-schema-graph\">{\"@context\":\"https:\\\/\\\/schema.org\",\"@graph\":[{\"@type\":\"WebPage\",\"@id\":\"https:\\\/\\\/www.ilpa-mp3.com\\\/it\\\/linea-pp\\\/\",\"url\":\"https:\\\/\\\/www.ilpa-mp3.com\\\/it\\\/linea-pp\\\/\",\"name\":\"Linea PP - MP3 S.r.l.\",\"isPartOf\":{\"@id\":\"https:\\\/\\\/www.ilpa-mp3.com\\\/it\\\/#website\"},\"datePublished\":\"2024-05-03T14:14:21+00:00\",\"dateModified\":\"2024-10-30T16:08:58+00:00\",\"description\":\"Scopri tutto sulla nostra nuova linea di estrusione per PP e l'innovativo prodotto studiato per la realizzazione delle capsule da caff\u00e8.\",\"breadcrumb\":{\"@id\":\"https:\\\/\\\/www.ilpa-mp3.com\\\/it\\\/linea-pp\\\/#breadcrumb\"},\"inLanguage\":\"it-IT\",\"potentialAction\":[{\"@type\":\"ReadAction\",\"target\":[\"https:\\\/\\\/www.ilpa-mp3.com\\\/it\\\/linea-pp\\\/\"]}]},{\"@type\":\"BreadcrumbList\",\"@id\":\"https:\\\/\\\/www.ilpa-mp3.com\\\/it\\\/linea-pp\\\/#breadcrumb\",\"itemListElement\":[{\"@type\":\"ListItem\",\"position\":1,\"name\":\"Home\",\"item\":\"https:\\\/\\\/www.ilpa-mp3.com\\\/it\\\/\"},{\"@type\":\"ListItem\",\"position\":2,\"name\":\"Linea PP\"}]},{\"@type\":\"WebSite\",\"@id\":\"https:\\\/\\\/www.ilpa-mp3.com\\\/it\\\/#website\",\"url\":\"https:\\\/\\\/www.ilpa-mp3.com\\\/it\\\/\",\"name\":\"MP3 S.r.l.\",\"description\":\"Running for Excellence\",\"publisher\":{\"@id\":\"https:\\\/\\\/www.ilpa-mp3.com\\\/it\\\/#organization\"},\"potentialAction\":[{\"@type\":\"SearchAction\",\"target\":{\"@type\":\"EntryPoint\",\"urlTemplate\":\"https:\\\/\\\/www.ilpa-mp3.com\\\/it\\\/?s={search_term_string}\"},\"query-input\":{\"@type\":\"PropertyValueSpecification\",\"valueRequired\":true,\"valueName\":\"search_term_string\"}}],\"inLanguage\":\"it-IT\"},{\"@type\":\"Organization\",\"@id\":\"https:\\\/\\\/www.ilpa-mp3.com\\\/it\\\/#organization\",\"name\":\"Ilpa MP3 S.r.l.\",\"url\":\"https:\\\/\\\/www.ilpa-mp3.com\\\/it\\\/\",\"logo\":{\"@type\":\"ImageObject\",\"inLanguage\":\"it-IT\",\"@id\":\"https:\\\/\\\/www.ilpa-mp3.com\\\/it\\\/#\\\/schema\\\/logo\\\/image\\\/\",\"url\":\"https:\\\/\\\/www.ilpa-mp3.com\\\/wp-content\\\/uploads\\\/2020\\\/08\\\/logo.gif\",\"contentUrl\":\"https:\\\/\\\/www.ilpa-mp3.com\\\/wp-content\\\/uploads\\\/2020\\\/08\\\/logo.gif\",\"width\":146,\"height\":93,\"caption\":\"Ilpa MP3 S.r.l.\"},\"image\":{\"@id\":\"https:\\\/\\\/www.ilpa-mp3.com\\\/it\\\/#\\\/schema\\\/logo\\\/image\\\/\"},\"sameAs\":[\"https:\\\/\\\/www.linkedin.com\\\/company\\\/mp3-s.r.l.\\\/\"]}]}<\/script>\n<!-- \/ Yoast SEO plugin. -->","yoast_head_json":{"title":"Linea PP - MP3 S.r.l.","description":"Scopri tutto sulla nostra nuova linea di estrusione per PP e l'innovativo prodotto studiato per la realizzazione delle capsule da caff\u00e8.","robots":{"index":"index","follow":"follow","max-snippet":"max-snippet:-1","max-image-preview":"max-image-preview:large","max-video-preview":"max-video-preview:-1"},"canonical":"https:\/\/www.ilpa-mp3.com\/it\/linea-pp\/","og_locale":"it_IT","og_type":"article","og_title":"Linea PP - MP3 S.r.l.","og_description":"Scopri tutto sulla nostra nuova linea di estrusione per PP e l'innovativo prodotto studiato per la realizzazione delle capsule da caff\u00e8.","og_url":"https:\/\/www.ilpa-mp3.com\/it\/linea-pp\/","og_site_name":"MP3 S.r.l.","article_modified_time":"2024-10-30T16:08:58+00:00","twitter_card":"summary_large_image","twitter_misc":{"Tempo di lettura stimato":"1 minuto"},"schema":{"@context":"https:\/\/schema.org","@graph":[{"@type":"WebPage","@id":"https:\/\/www.ilpa-mp3.com\/it\/linea-pp\/","url":"https:\/\/www.ilpa-mp3.com\/it\/linea-pp\/","name":"Linea PP - MP3 S.r.l.","isPartOf":{"@id":"https:\/\/www.ilpa-mp3.com\/it\/#website"},"datePublished":"2024-05-03T14:14:21+00:00","dateModified":"2024-10-30T16:08:58+00:00","description":"Scopri tutto sulla nostra nuova linea di estrusione per PP e l'innovativo prodotto studiato per la realizzazione delle capsule da caff\u00e8.","breadcrumb":{"@id":"https:\/\/www.ilpa-mp3.com\/it\/linea-pp\/#breadcrumb"},"inLanguage":"it-IT","potentialAction":[{"@type":"ReadAction","target":["https:\/\/www.ilpa-mp3.com\/it\/linea-pp\/"]}]},{"@type":"BreadcrumbList","@id":"https:\/\/www.ilpa-mp3.com\/it\/linea-pp\/#breadcrumb","itemListElement":[{"@type":"ListItem","position":1,"name":"Home","item":"https:\/\/www.ilpa-mp3.com\/it\/"},{"@type":"ListItem","position":2,"name":"Linea PP"}]},{"@type":"WebSite","@id":"https:\/\/www.ilpa-mp3.com\/it\/#website","url":"https:\/\/www.ilpa-mp3.com\/it\/","name":"MP3 S.r.l.","description":"Running for Excellence","publisher":{"@id":"https:\/\/www.ilpa-mp3.com\/it\/#organization"},"potentialAction":[{"@type":"SearchAction","target":{"@type":"EntryPoint","urlTemplate":"https:\/\/www.ilpa-mp3.com\/it\/?s={search_term_string}"},"query-input":{"@type":"PropertyValueSpecification","valueRequired":true,"valueName":"search_term_string"}}],"inLanguage":"it-IT"},{"@type":"Organization","@id":"https:\/\/www.ilpa-mp3.com\/it\/#organization","name":"Ilpa MP3 S.r.l.","url":"https:\/\/www.ilpa-mp3.com\/it\/","logo":{"@type":"ImageObject","inLanguage":"it-IT","@id":"https:\/\/www.ilpa-mp3.com\/it\/#\/schema\/logo\/image\/","url":"https:\/\/www.ilpa-mp3.com\/wp-content\/uploads\/2020\/08\/logo.gif","contentUrl":"https:\/\/www.ilpa-mp3.com\/wp-content\/uploads\/2020\/08\/logo.gif","width":146,"height":93,"caption":"Ilpa MP3 S.r.l."},"image":{"@id":"https:\/\/www.ilpa-mp3.com\/it\/#\/schema\/logo\/image\/"},"sameAs":["https:\/\/www.linkedin.com\/company\/mp3-s.r.l.\/"]}]}},"_links":{"self":[{"href":"https:\/\/www.ilpa-mp3.com\/it\/wp-json\/wp\/v2\/pages\/17460","targetHints":{"allow":["GET"]}}],"collection":[{"href":"https:\/\/www.ilpa-mp3.com\/it\/wp-json\/wp\/v2\/pages"}],"about":[{"href":"https:\/\/www.ilpa-mp3.com\/it\/wp-json\/wp\/v2\/types\/page"}],"author":[{"embeddable":true,"href":"https:\/\/www.ilpa-mp3.com\/it\/wp-json\/wp\/v2\/users\/1"}],"replies":[{"embeddable":true,"href":"https:\/\/www.ilpa-mp3.com\/it\/wp-json\/wp\/v2\/comments?post=17460"}],"version-history":[{"count":53,"href":"https:\/\/www.ilpa-mp3.com\/it\/wp-json\/wp\/v2\/pages\/17460\/revisions"}],"predecessor-version":[{"id":17832,"href":"https:\/\/www.ilpa-mp3.com\/it\/wp-json\/wp\/v2\/pages\/17460\/revisions\/17832"}],"wp:attachment":[{"href":"https:\/\/www.ilpa-mp3.com\/it\/wp-json\/wp\/v2\/media?parent=17460"}],"curies":[{"name":"wp","href":"https:\/\/api.w.org\/{rel}","templated":true}]}}