{"id":2,"date":"2019-09-27T18:18:25","date_gmt":"2019-09-27T16:18:25","guid":{"rendered":"https:\/\/www.ilpa-mp3.com\/?page_id=2"},"modified":"2024-06-12T14:23:52","modified_gmt":"2024-06-12T12:23:52","slug":"pagina-di-esempio","status":"publish","type":"page","link":"https:\/\/www.ilpa-mp3.com\/it\/","title":{"rendered":"Home page"},"content":{"rendered":"<div class=\"wpb-content-wrapper\"><p>[vc_row full_width=&#8221;stretch_row&#8221; content_placement=&#8221;middle&#8221; css=&#8221;.vc_custom_1709901589658{padding-top: 4em !important;padding-bottom: 8em !important;background-image: url(https:\/\/www.ilpa-mp3.com\/wp-content\/uploads\/2022\/10\/background-1920&#215;760-light-no-margin.jpg?id=15547) !important;background-position: center !important;background-repeat: no-repeat !important;background-size: contain !important;}&#8221;][vc_column width=&#8221;1\/2&#8243;][vc_single_image image=&#8221;17070&#8243; img_size=&#8221;full&#8221; css_animation=&#8221;fadeIn&#8221;][vc_single_image image=&#8221;17068&#8243; img_size=&#8221;full&#8221; css_animation=&#8221;fadeIn&#8221;][\/vc_column][vc_column width=&#8221;1\/2&#8243; css=&#8221;.vc_custom_1709828050145{margin-top: 50px !important;margin-bottom: 2em !important;}&#8221;]<h2 class=\"deco-title sinistra dark\"><span>Il partner ideale per la tua azienda<\/span><\/h2>[vc_column_text]MP3 extrusion, da oltre 45 anni partner tecnologico per la fornitura industriale di <strong>lastre e bobine per la termoformatura<\/strong> in Italia e nel mondo.<\/p>\n<p>MP3 \u00e8 un partner di riferimento per accompagnarvi nello sviluppo di nuovi progetti di termoformatura finalizzati ad aumentare la <strong>sostenibilit\u00e0 dei prodotti<\/strong>, forte di un <strong>processo tecnologico all\u2019avanguardia<\/strong> e una struttura organizzativa ideata per seguirvi da vicino e supportarvi nel dialogo con gli OEM.[\/vc_column_text]<div class=\"button-wrapper inline\"><a class=\"btn btn-default\"  href=\"https:\/\/www.ilpa-mp3.com\/it\/azienda\/sostenibilita-e-sviluppo-aziendale\/\"title=\"Sostenibilit\u00e0\">Sostenibilit\u00e0<\/a><\/div><div class=\"button-wrapper inline\">\n\t\t\t<button type=\"button\" data-target=\"#cta-modal-69faad5497042\" data-unique=\"69faad5497042\" data-label=\"Contattaci\" data-form=\"560\" class=\"btn btn-default ajax-modal\" title=\"Contattaci\">Contattaci<\/button>\n\t\t<\/div><div class=\"button-wrapper inline\"><a class=\"btn btn-default inverted\"  href=\"\/it\/product-finder\/\"title=\"Usa il Product Finder\">Usa il Product Finder<\/a><\/div>[\/vc_column][\/vc_row][vc_row full_width=&#8221;stretch_row_content_no_spaces&#8221; equal_height=&#8221;yes&#8221; content_placement=&#8221;middle&#8221; el_class=&#8221;text-white&#8221; css=&#8221;.vc_custom_1696929663657{padding-bottom: 4em !important;}&#8221;][vc_column css_animation=&#8221;fadeInDown&#8221; css=&#8221;.vc_custom_1661962303946{padding-top: 0px !important;}&#8221; offset=&#8221;vc_col-md-offset-0 vc_col-md-4&#8243;]\n\t<div class=\"home_full_block_wrapper \">\n\t\t<a href=\"https:\/\/www.ilpa-mp3.com\/it\/prodotti\/lastre\/\">\n\t\t\t<div class=\"home_full_block\" style=\"background-image: url(https:\/\/www.ilpa-mp3.com\/wp-content\/uploads\/2021\/05\/ilpa-mp3-srl-lastra-sheet-white-sanitary-generic-abs-pmma-ps-pp-thermoforming-1.jpg);\">\n\t\t\t\t<div class=\"home_full_block_text \">\n\t\t\t\t\t<h2 class=\"deco-title sinistra text-white\"><span>Lastre per la termoformatura<\/span><\/h2>\n\t\t\t\t\t<p>Altissimo livello qualitativo e di personalizzazione per un prodotto che si adatta ad ogni business.<\/p><\/div>\n\t\t\t<\/div>\n\t\t<\/a>\n\t<\/div>[\/vc_column][vc_column css_animation=&#8221;fadeInDown&#8221; el_class=&#8221;delay200&#8243; css=&#8221;.vc_custom_1661962317600{padding-top: 0px !important;}&#8221; offset=&#8221;vc_col-md-offset-0 vc_col-md-4&#8243;]\n\t<div class=\"home_full_block_wrapper \">\n\t\t<a href=\"https:\/\/www.ilpa-mp3.com\/it\/prodotti\/bobine\">\n\t\t\t<div class=\"home_full_block\" style=\"background-image: url(https:\/\/www.ilpa-mp3.com\/wp-content\/uploads\/2019\/10\/ilpa-mp3-srl-bobina-reel-generic-ps-2022.jpg);\">\n\t\t\t\t<div class=\"home_full_block_text \">\n\t\t\t\t\t<h2 class=\"deco-title sinistra text-white\"><span>Bobine per la termoformatura<\/span><\/h2>\n\t\t\t\t\t<p>Un know-how vastissimo ci permette di creare il prodotto adatto alle esigenze della vostra produzione.<\/p><\/div>\n\t\t\t<\/div>\n\t\t<\/a>\n\t<\/div>[\/vc_column][vc_column css_animation=&#8221;fadeInDown&#8221; el_class=&#8221;delay400&#8243; css=&#8221;.vc_custom_1661962337963{padding-top: 0px !important;}&#8221; offset=&#8221;vc_col-md-offset-0 vc_col-md-4&#8243;]\n\t<div class=\"home_full_block_wrapper \">\n\t\t<a href=\"https:\/\/www.ilpa-mp3.com\/it\/applicazioni\/\">\n\t\t\t<div class=\"home_full_block\" style=\"background-image: url(https:\/\/www.ilpa-mp3.com\/wp-content\/uploads\/2024\/01\/ilpa-mp3-taglio-lastra-plastica-per-termoformatura-2024.jpg);\">\n\t\t\t\t<div class=\"home_full_block_text \">\n\t\t\t\t\t<h2 class=\"deco-title sinistra text-white\"><span>Applicazioni e Settori industriali<\/span><\/h2>\n\t\t\t\t\t<p>La nostra plastica \u00e8 nel vostro business. Tanti settori applicativi, ognuno con il suo materiale pi\u00f9 adatto e sostenibile.<\/p><\/div>\n\t\t\t<\/div>\n\t\t<\/a>\n\t<\/div>[\/vc_column][\/vc_row][vc_row css=&#8221;.vc_custom_1661853831267{padding-bottom: 4em !important;}&#8221;][vc_column]<h2 class=\"deco-title sinistra visually-hidden\"><span>Notizie da MP3<\/span><\/h2><section class=\"br-grid\">\n\t\t\t\t\t\t\t<div class=\"row\">\n\t\t\t\t\t\t\t\t<div class=\"col-md-3 col-12\">\n\t\t\t\t\t\t\t<div id=\"post-21662\" class=\"br-element post-21662 post type-post status-publish format-standard has-post-thumbnail hentry category-notizie-generali\" >\n\t\t\t\t\t\t\t\t<div class=\"card mb-3\">\t\n\t\t\t\t\t\t\t\t\t<a href=\"https:\/\/www.ilpa-mp3.com\/it\/notizie-generali\/linea-carbo-il-progetto-in-policarbonato-senza-alogeni-di-mp3\/\" title=\"Vai a: Linea CARBO &#8211; Il Progetto in policarbonato senza alogeni di MP3\">\n\t\t\t\t\t\t\t\t\t\t<figure title=\"Linea CARBO &#8211; Il Progetto in policarbonato senza alogeni di MP3\" class=\"card-img-top aspect-image\" style=\"background-image:url('https:\/\/www.ilpa-mp3.com\/wp-content\/uploads\/2026\/05\/linea-carbo-ilip-mp3-policarbonato-senza-alogeni-2026-1024x683.jpg'); aspect-ratio:4 \/ 3;\">\n\t\t\t\t\t\t\t\t\t\t\t<img loading=\"lazy\" decoding=\"async\" width=\"1024\" height=\"683\" src=\"https:\/\/www.ilpa-mp3.com\/wp-content\/uploads\/2026\/05\/linea-carbo-ilip-mp3-policarbonato-senza-alogeni-2026-1024x683.jpg\" class=\"attachment-large size-large wp-post-image\" alt=\"\" srcset=\"https:\/\/www.ilpa-mp3.com\/wp-content\/uploads\/2026\/05\/linea-carbo-ilip-mp3-policarbonato-senza-alogeni-2026-1024x683.jpg 1024w, https:\/\/www.ilpa-mp3.com\/wp-content\/uploads\/2026\/05\/linea-carbo-ilip-mp3-policarbonato-senza-alogeni-2026-300x200.jpg 300w, https:\/\/www.ilpa-mp3.com\/wp-content\/uploads\/2026\/05\/linea-carbo-ilip-mp3-policarbonato-senza-alogeni-2026-768x512.jpg 768w, https:\/\/www.ilpa-mp3.com\/wp-content\/uploads\/2026\/05\/linea-carbo-ilip-mp3-policarbonato-senza-alogeni-2026.jpg 1200w\" sizes=\"auto, (max-width: 1024px) 100vw, 1024px\" \/>\n\t\t\t\t\t\t\t\t\t\t<\/figure>\n\t\t\t\t\t\t\t\t\t<\/a>\n\t\t\t\t\t\t\t\t\t<div class=\"card-body\">\n\t\t\t\t\t\t\t\t\t\t<h3 class=\"card-title\">Linea CARBO &#8211; Il Progetto in policarbonato senza alogeni di MP3<\/h3>\n\t\t\t\t\t\t\t\t\t\t<div class=\"card-text text-muted\">Partecipando al piano di sviluppo MISE - Accordi 2022 abbiamo messo in cantiere una nuova gamma di prodotti semilavorati in lastra co-estrusa destinati ai processi di termoformatura e pannellatura in PC\/ABS e PC, la cui composizione sia conforme alle normative del trasporto pubblico nazionale ed internazionale e rigorosamente halogen free.<\/div>\n\t\t\t\t\t\t\t\t\t\t<div class=\"button-wrapper text-center mb-0 rounded-bottom p-3\">\n\t\t\t\t\t\t\t\t\t\t\t<a href=\"https:\/\/www.ilpa-mp3.com\/it\/notizie-generali\/linea-carbo-il-progetto-in-policarbonato-senza-alogeni-di-mp3\/\" title=\"Vai a: Linea CARBO &#8211; Il Progetto in policarbonato senza alogeni di MP3\" class=\"btn btn-default inverted\">Continua a Leggere<\/a>\n\t\t\t\t\t\t\t\t\t\t<\/div>\n\t\t\t\t\t\t\t\t\t<\/div>\n\t\t\t\t\t\t\t\t<\/div>\n\t\t\t\t\t\t\t<\/div>\n\t\t\t\t\t\t<\/div>\n<div class=\"col-md-3 col-12\">\n\t\t\t\t\t\t\t<div id=\"post-21395\" class=\"br-element post-21395 post type-post status-publish format-standard has-post-thumbnail hentry category-notizie-generali\" >\n\t\t\t\t\t\t\t\t<div class=\"card mb-3\">\t\n\t\t\t\t\t\t\t\t\t<a href=\"https:\/\/www.ilpa-mp3.com\/it\/notizie-generali\/specialista-tecnico\/\" title=\"Vai a: Specialista dell&#8217;Assistenza Tecnica\">\n\t\t\t\t\t\t\t\t\t\t<figure title=\"Specialista dell&#8217;Assistenza Tecnica\" class=\"card-img-top aspect-image\" style=\"background-image:url('https:\/\/www.ilpa-mp3.com\/wp-content\/uploads\/2024\/10\/davide-tondi-2024-2.png'); aspect-ratio:4 \/ 3;\">\n\t\t\t\t\t\t\t\t\t\t\t<img loading=\"lazy\" decoding=\"async\" width=\"512\" height=\"512\" src=\"https:\/\/www.ilpa-mp3.com\/wp-content\/uploads\/2024\/10\/davide-tondi-2024-2.png\" class=\"attachment-large size-large wp-post-image\" alt=\"\" srcset=\"https:\/\/www.ilpa-mp3.com\/wp-content\/uploads\/2024\/10\/davide-tondi-2024-2.png 512w, https:\/\/www.ilpa-mp3.com\/wp-content\/uploads\/2024\/10\/davide-tondi-2024-2-300x300.png 300w, https:\/\/www.ilpa-mp3.com\/wp-content\/uploads\/2024\/10\/davide-tondi-2024-2-150x150.png 150w\" sizes=\"auto, (max-width: 512px) 100vw, 512px\" \/>\n\t\t\t\t\t\t\t\t\t\t<\/figure>\n\t\t\t\t\t\t\t\t\t<\/a>\n\t\t\t\t\t\t\t\t\t<div class=\"card-body\">\n\t\t\t\t\t\t\t\t\t\t<h3 class=\"card-title\">Specialista dell&#8217;Assistenza Tecnica<\/h3>\n\t\t\t\t\t\t\t\t\t\t<div class=\"card-text text-muted\">Technical Service Specialist, una nuova figura commerciale &nbsp; Nell\u2019ottica di fornire per i nostri clienti un servizio sempre migliore, MP3 ha inserito all\u2019interno del team commerciale una nuova figura dotata di una formazione pi\u00f9 tecnica che funge da principale referente tra il cliente e le nostre operazioni interne a livello specialistico e tecnologico. &nbsp; Davide [&hellip;]<\/div>\n\t\t\t\t\t\t\t\t\t\t<div class=\"button-wrapper text-center mb-0 rounded-bottom p-3\">\n\t\t\t\t\t\t\t\t\t\t\t<a href=\"https:\/\/www.ilpa-mp3.com\/it\/notizie-generali\/specialista-tecnico\/\" title=\"Vai a: Specialista dell&#8217;Assistenza Tecnica\" class=\"btn btn-default inverted\">Continua a Leggere<\/a>\n\t\t\t\t\t\t\t\t\t\t<\/div>\n\t\t\t\t\t\t\t\t\t<\/div>\n\t\t\t\t\t\t\t\t<\/div>\n\t\t\t\t\t\t\t<\/div>\n\t\t\t\t\t\t<\/div>\n<div class=\"col-md-3 col-12\">\n\t\t\t\t\t\t\t<div id=\"post-21331\" class=\"br-element post-21331 post type-post status-publish format-standard has-post-thumbnail hentry category-notizie-generali\" >\n\t\t\t\t\t\t\t\t<div class=\"card mb-3\">\t\n\t\t\t\t\t\t\t\t\t<a href=\"https:\/\/www.ilpa-mp3.com\/it\/notizie-generali\/prodotti-newcycle\/\" title=\"Vai a: Prodotti NEWCYCLE\">\n\t\t\t\t\t\t\t\t\t\t<figure title=\"Prodotti NEWCYCLE\" class=\"card-img-top aspect-image\" style=\"background-image:url('https:\/\/www.ilpa-mp3.com\/wp-content\/uploads\/2025\/12\/MP3-New-cycle-test-3.jpg'); aspect-ratio:4 \/ 3;\">\n\t\t\t\t\t\t\t\t\t\t\t<img loading=\"lazy\" decoding=\"async\" width=\"960\" height=\"960\" src=\"https:\/\/www.ilpa-mp3.com\/wp-content\/uploads\/2025\/12\/MP3-New-cycle-test-3.jpg\" class=\"attachment-large size-large wp-post-image\" alt=\"\" srcset=\"https:\/\/www.ilpa-mp3.com\/wp-content\/uploads\/2025\/12\/MP3-New-cycle-test-3.jpg 960w, https:\/\/www.ilpa-mp3.com\/wp-content\/uploads\/2025\/12\/MP3-New-cycle-test-3-300x300.jpg 300w, https:\/\/www.ilpa-mp3.com\/wp-content\/uploads\/2025\/12\/MP3-New-cycle-test-3-150x150.jpg 150w, https:\/\/www.ilpa-mp3.com\/wp-content\/uploads\/2025\/12\/MP3-New-cycle-test-3-768x768.jpg 768w\" sizes=\"auto, (max-width: 960px) 100vw, 960px\" \/>\n\t\t\t\t\t\t\t\t\t\t<\/figure>\n\t\t\t\t\t\t\t\t\t<\/a>\n\t\t\t\t\t\t\t\t\t<div class=\"card-body\">\n\t\t\t\t\t\t\t\t\t\t<h3 class=\"card-title\">Prodotti NEWCYCLE<\/h3>\n\t\t\t\t\t\t\t\t\t\t<div class=\"card-text text-muted\">Sostenibilit\u00e0 senza compromessi NEWCYCLE \u00e8 la nuova linea di prodotti innovativi lanciati da MP3. Questa rappresenta un passo avanti nella sostenibilit\u00e0, realizzata con almeno il 50% &#8211; e fino al 99% in alcune varianti &#8211; di PIR (Post-Industrial Recycled) certificato PSV. Grazie all&#8217;integrazione con il Gruppo I.L.P.A. e AMP Recycling, MP3 garantisce un accesso privilegiato [&hellip;]<\/div>\n\t\t\t\t\t\t\t\t\t\t<div class=\"button-wrapper text-center mb-0 rounded-bottom p-3\">\n\t\t\t\t\t\t\t\t\t\t\t<a href=\"https:\/\/www.ilpa-mp3.com\/it\/notizie-generali\/prodotti-newcycle\/\" title=\"Vai a: Prodotti NEWCYCLE\" class=\"btn btn-default inverted\">Continua a Leggere<\/a>\n\t\t\t\t\t\t\t\t\t\t<\/div>\n\t\t\t\t\t\t\t\t\t<\/div>\n\t\t\t\t\t\t\t\t<\/div>\n\t\t\t\t\t\t\t<\/div>\n\t\t\t\t\t\t<\/div>\n<div class=\"col-md-3 col-12\">\n\t\t\t\t\t<div class=\"br-element h-100 pb-3 post-21331 post type-post status-publish format-standard has-post-thumbnail hentry category-notizie-generali\" >\n\t\t\t\t\t\t<div class=\"card upcoming-events h-100\">\t\n\t\t\t\t\t\t\t<div class=\"card-header\">Prossimi eventi<\/div>\n\t\t\t\t\t\t\t<ul class=\"list-group list-group-flush\">\n\t\t\t\t\t\t\t\t<li class=\"list-group-item\">\n\t\t\t\t\t\t\t<small class=\"single-event-date b-block\">Dal 02\/06 al 05\/06<\/small>\n\t\t\t\t\t\t\t<a href=\"https:\/\/www.f-i-p.com\/en\/\" target=\"_blank\">\n\t\t\t\t\t\t\t\t<strong class=\"d-block\">FIP, Lione<\/strong>\n\t\t\t\t\t\t\t\t<em class=\"d-block text-muted\">Cedric Biseuil, Silvia Volont\u00e9<\/em>\n\t\t\t\t\t\t\t<\/a>\n\t\t\t\t\t\t<\/li>\n<li class=\"list-group-item\">\n\t\t\t\t\t\t\t<small class=\"single-event-date b-block\">Dal 28\/09 al 01\/10<\/small>\n\t\t\t\t\t\t\t<a href=\"https:\/\/bcindia.com\/en\/\" target=\"_blank\">\n\t\t\t\t\t\t\t\t<strong class=\"d-block\">Bauma, Greater Noida &#8211; Nuova Delhi<\/strong>\n\t\t\t\t\t\t\t\t<em class=\"d-block text-muted\">Matteo Buzzi, \u00a0Desai Siddhartha, Cedric Biseuil.<\/em>\n\t\t\t\t\t\t\t<\/a>\n\t\t\t\t\t\t<\/li>\n<li class=\"list-group-item\">\n\t\t\t\t\t\t\t<small class=\"single-event-date b-block\">Dal 12\/10 al 16\/10<\/small>\n\t\t\t\t\t\t\t<a href=\"https:\/\/www.fakuma-messe.de\/en\/\" target=\"_blank\">\n\t\t\t\t\t\t\t\t<strong class=\"d-block\">Fakuma, Friedrichshafen<\/strong>\n\t\t\t\t\t\t\t\t<em class=\"d-block text-muted\">Paolo Maino<\/em>\n\t\t\t\t\t\t\t<\/a>\n\t\t\t\t\t\t<\/li>\n<li class=\"list-group-item\">\n\t\t\t\t\t\t\t<small class=\"single-event-date b-block\">Dal 15\/03 al 19\/03<\/small>\n\t\t\t\t\t\t\t<a href=\"https:\/\/ish.messefrankfurt.com\/frankfurt\/en.html\" target=\"_blank\">\n\t\t\t\t\t\t\t\t<strong class=\"d-block\">ISH, Francoforte<\/strong>\n\t\t\t\t\t\t\t\t<em class=\"d-block text-muted\">Team commerciale<\/em>\n\t\t\t\t\t\t\t<\/a>\n\t\t\t\t\t\t<\/li>\n\t\t\t\t\t\t\t<\/ul>\n\t\t\t\t\t\t<\/div>\n\t\t\t\t\t<\/div>\n\t\t\t\t<\/div>\n\t\t\t\t\t\t\t<\/div>\n\t\t\t\t\t\t<\/section>[\/vc_column][\/vc_row][vc_row full_width=&#8221;stretch_row&#8221; equal_height=&#8221;yes&#8221; content_placement=&#8221;top&#8221; parallax=&#8221;content-moving&#8221; parallax_image=&#8221;356&#8243; css=&#8221;.vc_custom_1659523783102{padding-top: 5em !important;padding-bottom: 5em !important;}&#8221;][vc_column width=&#8221;1\/4&#8243;]<h3 class=\"randomNumbers animate__animated text-white\" data-value=\"14\" data-prepend=\"\" data-append=\"\"><span>14<\/span>linee di estrusione<\/h3>[\/vc_column][vc_column width=&#8221;1\/4&#8243; el_class=&#8221;text-white&#8221;]<h3 class=\"randomNumbers animate__animated \" data-value=\"72\" data-prepend=\"\" data-append=\"%\"><span>72<\/span>di esportazioni<\/h3>[\/vc_column][vc_column width=&#8221;1\/4&#8243; el_class=&#8221;text-white&#8221;]<h3 class=\"randomNumbers animate__animated \" data-value=\"60\" data-prepend=\"\" data-append=\"k\"><span>60<\/span>tonnellate di capacit\u00e0 produttiva<\/h3>[\/vc_column][vc_column width=&#8221;1\/4&#8243; el_class=&#8221;text-white&#8221;]<h3 class=\"randomNumbers animate__animated \" data-value=\"400\" data-prepend=\"\" data-append=\"<sup>+<\/sup>\"><span>400<\/span>clienti nel mondo<\/h3>[\/vc_column][\/vc_row][vc_row content_placement=&#8221;middle&#8221; disable_element=&#8221;yes&#8221; css=&#8221;.vc_custom_1718195029183{padding-top: 1em !important;padding-bottom: 1em !important;}&#8221;][vc_column width=&#8221;1\/2&#8243;][vc_single_image image=&#8221;15730&#8243; img_size=&#8221;full&#8221; alignment=&#8221;center&#8221; css_animation=&#8221;fadeIn&#8221;][\/vc_column][vc_column width=&#8221;1\/2&#8243;][vc_row_inner][vc_column_inner width=&#8221;5\/6&#8243; offset=&#8221;vc_col-sm-offset-1&#8243;]<h2 class=\"deco-title sinistra sub-dark\"><span class=\"deco-eylet\">Product finder<\/span><span>Ad ogni lavorazione, la sua plastica<\/span><\/h2>[vc_column_text el_class=&#8221;text-bigger&#8221;]Il nostro alto livello di expertise nella realizzazione di <strong>materiali plastici per termoformatura<\/strong> adatti ai pi\u00f9 svariati campi industriali, ci permette di fornirvi il prodotto migliore per ogni applicazione tecnica.<\/p>\n<p>Avete bisogno di una <strong>consulenza tecnica?<\/strong>[\/vc_column_text]<div class=\"button-wrapper inline\">\n\t\t\t<button type=\"button\" data-target=\"#cta-modal-69faad549cddc\" data-unique=\"69faad549cddc\" data-label=\"Contattaci\" data-form=\"560\" class=\"btn btn-default ajax-modal\" title=\"Contattaci\">Contattaci<\/button>\n\t\t<\/div><div class=\"button-wrapper inline\"><a class=\"btn btn-default inverted\"  href=\"\/it\/product-finder\/\"title=\"Usa il Product Finder\">Usa il Product Finder<\/a><\/div>[\/vc_column_inner][\/vc_row_inner][\/vc_column][\/vc_row]<\/p>\n<\/div>","protected":false},"excerpt":{"rendered":"<p>[vc_row full_width=&#8221;stretch_row&#8221; content_placement=&#8221;middle&#8221; css=&#8221;.vc_custom_1709901589658{padding-top: 4em !important;padding-bottom: 8em !important;background-image: url(https:\/\/www.ilpa-mp3.com\/wp-content\/uploads\/2022\/10\/background-1920&#215;760-light-no-margin.jpg?id=15547) !important;background-position: center !important;background-repeat: no-repeat !important;background-size: contain !important;}&#8221;][vc_column width=&#8221;1\/2&#8243;][vc_single_image image=&#8221;17070&#8243; img_size=&#8221;full&#8221; css_animation=&#8221;fadeIn&#8221;][vc_single_image image=&#8221;17068&#8243; img_size=&#8221;full&#8221; css_animation=&#8221;fadeIn&#8221;][\/vc_column][vc_column width=&#8221;1\/2&#8243; css=&#8221;.vc_custom_1709828050145{margin-top: 50px !important;margin-bottom: 2em !important;}&#8221;][vc_column_text]MP3 extrusion, da oltre 45 anni partner tecnologico per la fornitura industriale di lastre e bobine per la termoformatura in Italia e nel mondo. MP3 \u00e8 un [&hellip;]<\/p>\n","protected":false},"author":1,"featured_media":0,"parent":0,"menu_order":0,"comment_status":"closed","ping_status":"closed","template":"","meta":{"_acf_changed":false,"footnotes":""},"class_list":["post-2","page","type-page","status-publish","hentry"],"acf":[],"yoast_head":"<!-- This site is optimized with the Yoast SEO plugin v27.5 - https:\/\/yoast.com\/product\/yoast-seo-wordpress\/ -->\n<title>MP3 S.r.l. - Lastre e Bobine di plastica per la termoformatura<\/title>\n<meta name=\"description\" content=\"MP3 S.r.l. \u00e8 l&#039;azienda leader nell&#039;estrusione di plastica in lastre e bobine di alta qualit\u00e0 per la termoformatura. Scopri di pi\u00f9.\" \/>\n<meta name=\"robots\" content=\"index, follow, max-snippet:-1, max-image-preview:large, max-video-preview:-1\" \/>\n<link rel=\"canonical\" href=\"https:\/\/www.ilpa-mp3.com\/it\/\" \/>\n<meta property=\"og:locale\" content=\"it_IT\" \/>\n<meta property=\"og:type\" content=\"article\" \/>\n<meta property=\"og:title\" content=\"MP3 S.r.l. - Estrusore di lastre e bobine di alta qualit\u00e0 per la termoformatura\" \/>\n<meta property=\"og:description\" content=\"MP3 S.r.l. \u00e8 l&#039;azienda leader nell&#039;estrusione di plastica in lastre e bobine di alta qualit\u00e0 per la termoformatura. Scopri di pi\u00f9.\" \/>\n<meta property=\"og:url\" content=\"https:\/\/www.ilpa-mp3.com\/it\/\" \/>\n<meta property=\"og:site_name\" content=\"MP3 S.r.l.\" \/>\n<meta property=\"article:modified_time\" content=\"2024-06-12T12:23:52+00:00\" \/>\n<meta property=\"og:image\" content=\"https:\/\/www.ilpa-mp3.com\/wp-content\/uploads\/2022\/09\/ilpa-mp3-emilia-romagna-low.png\" \/>\n\t<meta property=\"og:image:width\" content=\"960\" \/>\n\t<meta property=\"og:image:height\" content=\"512\" \/>\n\t<meta property=\"og:image:type\" content=\"image\/png\" \/>\n<meta name=\"twitter:card\" content=\"summary_large_image\" \/>\n<meta name=\"twitter:label1\" content=\"Tempo di lettura stimato\" \/>\n\t<meta name=\"twitter:data1\" content=\"2 minuti\" \/>\n<script type=\"application\/ld+json\" class=\"yoast-schema-graph\">{\"@context\":\"https:\\\/\\\/schema.org\",\"@graph\":[{\"@type\":\"WebPage\",\"@id\":\"https:\\\/\\\/www.ilpa-mp3.com\\\/it\\\/\",\"url\":\"https:\\\/\\\/www.ilpa-mp3.com\\\/it\\\/\",\"name\":\"MP3 S.r.l. - Lastre e Bobine di plastica per la termoformatura\",\"isPartOf\":{\"@id\":\"https:\\\/\\\/www.ilpa-mp3.com\\\/it\\\/#website\"},\"datePublished\":\"2019-09-27T16:18:25+00:00\",\"dateModified\":\"2024-06-12T12:23:52+00:00\",\"description\":\"MP3 S.r.l. \u00e8 l'azienda leader nell'estrusione di plastica in lastre e bobine di alta qualit\u00e0 per la termoformatura. Scopri di pi\u00f9.\",\"breadcrumb\":{\"@id\":\"https:\\\/\\\/www.ilpa-mp3.com\\\/it\\\/#breadcrumb\"},\"inLanguage\":\"it-IT\",\"potentialAction\":[{\"@type\":\"ReadAction\",\"target\":[\"https:\\\/\\\/www.ilpa-mp3.com\\\/it\\\/\"]}]},{\"@type\":\"BreadcrumbList\",\"@id\":\"https:\\\/\\\/www.ilpa-mp3.com\\\/it\\\/#breadcrumb\",\"itemListElement\":[{\"@type\":\"ListItem\",\"position\":1,\"name\":\"Home\",\"item\":\"https:\\\/\\\/www.ilpa-mp3.com\\\/it\\\/\"},{\"@type\":\"ListItem\",\"position\":2,\"name\":\"Home page\"}]},{\"@type\":\"WebSite\",\"@id\":\"https:\\\/\\\/www.ilpa-mp3.com\\\/it\\\/#website\",\"url\":\"https:\\\/\\\/www.ilpa-mp3.com\\\/it\\\/\",\"name\":\"MP3 S.r.l.\",\"description\":\"Running for Excellence\",\"publisher\":{\"@id\":\"https:\\\/\\\/www.ilpa-mp3.com\\\/it\\\/#organization\"},\"potentialAction\":[{\"@type\":\"SearchAction\",\"target\":{\"@type\":\"EntryPoint\",\"urlTemplate\":\"https:\\\/\\\/www.ilpa-mp3.com\\\/it\\\/?s={search_term_string}\"},\"query-input\":{\"@type\":\"PropertyValueSpecification\",\"valueRequired\":true,\"valueName\":\"search_term_string\"}}],\"inLanguage\":\"it-IT\"},{\"@type\":\"Organization\",\"@id\":\"https:\\\/\\\/www.ilpa-mp3.com\\\/it\\\/#organization\",\"name\":\"Ilpa MP3 S.r.l.\",\"url\":\"https:\\\/\\\/www.ilpa-mp3.com\\\/it\\\/\",\"logo\":{\"@type\":\"ImageObject\",\"inLanguage\":\"it-IT\",\"@id\":\"https:\\\/\\\/www.ilpa-mp3.com\\\/it\\\/#\\\/schema\\\/logo\\\/image\\\/\",\"url\":\"https:\\\/\\\/www.ilpa-mp3.com\\\/wp-content\\\/uploads\\\/2020\\\/08\\\/logo.gif\",\"contentUrl\":\"https:\\\/\\\/www.ilpa-mp3.com\\\/wp-content\\\/uploads\\\/2020\\\/08\\\/logo.gif\",\"width\":146,\"height\":93,\"caption\":\"Ilpa MP3 S.r.l.\"},\"image\":{\"@id\":\"https:\\\/\\\/www.ilpa-mp3.com\\\/it\\\/#\\\/schema\\\/logo\\\/image\\\/\"},\"sameAs\":[\"https:\\\/\\\/www.linkedin.com\\\/company\\\/mp3-s.r.l.\\\/\"]}]}<\/script>\n<!-- \/ Yoast SEO plugin. -->","yoast_head_json":{"title":"MP3 S.r.l. - Lastre e Bobine di plastica per la termoformatura","description":"MP3 S.r.l. \u00e8 l'azienda leader nell'estrusione di plastica in lastre e bobine di alta qualit\u00e0 per la termoformatura. Scopri di pi\u00f9.","robots":{"index":"index","follow":"follow","max-snippet":"max-snippet:-1","max-image-preview":"max-image-preview:large","max-video-preview":"max-video-preview:-1"},"canonical":"https:\/\/www.ilpa-mp3.com\/it\/","og_locale":"it_IT","og_type":"article","og_title":"MP3 S.r.l. - Estrusore di lastre e bobine di alta qualit\u00e0 per la termoformatura","og_description":"MP3 S.r.l. \u00e8 l'azienda leader nell'estrusione di plastica in lastre e bobine di alta qualit\u00e0 per la termoformatura. Scopri di pi\u00f9.","og_url":"https:\/\/www.ilpa-mp3.com\/it\/","og_site_name":"MP3 S.r.l.","article_modified_time":"2024-06-12T12:23:52+00:00","og_image":[{"width":960,"height":512,"url":"https:\/\/www.ilpa-mp3.com\/wp-content\/uploads\/2022\/09\/ilpa-mp3-emilia-romagna-low.png","type":"image\/png"}],"twitter_card":"summary_large_image","twitter_misc":{"Tempo di lettura stimato":"2 minuti"},"schema":{"@context":"https:\/\/schema.org","@graph":[{"@type":"WebPage","@id":"https:\/\/www.ilpa-mp3.com\/it\/","url":"https:\/\/www.ilpa-mp3.com\/it\/","name":"MP3 S.r.l. - Lastre e Bobine di plastica per la termoformatura","isPartOf":{"@id":"https:\/\/www.ilpa-mp3.com\/it\/#website"},"datePublished":"2019-09-27T16:18:25+00:00","dateModified":"2024-06-12T12:23:52+00:00","description":"MP3 S.r.l. \u00e8 l'azienda leader nell'estrusione di plastica in lastre e bobine di alta qualit\u00e0 per la termoformatura. Scopri di pi\u00f9.","breadcrumb":{"@id":"https:\/\/www.ilpa-mp3.com\/it\/#breadcrumb"},"inLanguage":"it-IT","potentialAction":[{"@type":"ReadAction","target":["https:\/\/www.ilpa-mp3.com\/it\/"]}]},{"@type":"BreadcrumbList","@id":"https:\/\/www.ilpa-mp3.com\/it\/#breadcrumb","itemListElement":[{"@type":"ListItem","position":1,"name":"Home","item":"https:\/\/www.ilpa-mp3.com\/it\/"},{"@type":"ListItem","position":2,"name":"Home page"}]},{"@type":"WebSite","@id":"https:\/\/www.ilpa-mp3.com\/it\/#website","url":"https:\/\/www.ilpa-mp3.com\/it\/","name":"MP3 S.r.l.","description":"Running for Excellence","publisher":{"@id":"https:\/\/www.ilpa-mp3.com\/it\/#organization"},"potentialAction":[{"@type":"SearchAction","target":{"@type":"EntryPoint","urlTemplate":"https:\/\/www.ilpa-mp3.com\/it\/?s={search_term_string}"},"query-input":{"@type":"PropertyValueSpecification","valueRequired":true,"valueName":"search_term_string"}}],"inLanguage":"it-IT"},{"@type":"Organization","@id":"https:\/\/www.ilpa-mp3.com\/it\/#organization","name":"Ilpa MP3 S.r.l.","url":"https:\/\/www.ilpa-mp3.com\/it\/","logo":{"@type":"ImageObject","inLanguage":"it-IT","@id":"https:\/\/www.ilpa-mp3.com\/it\/#\/schema\/logo\/image\/","url":"https:\/\/www.ilpa-mp3.com\/wp-content\/uploads\/2020\/08\/logo.gif","contentUrl":"https:\/\/www.ilpa-mp3.com\/wp-content\/uploads\/2020\/08\/logo.gif","width":146,"height":93,"caption":"Ilpa MP3 S.r.l."},"image":{"@id":"https:\/\/www.ilpa-mp3.com\/it\/#\/schema\/logo\/image\/"},"sameAs":["https:\/\/www.linkedin.com\/company\/mp3-s.r.l.\/"]}]}},"_links":{"self":[{"href":"https:\/\/www.ilpa-mp3.com\/it\/wp-json\/wp\/v2\/pages\/2","targetHints":{"allow":["GET"]}}],"collection":[{"href":"https:\/\/www.ilpa-mp3.com\/it\/wp-json\/wp\/v2\/pages"}],"about":[{"href":"https:\/\/www.ilpa-mp3.com\/it\/wp-json\/wp\/v2\/types\/page"}],"author":[{"embeddable":true,"href":"https:\/\/www.ilpa-mp3.com\/it\/wp-json\/wp\/v2\/users\/1"}],"replies":[{"embeddable":true,"href":"https:\/\/www.ilpa-mp3.com\/it\/wp-json\/wp\/v2\/comments?post=2"}],"version-history":[{"count":137,"href":"https:\/\/www.ilpa-mp3.com\/it\/wp-json\/wp\/v2\/pages\/2\/revisions"}],"predecessor-version":[{"id":17702,"href":"https:\/\/www.ilpa-mp3.com\/it\/wp-json\/wp\/v2\/pages\/2\/revisions\/17702"}],"wp:attachment":[{"href":"https:\/\/www.ilpa-mp3.com\/it\/wp-json\/wp\/v2\/media?parent=2"}],"curies":[{"name":"wp","href":"https:\/\/api.w.org\/{rel}","templated":true}]}}