{"id":21060,"date":"2026-02-27T10:33:09","date_gmt":"2026-02-27T09:33:09","guid":{"rendered":"https:\/\/www.ilpa-mp3.com\/?page_id=21060"},"modified":"2026-03-11T16:03:26","modified_gmt":"2026-03-11T15:03:26","slug":"lo-stabilimento","status":"publish","type":"page","link":"https:\/\/www.ilpa-mp3.com\/it\/azienda\/lo-stabilimento\/","title":{"rendered":"Lo stabilimento"},"content":{"rendered":"<div class=\"wpb-content-wrapper\"><p>[vc_row full_width=&#8221;stretch_row_content&#8221; css=&#8221;.vc_custom_1772129748587{background-image: url(https:\/\/www.ilpa-mp3.com\/wp-content\/uploads\/2019\/10\/parallax-stabilimento-2.jpg?id=356) !important;background-position: center !important;background-repeat: no-repeat !important;background-size: cover !important;}&#8221;][vc_column][vc_row_inner css=&#8221;.vc_custom_1772037425927{margin-top: 2em !important;margin-bottom: 2em !important;}&#8221;][vc_column_inner width=&#8221;5\/12&#8243; css=&#8221;.vc_custom_1772184754172{padding-top: 2em !important;padding-right: 2em !important;padding-bottom: 2em !important;padding-left: 2em !important;background-color: #30353ADE !important;border-radius: 10px !important;}&#8221; offset=&#8221;vc_col-sm-offset-1&#8243;]<h1 class=\"deco-title sinistra text-white\"><span class=\"deco-eylet\">L\u2019Avanguardia Tecnologica al Servizio dell\u2019Industria<\/span><span>Polo Produttivo MP3<\/span><\/h1>[vc_column_text css=&#8221;.vc_custom_1772130390234{padding-top: 2em !important;}&#8221; el_class=&#8221;text-white&#8221;]Situato a <strong>Valsamoggia<\/strong> (localit\u00e0 Bazzano, Bologna), il plant di MP3 Srl rappresenta l\u2019asset centrale del Gruppo: un hub in cui l\u2019eccellenza manifatturiera e la logistica evoluta si fondono con la direzione strategica e i centri decisionali. Un <strong>modello di industria integrata <\/strong>progettato per ottimizzare i flussi e tradurre l&#8217;innovazione tecnologica in performance produttive di alto profilo[\/vc_column_text][\/vc_column_inner][vc_column_inner width=&#8221;1\/3&#8243; offset=&#8221;vc_col-sm-offset-1&#8243;][\/vc_column_inner][\/vc_row_inner][vc_row_inner css=&#8221;.vc_custom_1772037425927{margin-top: 2em !important;margin-bottom: 2em !important;}&#8221;][vc_column_inner width=&#8221;1\/2&#8243;][\/vc_column_inner][vc_column_inner width=&#8221;5\/12&#8243; css=&#8221;.vc_custom_1772184742218{padding-top: 2em !important;padding-right: 2em !important;padding-left: 2em !important;background-color: #DD3333DE !important;border-radius: 10px !important;}&#8221;]<h2 class=\"deco-title sinistra text-white\"><span class=\"deco-eylet\">Al centro delle principali direttrici logistiche<\/span><span>Posizione strategica<\/span><\/h2>[vc_column_text css=&#8221;&#8221; el_class=&#8221;text-white&#8221;]La collocazione geografica del nostro stabilimento \u00e8 uno dei principali punti di forza di MP3. Situato a pochi minuti dal <strong>casello autostradale di Valsamoggia<\/strong>, il sito \u00e8 collegato direttamente all\u2019autostrada tramite <strong>strade a scorrimento veloce<\/strong>.<br \/>\nQuesta infrastruttura garantisce <strong>tempi di trasporto ridotti<\/strong>, <strong>flussi logistici continui<\/strong> e <strong>affidabilit\u00e0 nelle consegne<\/strong>, sia a livello nazionale che internazionale.<br \/>\nLa vicinanza ai <strong>porti di Ravenna e La Spezia<\/strong> consente inoltre una gestione ottimale delle spedizioni via mare, rendendo lo stabilimento un hub strategico per mercati europei ed extra-europei.[\/vc_column_text][\/vc_column_inner][\/vc_row_inner][\/vc_column][\/vc_row][vc_row full_width=&#8221;stretch_row&#8221; content_placement=&#8221;middle&#8221; css_animation=&#8221;fadeIn&#8221; css=&#8221;.vc_custom_1772033180904{padding-top: 4em !important;padding-bottom: 4em !important;background-position: center !important;background-repeat: no-repeat !important;background-size: cover !important;}&#8221;][vc_column css_animation=&#8221;left-to-right&#8221;][vc_raw_html css=&#8221;&#8221;]JTNDaDIlMjBzdHlsZSUzRCUyMnRleHQtYWxpZ24lM0ElMjBjZW50ZXIlM0IlMjIlM0UlM0NlbSUzRSUzQ3N0cm9uZyUzRSUzQ3NwYW4lMjBzdHlsZSUzRCUyMmZvbnQtc2l6ZSUzQSUyMDQ4cHglM0IlMjBjb2xvciUzQSUyMHJnYiUyODEyNCUyQyUyMDExMiUyQyUyMDEwNyUyOSUzQiUyMiUzRURpbWVuc2lvbmklMjBlJTIwaW5mcmFzdHJ1dHR1cmUlMjBwZW5zYXRlJTIwcGVyJTIwbGElMjBncmFuZGUlMjBpbmR1c3RyaWElM0MlMkZzcGFuJTNFJTNDJTJGc3Ryb25nJTNFJTNDJTJGZW0lM0UlM0MlMkZoMiUzRQ==[\/vc_raw_html][vc_row_inner][vc_column_inner width=&#8221;2\/3&#8243; offset=&#8221;vc_col-sm-offset-2&#8243;][vc_column_text css=&#8221;.vc_custom_1772039182980{margin-top: 2em !important;margin-bottom: 2em !important;}&#8221;]Il sito industriale si estende su un\u2019area complessiva di <strong>80.000 m\u00b2,<\/strong> di cui 45.000 m\u00b2 coperti, ed \u00e8 stato progettato per supportare volumi produttivi fino a 75.000Ton\/anno e una logistica altamente performante.[\/vc_column_text][vc_column_text css=&#8221;.vc_custom_1772100093395{margin-top: 4em !important;margin-bottom: 0px !important;}&#8221;]<\/p>\n<h3 style=\"text-align: center;\">Lo stabilimento \u00e8 dotato di:<\/h3>\n<p>[\/vc_column_text][\/vc_column_inner][\/vc_row_inner][\/vc_column][\/vc_row][vc_row full_width=&#8221;stretch_row&#8221; gap=&#8221;25&#8243; equal_height=&#8221;yes&#8221; css=&#8221;.vc_custom_1772126232741{padding-top: 6em !important;padding-bottom: 6em !important;background-image: url(https:\/\/www.ilpa-mp3.com\/wp-content\/uploads\/2026\/02\/Produzione-MP3-2.jpg?id=21145) !important;background-position: center !important;background-repeat: no-repeat !important;background-size: cover !important;}&#8221;][vc_column width=&#8221;1\/5&#8243; css=&#8221;.vc_custom_1772527615816{padding-top: 2em !important;background-color: #D00C15 !important;border-radius: 20px !important;}&#8221;][vc_icon type=&#8221;material&#8221; icon_material=&#8221;vc-material vc-material-import_export&#8221; color=&#8221;white&#8221; size=&#8221;xl&#8221; align=&#8221;center&#8221; css=&#8221;.vc_custom_1772099749319{margin-bottom: 2em !important;}&#8221;][vc_column_text css=&#8221;.vc_custom_1772527234999{margin-top: 2em !important;padding-top: 2em !important;}&#8221; el_class=&#8221;text-white&#8221;]<strong>18 postazioni di carico<\/strong>, che consentono il carico e lo scarico simultaneo di numerosi mezzi.[\/vc_column_text][\/vc_column][vc_column width=&#8221;1\/5&#8243; css=&#8221;.vc_custom_1772527627575{padding-top: 2em !important;background-color: #D00C15 !important;border-radius: 20px !important;}&#8221;][vc_icon type=&#8221;material&#8221; icon_material=&#8221;vc-material vc-material-local_shipping&#8221; color=&#8221;white&#8221; size=&#8221;xl&#8221; align=&#8221;center&#8221; css=&#8221;.vc_custom_1772099758673{margin-bottom: 2em !important;}&#8221;][vc_column_text css=&#8221;.vc_custom_1772527229471{margin-top: 2em !important;padding-top: 2em !important;}&#8221; el_class=&#8221;text-white&#8221;]Possibilit\u00e0 di carico sia di camion standard che di <strong>container<\/strong>, per una gestione flessibile delle spedizioni.[\/vc_column_text][\/vc_column][vc_column width=&#8221;1\/5&#8243; css=&#8221;.vc_custom_1772527646260{padding-top: 2em !important;background-color: #D00C15 !important;border-radius: 20px !important;}&#8221;][vc_icon type=&#8221;material&#8221; icon_material=&#8221;vc-material vc-material-event_available&#8221; color=&#8221;white&#8221; size=&#8221;xl&#8221; align=&#8221;center&#8221; css=&#8221;.vc_custom_1772099766522{margin-bottom: 2em !important;}&#8221;][vc_column_text css=&#8221;.vc_custom_1772527179610{margin-top: 2em !important;padding-top: 2em !important;}&#8221; el_class=&#8221;text-white&#8221;]Una capacit\u00e0 operativa che permette di movimentare settimanalmente pi\u00f9 di\u00a0<strong>4.000 tonnellate di materiale.<\/strong>[\/vc_column_text][\/vc_column][vc_column width=&#8221;1\/5&#8243; css=&#8221;.vc_custom_1772527668766{padding-top: 2em !important;background-color: #D00C15 !important;border-radius: 20px !important;}&#8221;][vc_icon type=&#8221;material&#8221; icon_material=&#8221;vc-material vc-material-schedule&#8221; color=&#8221;white&#8221; size=&#8221;xl&#8221; align=&#8221;center&#8221; css=&#8221;.vc_custom_1772099790577{margin-bottom: 2em !important;}&#8221;][vc_column_text css=&#8221;.vc_custom_1772527198693{margin-top: 2em !important;padding-top: 2em !important;}&#8221; el_class=&#8221;text-white&#8221;]Due aree dedicate allo\u00a0<strong>stoccaggio interno<\/strong>\u00a0del materiale finito messe a disposizione dei clienti, oltre a\u00a0<strong>scaffalature automatiche.<\/strong>[\/vc_column_text][\/vc_column][vc_column width=&#8221;1\/5&#8243; css=&#8221;.vc_custom_1772527660712{padding-top: 2em !important;background-color: #D00C15 !important;border-radius: 20px !important;}&#8221;][vc_icon type=&#8221;material&#8221; icon_material=&#8221;vc-material vc-material-thumb_up&#8221; color=&#8221;white&#8221; size=&#8221;xl&#8221; align=&#8221;center&#8221; css=&#8221;.vc_custom_1772099784954{margin-bottom: 2em !important;}&#8221;][vc_column_text css=&#8221;.vc_custom_1772527218541{margin-top: 2em !important;padding-top: 2em !important;}&#8221; el_class=&#8221;text-white&#8221;]Ampie aree dedicate allo\u00a0<strong>stoccaggio delle materie prime<\/strong>, per garantire continuit\u00e0 produttiva, rapidit\u00e0 di esecuzione e massima affidabilit\u00e0 per i nostri clienti.[\/vc_column_text][\/vc_column][\/vc_row][vc_row full_width=&#8221;stretch_row_content_no_spaces&#8221; css=&#8221;.vc_custom_1772015232778{background-color: #30353A !important;background-position: center !important;background-repeat: no-repeat !important;background-size: cover !important;}&#8221;][vc_column][vc_row_inner content_placement=&#8221;middle&#8221; css=&#8221;.vc_custom_1772016968790{margin-top: 4em !important;margin-bottom: 4em !important;}&#8221;][vc_column_inner el_class=&#8221;background-linear-gradient shadow&#8221; width=&#8221;1\/3&#8243; offset=&#8221;vc_col-sm-offset-1&#8243; css=&#8221;.vc_custom_1772016083791{padding-top: 2em !important;padding-right: 2em !important;padding-bottom: 2em !important;padding-left: 2em !important;}&#8221;]<h2 class=\"deco-title sinistra text-white\"><span class=\"deco-eylet\">Impianti e sedi<\/span><span>Produzione all\u2019avanguardia e integrazione dei processi<\/span><\/h2>[vc_column_text css=&#8221;&#8221; el_class=&#8221;text-white&#8221;]Con <strong>14 linee di estrusione<\/strong> e <strong>un impianto di termoformatura<\/strong>, il nostro reparto produttivo rappresenta il fiore all\u2019occhiello del settore. L\u2019integrazione di <strong>10 mulini<\/strong> <strong>di macinazione<\/strong> ad alta capacit\u00e0 assicura la totale gestione degli scarti, consolidando un modello industriale basato su elevata capacit\u00e0 produttiva.<\/p>\n<p>Questa dotazione tecnologica consente a MP3 di operare con el<strong>evati standard qualitativi<\/strong>, <strong>continuit\u00e0 produttiva e flessibilit\u00e0<\/strong>, rispondendo alle esigenze di mercati complessi e altamente competitivi.<\/p>\n<p>A stretto contatto con la produzione si trovano gli <strong>uffici Qualit\u00e0 e Pianificazione<\/strong>, una scelta strategica che permette un controllo costante dei processi, una programmazione efficiente e un rapido adattamento alle richieste dei clienti.[\/vc_column_text][\/vc_column_inner][vc_column_inner width=&#8221;1\/2&#8243; offset=&#8221;vc_col-sm-offset-1&#8243;][vc_single_image image=&#8221;21128&#8243; img_size=&#8221;full&#8221; alignment=&#8221;center&#8221; css=&#8221;&#8221;][\/vc_column_inner][\/vc_row_inner][vc_row_inner content_placement=&#8221;middle&#8221; css=&#8221;.vc_custom_1772527765031{margin-top: 4em !important;margin-bottom: 4em !important;}&#8221;][vc_column_inner width=&#8221;1\/2&#8243;][vc_single_image image=&#8221;21135&#8243; img_size=&#8221;full&#8221; alignment=&#8221;center&#8221;][\/vc_column_inner][vc_column_inner el_class=&#8221;background-linear-gradient shadow&#8221; width=&#8221;1\/3&#8243; css=&#8221;.vc_custom_1772016139492{padding-top: 2em !important;padding-right: 2em !important;padding-bottom: 2em !important;padding-left: 2em !important;}&#8221; offset=&#8221;vc_col-sm-offset-1&#8243;]<h2 class=\"deco-title sinistra text-white\"><span class=\"deco-eylet\">Impianti e sedi<\/span><span>Un ecosistema aziendale completo, in un unico sito<\/span><\/h2>[vc_column_text css=&#8221;&#8221; el_class=&#8221;text-white&#8221;]Lo stabilimento di Valsamoggia non \u00e8 solo un centro produttivo, ma <strong>un ecosistema aziendale integrato<\/strong> che ospita tutte le principali funzioni strategiche di MP3:<\/p>\n<ul>\n<li>uffici <strong>Commerciali<\/strong><\/li>\n<li>Reparto <strong>Acquisti<\/strong><\/li>\n<li><strong>Risorse Umane<\/strong><\/li>\n<li><strong>Manutenzione<\/strong>, fondamentale per garantire affidabilit\u00e0 e continuit\u00e0 operativa<\/li>\n<\/ul>\n<p>A completare il sito, un intero edificio dedicato alla <strong>Ricerca e Sviluppo<\/strong>, con un <strong>laboratorio interno all\u2019avanguardia<\/strong>, dove innovazione, test e sviluppo di nuove soluzioni rappresentano un pilastro fondamentale della crescita futura dell\u2019azienda.[\/vc_column_text][\/vc_column_inner][\/vc_row_inner][\/vc_column][\/vc_row][vc_row full_width=&#8221;stretch_row_content&#8221; content_placement=&#8221;middle&#8221; css_animation=&#8221;fadeIn&#8221; css=&#8221;.vc_custom_1772129508502{padding-top: 1em !important;padding-bottom: 2em !important;background-color: #f5f5f5 !important;background-position: center !important;background-repeat: no-repeat !important;background-size: cover !important;}&#8221;][vc_column css_animation=&#8221;left-to-right&#8221; width=&#8221;1\/3&#8243; offset=&#8221;vc_col-sm-offset-1&#8243; css=&#8221;.vc_custom_1772129658503{padding-bottom: 2em !important;}&#8221;]<h2 class=\"deco-title sinistra\"><span class=\"deco-eylet\">Impianti e sedi<\/span><span>Sostenibilit\u00e0 e visione di lungo periodo<\/span><\/h2>[vc_column_text css=&#8221;&#8221;]Lo stabilimento \u00e8 dotato di un sistema di <strong>pannelli fotovoltaici<\/strong> per un totale di 1.432 kWhp, a conferma dell\u2019impegno concreto di MP3 verso un <strong>modello industriale pi\u00f9 sostenibile, efficiente e orientato al futuro<\/strong>.[\/vc_column_text][\/vc_column][vc_column css_animation=&#8221;right-to-left&#8221; width=&#8221;1\/2&#8243; css=&#8221;.vc_custom_1772129413343{background-position: center !important;background-repeat: no-repeat !important;background-size: cover !important;}&#8221; offset=&#8221;vc_col-sm-offset-1&#8243;][vc_single_image image=&#8221;21159&#8243; img_size=&#8221;full&#8221; alignment=&#8221;center&#8221; css=&#8221;&#8221;][\/vc_column][\/vc_row]<\/p>\n<\/div>","protected":false},"excerpt":{"rendered":"<p>[vc_row full_width=&#8221;stretch_row_content&#8221; css=&#8221;.vc_custom_1772129748587{background-image: url(https:\/\/www.ilpa-mp3.com\/wp-content\/uploads\/2019\/10\/parallax-stabilimento-2.jpg?id=356) !important;background-position: center !important;background-repeat: no-repeat !important;background-size: cover !important;}&#8221;][vc_column][vc_row_inner css=&#8221;.vc_custom_1772037425927{margin-top: 2em !important;margin-bottom: 2em !important;}&#8221;][vc_column_inner width=&#8221;5\/12&#8243; css=&#8221;.vc_custom_1772184754172{padding-top: 2em !important;padding-right: 2em !important;padding-bottom: 2em !important;padding-left: 2em !important;background-color: #30353ADE !important;border-radius: 10px !important;}&#8221; offset=&#8221;vc_col-sm-offset-1&#8243;][vc_column_text css=&#8221;.vc_custom_1772130390234{padding-top: 2em !important;}&#8221; el_class=&#8221;text-white&#8221;]Situato a Valsamoggia (localit\u00e0 Bazzano, Bologna), il plant di MP3 Srl rappresenta l\u2019asset centrale del Gruppo: un hub in cui l\u2019eccellenza [&hellip;]<\/p>\n","protected":false},"author":2,"featured_media":21159,"parent":8,"menu_order":3,"comment_status":"closed","ping_status":"closed","template":"","meta":{"_acf_changed":false,"footnotes":""},"class_list":["post-21060","page","type-page","status-publish","has-post-thumbnail","hentry"],"acf":[],"yoast_head":"<!-- This site is optimized with the Yoast SEO plugin v27.4 - https:\/\/yoast.com\/product\/yoast-seo-wordpress\/ -->\n<title>Lo stabilimento - MP3 S.r.l.<\/title>\n<meta name=\"robots\" content=\"index, follow, max-snippet:-1, max-image-preview:large, max-video-preview:-1\" \/>\n<link rel=\"canonical\" href=\"https:\/\/www.ilpa-mp3.com\/it\/azienda\/lo-stabilimento\/\" \/>\n<meta property=\"og:locale\" content=\"it_IT\" \/>\n<meta property=\"og:type\" content=\"article\" \/>\n<meta property=\"og:title\" content=\"Lo stabilimento - MP3 S.r.l.\" \/>\n<meta property=\"og:description\" content=\"[vc_row full_width=&#8221;stretch_row_content&#8221; css=&#8221;.vc_custom_1772129748587{background-image: url(https:\/\/www.ilpa-mp3.com\/wp-content\/uploads\/2019\/10\/parallax-stabilimento-2.jpg?id=356) !important;background-position: center !important;background-repeat: no-repeat !important;background-size: cover !important;}&#8221;][vc_column][vc_row_inner css=&#8221;.vc_custom_1772037425927{margin-top: 2em !important;margin-bottom: 2em !important;}&#8221;][vc_column_inner width=&#8221;5\/12&#8243; css=&#8221;.vc_custom_1772184754172{padding-top: 2em !important;padding-right: 2em !important;padding-bottom: 2em !important;padding-left: 2em !important;background-color: #30353ADE !important;border-radius: 10px !important;}&#8221; offset=&#8221;vc_col-sm-offset-1&#8243;][vc_column_text css=&#8221;.vc_custom_1772130390234{padding-top: 2em !important;}&#8221; el_class=&#8221;text-white&#8221;]Situato a Valsamoggia (localit\u00e0 Bazzano, Bologna), il plant di MP3 Srl rappresenta l\u2019asset centrale del Gruppo: un hub in cui l\u2019eccellenza [&hellip;]\" \/>\n<meta property=\"og:url\" content=\"https:\/\/www.ilpa-mp3.com\/it\/azienda\/lo-stabilimento\/\" \/>\n<meta property=\"og:site_name\" content=\"MP3 S.r.l.\" \/>\n<meta property=\"article:modified_time\" content=\"2026-03-11T15:03:26+00:00\" \/>\n<meta property=\"og:image\" content=\"https:\/\/www.ilpa-mp3.com\/wp-content\/uploads\/2026\/02\/DJI_0231-pannelli.jpg\" \/>\n\t<meta property=\"og:image:width\" content=\"1920\" \/>\n\t<meta property=\"og:image:height\" content=\"1349\" \/>\n\t<meta property=\"og:image:type\" content=\"image\/jpeg\" \/>\n<meta name=\"twitter:card\" content=\"summary_large_image\" \/>\n<meta name=\"twitter:label1\" content=\"Tempo di lettura stimato\" \/>\n\t<meta name=\"twitter:data1\" content=\"5 minuti\" \/>\n<script type=\"application\/ld+json\" class=\"yoast-schema-graph\">{\"@context\":\"https:\\\/\\\/schema.org\",\"@graph\":[{\"@type\":\"WebPage\",\"@id\":\"https:\\\/\\\/www.ilpa-mp3.com\\\/it\\\/azienda\\\/lo-stabilimento\\\/\",\"url\":\"https:\\\/\\\/www.ilpa-mp3.com\\\/it\\\/azienda\\\/lo-stabilimento\\\/\",\"name\":\"Lo stabilimento - MP3 S.r.l.\",\"isPartOf\":{\"@id\":\"https:\\\/\\\/www.ilpa-mp3.com\\\/it\\\/#website\"},\"primaryImageOfPage\":{\"@id\":\"https:\\\/\\\/www.ilpa-mp3.com\\\/it\\\/azienda\\\/lo-stabilimento\\\/#primaryimage\"},\"image\":{\"@id\":\"https:\\\/\\\/www.ilpa-mp3.com\\\/it\\\/azienda\\\/lo-stabilimento\\\/#primaryimage\"},\"thumbnailUrl\":\"https:\\\/\\\/www.ilpa-mp3.com\\\/wp-content\\\/uploads\\\/2026\\\/02\\\/DJI_0231-pannelli.jpg\",\"datePublished\":\"2026-02-27T09:33:09+00:00\",\"dateModified\":\"2026-03-11T15:03:26+00:00\",\"breadcrumb\":{\"@id\":\"https:\\\/\\\/www.ilpa-mp3.com\\\/it\\\/azienda\\\/lo-stabilimento\\\/#breadcrumb\"},\"inLanguage\":\"it-IT\",\"potentialAction\":[{\"@type\":\"ReadAction\",\"target\":[\"https:\\\/\\\/www.ilpa-mp3.com\\\/it\\\/azienda\\\/lo-stabilimento\\\/\"]}]},{\"@type\":\"ImageObject\",\"inLanguage\":\"it-IT\",\"@id\":\"https:\\\/\\\/www.ilpa-mp3.com\\\/it\\\/azienda\\\/lo-stabilimento\\\/#primaryimage\",\"url\":\"https:\\\/\\\/www.ilpa-mp3.com\\\/wp-content\\\/uploads\\\/2026\\\/02\\\/DJI_0231-pannelli.jpg\",\"contentUrl\":\"https:\\\/\\\/www.ilpa-mp3.com\\\/wp-content\\\/uploads\\\/2026\\\/02\\\/DJI_0231-pannelli.jpg\",\"width\":1920,\"height\":1349},{\"@type\":\"BreadcrumbList\",\"@id\":\"https:\\\/\\\/www.ilpa-mp3.com\\\/it\\\/azienda\\\/lo-stabilimento\\\/#breadcrumb\",\"itemListElement\":[{\"@type\":\"ListItem\",\"position\":1,\"name\":\"Home\",\"item\":\"https:\\\/\\\/www.ilpa-mp3.com\\\/it\\\/\"},{\"@type\":\"ListItem\",\"position\":2,\"name\":\"Azienda\",\"item\":\"https:\\\/\\\/www.ilpa-mp3.com\\\/it\\\/azienda\\\/\"},{\"@type\":\"ListItem\",\"position\":3,\"name\":\"Lo stabilimento\"}]},{\"@type\":\"WebSite\",\"@id\":\"https:\\\/\\\/www.ilpa-mp3.com\\\/it\\\/#website\",\"url\":\"https:\\\/\\\/www.ilpa-mp3.com\\\/it\\\/\",\"name\":\"MP3 S.r.l.\",\"description\":\"Running for Excellence\",\"publisher\":{\"@id\":\"https:\\\/\\\/www.ilpa-mp3.com\\\/it\\\/#organization\"},\"potentialAction\":[{\"@type\":\"SearchAction\",\"target\":{\"@type\":\"EntryPoint\",\"urlTemplate\":\"https:\\\/\\\/www.ilpa-mp3.com\\\/it\\\/?s={search_term_string}\"},\"query-input\":{\"@type\":\"PropertyValueSpecification\",\"valueRequired\":true,\"valueName\":\"search_term_string\"}}],\"inLanguage\":\"it-IT\"},{\"@type\":\"Organization\",\"@id\":\"https:\\\/\\\/www.ilpa-mp3.com\\\/it\\\/#organization\",\"name\":\"Ilpa MP3 S.r.l.\",\"url\":\"https:\\\/\\\/www.ilpa-mp3.com\\\/it\\\/\",\"logo\":{\"@type\":\"ImageObject\",\"inLanguage\":\"it-IT\",\"@id\":\"https:\\\/\\\/www.ilpa-mp3.com\\\/it\\\/#\\\/schema\\\/logo\\\/image\\\/\",\"url\":\"https:\\\/\\\/www.ilpa-mp3.com\\\/wp-content\\\/uploads\\\/2020\\\/08\\\/logo.gif\",\"contentUrl\":\"https:\\\/\\\/www.ilpa-mp3.com\\\/wp-content\\\/uploads\\\/2020\\\/08\\\/logo.gif\",\"width\":146,\"height\":93,\"caption\":\"Ilpa MP3 S.r.l.\"},\"image\":{\"@id\":\"https:\\\/\\\/www.ilpa-mp3.com\\\/it\\\/#\\\/schema\\\/logo\\\/image\\\/\"},\"sameAs\":[\"https:\\\/\\\/www.linkedin.com\\\/company\\\/mp3-s.r.l.\\\/\"]}]}<\/script>\n<!-- \/ Yoast SEO plugin. -->","yoast_head_json":{"title":"Lo stabilimento - MP3 S.r.l.","robots":{"index":"index","follow":"follow","max-snippet":"max-snippet:-1","max-image-preview":"max-image-preview:large","max-video-preview":"max-video-preview:-1"},"canonical":"https:\/\/www.ilpa-mp3.com\/it\/azienda\/lo-stabilimento\/","og_locale":"it_IT","og_type":"article","og_title":"Lo stabilimento - MP3 S.r.l.","og_description":"[vc_row full_width=&#8221;stretch_row_content&#8221; css=&#8221;.vc_custom_1772129748587{background-image: url(https:\/\/www.ilpa-mp3.com\/wp-content\/uploads\/2019\/10\/parallax-stabilimento-2.jpg?id=356) !important;background-position: center !important;background-repeat: no-repeat !important;background-size: cover !important;}&#8221;][vc_column][vc_row_inner css=&#8221;.vc_custom_1772037425927{margin-top: 2em !important;margin-bottom: 2em !important;}&#8221;][vc_column_inner width=&#8221;5\/12&#8243; css=&#8221;.vc_custom_1772184754172{padding-top: 2em !important;padding-right: 2em !important;padding-bottom: 2em !important;padding-left: 2em !important;background-color: #30353ADE !important;border-radius: 10px !important;}&#8221; offset=&#8221;vc_col-sm-offset-1&#8243;][vc_column_text css=&#8221;.vc_custom_1772130390234{padding-top: 2em !important;}&#8221; el_class=&#8221;text-white&#8221;]Situato a Valsamoggia (localit\u00e0 Bazzano, Bologna), il plant di MP3 Srl rappresenta l\u2019asset centrale del Gruppo: un hub in cui l\u2019eccellenza [&hellip;]","og_url":"https:\/\/www.ilpa-mp3.com\/it\/azienda\/lo-stabilimento\/","og_site_name":"MP3 S.r.l.","article_modified_time":"2026-03-11T15:03:26+00:00","og_image":[{"width":1920,"height":1349,"url":"https:\/\/www.ilpa-mp3.com\/wp-content\/uploads\/2026\/02\/DJI_0231-pannelli.jpg","type":"image\/jpeg"}],"twitter_card":"summary_large_image","twitter_misc":{"Tempo di lettura stimato":"5 minuti"},"schema":{"@context":"https:\/\/schema.org","@graph":[{"@type":"WebPage","@id":"https:\/\/www.ilpa-mp3.com\/it\/azienda\/lo-stabilimento\/","url":"https:\/\/www.ilpa-mp3.com\/it\/azienda\/lo-stabilimento\/","name":"Lo stabilimento - MP3 S.r.l.","isPartOf":{"@id":"https:\/\/www.ilpa-mp3.com\/it\/#website"},"primaryImageOfPage":{"@id":"https:\/\/www.ilpa-mp3.com\/it\/azienda\/lo-stabilimento\/#primaryimage"},"image":{"@id":"https:\/\/www.ilpa-mp3.com\/it\/azienda\/lo-stabilimento\/#primaryimage"},"thumbnailUrl":"https:\/\/www.ilpa-mp3.com\/wp-content\/uploads\/2026\/02\/DJI_0231-pannelli.jpg","datePublished":"2026-02-27T09:33:09+00:00","dateModified":"2026-03-11T15:03:26+00:00","breadcrumb":{"@id":"https:\/\/www.ilpa-mp3.com\/it\/azienda\/lo-stabilimento\/#breadcrumb"},"inLanguage":"it-IT","potentialAction":[{"@type":"ReadAction","target":["https:\/\/www.ilpa-mp3.com\/it\/azienda\/lo-stabilimento\/"]}]},{"@type":"ImageObject","inLanguage":"it-IT","@id":"https:\/\/www.ilpa-mp3.com\/it\/azienda\/lo-stabilimento\/#primaryimage","url":"https:\/\/www.ilpa-mp3.com\/wp-content\/uploads\/2026\/02\/DJI_0231-pannelli.jpg","contentUrl":"https:\/\/www.ilpa-mp3.com\/wp-content\/uploads\/2026\/02\/DJI_0231-pannelli.jpg","width":1920,"height":1349},{"@type":"BreadcrumbList","@id":"https:\/\/www.ilpa-mp3.com\/it\/azienda\/lo-stabilimento\/#breadcrumb","itemListElement":[{"@type":"ListItem","position":1,"name":"Home","item":"https:\/\/www.ilpa-mp3.com\/it\/"},{"@type":"ListItem","position":2,"name":"Azienda","item":"https:\/\/www.ilpa-mp3.com\/it\/azienda\/"},{"@type":"ListItem","position":3,"name":"Lo stabilimento"}]},{"@type":"WebSite","@id":"https:\/\/www.ilpa-mp3.com\/it\/#website","url":"https:\/\/www.ilpa-mp3.com\/it\/","name":"MP3 S.r.l.","description":"Running for Excellence","publisher":{"@id":"https:\/\/www.ilpa-mp3.com\/it\/#organization"},"potentialAction":[{"@type":"SearchAction","target":{"@type":"EntryPoint","urlTemplate":"https:\/\/www.ilpa-mp3.com\/it\/?s={search_term_string}"},"query-input":{"@type":"PropertyValueSpecification","valueRequired":true,"valueName":"search_term_string"}}],"inLanguage":"it-IT"},{"@type":"Organization","@id":"https:\/\/www.ilpa-mp3.com\/it\/#organization","name":"Ilpa MP3 S.r.l.","url":"https:\/\/www.ilpa-mp3.com\/it\/","logo":{"@type":"ImageObject","inLanguage":"it-IT","@id":"https:\/\/www.ilpa-mp3.com\/it\/#\/schema\/logo\/image\/","url":"https:\/\/www.ilpa-mp3.com\/wp-content\/uploads\/2020\/08\/logo.gif","contentUrl":"https:\/\/www.ilpa-mp3.com\/wp-content\/uploads\/2020\/08\/logo.gif","width":146,"height":93,"caption":"Ilpa MP3 S.r.l."},"image":{"@id":"https:\/\/www.ilpa-mp3.com\/it\/#\/schema\/logo\/image\/"},"sameAs":["https:\/\/www.linkedin.com\/company\/mp3-s.r.l.\/"]}]}},"_links":{"self":[{"href":"https:\/\/www.ilpa-mp3.com\/it\/wp-json\/wp\/v2\/pages\/21060","targetHints":{"allow":["GET"]}}],"collection":[{"href":"https:\/\/www.ilpa-mp3.com\/it\/wp-json\/wp\/v2\/pages"}],"about":[{"href":"https:\/\/www.ilpa-mp3.com\/it\/wp-json\/wp\/v2\/types\/page"}],"author":[{"embeddable":true,"href":"https:\/\/www.ilpa-mp3.com\/it\/wp-json\/wp\/v2\/users\/2"}],"replies":[{"embeddable":true,"href":"https:\/\/www.ilpa-mp3.com\/it\/wp-json\/wp\/v2\/comments?post=21060"}],"version-history":[{"count":132,"href":"https:\/\/www.ilpa-mp3.com\/it\/wp-json\/wp\/v2\/pages\/21060\/revisions"}],"predecessor-version":[{"id":21246,"href":"https:\/\/www.ilpa-mp3.com\/it\/wp-json\/wp\/v2\/pages\/21060\/revisions\/21246"}],"up":[{"embeddable":true,"href":"https:\/\/www.ilpa-mp3.com\/it\/wp-json\/wp\/v2\/pages\/8"}],"wp:featuredmedia":[{"embeddable":true,"href":"https:\/\/www.ilpa-mp3.com\/it\/wp-json\/wp\/v2\/media\/21159"}],"wp:attachment":[{"href":"https:\/\/www.ilpa-mp3.com\/it\/wp-json\/wp\/v2\/media?parent=21060"}],"curies":[{"name":"wp","href":"https:\/\/api.w.org\/{rel}","templated":true}]}}