{"id":3,"date":"2019-09-27T18:18:25","date_gmt":"2019-09-27T16:18:25","guid":{"rendered":"https:\/\/www.ilpa-mp3.com\/?page_id=3"},"modified":"2020-07-29T11:46:34","modified_gmt":"2020-07-29T09:46:34","slug":"privacy-policy","status":"publish","type":"page","link":"https:\/\/www.ilpa-mp3.com\/it\/privacy-policy\/","title":{"rendered":"Privacy Policy"},"content":{"rendered":"<p><em>Informativa sul trattamento dei dati personali (art. 13 Dlgs 196\/2003 \u2013 art. 13 e 14 GDPR 2016\/679)<\/em><\/p>\n<h2>Perch\u00e8 questo avviso<\/h2>\n<p>In questa pagina si descrivono le modalit\u00e0 di gestione del sito in riferimento al trattamento dei dati personali degli utenti che lo consultano.<br \/>Si tratta di un\u2019informativa che \u00e8 resa anche ai sensi dell\u2019art. 13 del d.lgs. n. 196\/2003 \u2013 Codice in materia di protezione dei dati personali \u2013 nonch\u00e9 art. 13 e 14 del Regolamento UE 2016\/679\u00a0 a coloro che interagiscono con i servizi web accessibili per via telematica a partire dall\u2019indirizzo: <a href=\"http:\/\/www.ilpagroup.com\">www.ilpagroup.com<\/a><\/p>\n<p>&nbsp;<\/p>\n<p>L\u2019informativa \u00e8 resa solo per il sito di I.L.P.A. SPA <a href=\"http:\/\/www.illpagroup.com\">(www.ilpagroup.com<\/a>) e per gli altri siti del gruppo (<a href=\"https:\/\/www.ilip.it\">www.ilip.it<\/a>, <a href=\"http:\/\/www.ilpa-mp3.com\">www.ilpa-mp3.com<\/a> e <a href=\"http:\/\/www.ilpa-amp.it\">www.ilpa-amp.it<\/a>) e non anche per altri siti web eventualmente consultati dall\u2019utente tramite link in esso presenti.<\/p>\n<p>&nbsp;<\/p>\n<p>L\u2019informativa si ispira anche alla Raccomandazione n. 2\/2001 che le autorit\u00e0 europee per la protezione dei dati personali, riunite nel Gruppo istituito dall\u2019art. 29 della direttiva n. 95\/46\/CE, hanno adottato il 17 maggio 2001 per individuare alcuni requisiti minimi per la raccolta di dati personali on-line, e, in particolare, le modalit\u00e0, i tempi e la natura delle informazioni che i titolari del trattamento devono fornire agli utenti quando questi si collegano a pagine web, indipendentemente dagli scopi del collegamento.<\/p>\n<p>La Raccomandazione e una descrizione di sintesi delle sue finalit\u00e0 sono riportate all\u2019interno del sito dell\u2019Autorit\u00e0 Garante per la Privacy\u00a0<a href=\"http:\/\/www.garanteprivacy.it\/\">http:\/\/www.garanteprivacy.it<\/a><\/p>\n<h2>Titolare del trattamento<\/h2>\n<p>A seguito della consultazione di questo sito possono essere trattati dati relativi a persone identificate o identificabili.<br \/>Il Titolare del loro trattamento \u00e8\u00a0<strong>I.L.P.A. SPA Via Castelfranco, 52 40053 VALSAMOGGIA Loc. BAZZANO (BO).<\/strong><\/p>\n<h2>Responsabile della protezione dei dati<\/h2>\n<p>La figura di Responsabile della protezione dei dati (DPO) non \u00e8 stata individuata in quanto la scrivente non \u00e8 tenuta alla conformit\u00e0 con art. 37 Regolamento Europeo 2016\/679<\/p>\n<h2>Finalit\u00e0 del trattamento dei dati<\/h2>\n<p>I trattamenti connessi ai servizi web di questo sono curati solo da personale tecnico, oppure da eventuali incaricati di occasionali operazioni di manutenzione.<br \/>I dati personali forniti dagli utenti che inoltrano richieste di adesione ai servizi offerti sono utilizzati al solo fine di eseguire il servizio o la prestazione richiesta e sono comunicati a terzi nel solo caso in cui ci\u00f2 sia a tal fine necessario.<\/p>\n<h2>Modalit\u00e0 del trattamento<\/h2>\n<p>I dati personali sono trattati con strumenti automatizzati per il tempo strettamente necessario a conseguire gli scopi per cui sono stati raccolti.<br \/>Specifiche misure di sicurezza sono osservate per prevenire la perdita dei dati, usi illeciti o non corretti ed accessi non autorizzati.<\/p>\n<h2>Conferimento e facoltativit\u00e0 del conferimento dei dati<\/h2>\n<p>A parte quanto specificato per i dati di navigazione, l\u2019utente \u00e8 libero di fornire i dati personali riportati nei moduli informatici (<em>form<\/em>) di richiesta al Titolare del trattamento per accedere ai servizi offerti. Il loro mancato conferimento pu\u00f2 comportare l\u2019impossibilit\u00e0 di ottenere quanto richiesto.<\/p>\n<h2>Comunicazione dei dati<\/h2>\n<p>I dati personali relativi al trattamento in questione non risulteranno comunicati in alcun modo a terzi.<strong>\u00a0<\/strong><\/p>\n<h2>Diffusione dei dati<\/h2>\n<p>I dati personali trattati, in alcun modo, verranno portati a conoscenza di soggetti indeterminati.<\/p>\n<h2>Trasferimento all\u2019estero<\/h2>\n<p>I dati personali trattati non risulteranno trasferiti all\u2019estero.<\/p>\n<h2>Periodo di conservazione dei dati<\/h2>\n<p>I dati personali sono trattati con strumenti automatizzati per il tempo strettamente necessario a conseguire gli scopi per cui sono stati raccolti.<\/p>\n<h2>Diritti degli interessati<\/h2>\n<p>I soggetti cui si riferiscono i dati personali hanno il diritto in qualunque momento di ottenere la conferma dell\u2019esistenza o meno dei medesimi dati e di conoscerne il contenuto e l\u2019origine, verificarne l\u2019esattezza o chiederne l\u2019integrazione o l\u2019aggiornamento, la rettificazione<br \/>Si ha diritto inoltre di chiedere la cancellazione, la trasformazione in forma anonima o il blocco dei dati trattati in violazione di legge, nonch\u00e9 di opporsi in ogni caso, per motivi legittimi, al loro trattamento.<\/p>\n<p>Infine, si pu\u00f2 nonch\u00e9 proporre reclamo ad un\u2019autorit\u00e0 di controllo.<\/p>\n<p>Le richieste vanno rivolte al Titolare del trattamento\u00a0 a cui possono essere chieste informazioni in merito alla figura di Responsabile della protezione dei dati \u2013 DPO.<\/p>\n<p>Ogni sforzo verr\u00e0 fatto per rendere il pi\u00f9 possibile interoperabili le funzionalit\u00e0 di questo sito con i meccanismi di controllo automatico della privacy disponibili in alcuni prodotti utilizzati dagli utenti.<\/p>\n<p>Considerando che lo stato di perfezionamento dei meccanismi automatici di controllo non li rende attualmente esenti da errori e disfunzioni, si precisa che il presente documento costituisce la \u201cPrivacy Policy\u201d di questo sito che sar\u00e0 soggetta ad aggiornamenti (restano le varie versioni consultabili al medesimo indirizzo).<\/p>\n<p>&nbsp;<\/p>\n<h2 id=\"cookie\">INFORMATIVA E GESTIONE DEI COOKIES<\/h2>\n<h3>Cosa sono i cookies<\/h3>\n<p>I cookies sono piccoli files di testo che i siti visitati dall\u2019utente inviano al suo terminale &#8211; computer, laptop, tablet, smartphone, etc. &#8211; dove vengono memorizzati per essere poi ritrasmessi agli stessi siti in occasione della successiva visita del medesimo utente.<\/p>\n<h3>Cookie tecnici<\/h3>\n<p>Sono i cookie che servono a effettuare la navigazione o fornire un servizio richiesto dall\u2019utente. Non vengono utilizzati per scopi ulteriori e sono normalmente installati direttamente dal titolare del sito web. Senza il ricorso a tali cookie non si pu\u00f2 garantire il corretto funzionamento di tale sito.<\/p>\n<h3>Cookie analytics<\/h3>\n<p>I cookie &#8220;analytics&#8221;, pur non essendo cookie tecnici, possono essere loro assimilati se utilizzati a fini di ottimizzazione del sito direttamente dal titolare del sito stesso, che potr\u00e0 raccogliere informazioni in forma aggregata sul numero degli utenti e su come questi visitano il sito. A queste condizioni, per i cookie analytics valgono le stesse regole, in tema di informativa e consenso, previste per i cookie tecnici.<br \/>Il presente sito utilizza il servizio di terze parti &#8220;Google Analytics&#8221; per raccogliere informazioni in forma aggregata sul numero delle visite. Per le informazioni sul trattamento di questi dati fare riferimento a questa <a href=\"http:\/\/www.google.com\/intl\/it\/policies\/privacy\/\" target=\"_blank\" rel=\"noopener noreferrer\">Privacy Policy<\/a>.<\/p>\n<h3>Cookie di profilazione<\/h3>\n<p>Sono i cookie utilizzati per tracciare la navigazione dell\u2019utente in rete e creare profili sui suoi gusti, abitudini, scelte, ecc. Con questi cookie \u00e8 possibile trasmettere al terminale dell\u2019utente dei messaggi in linea con le preferenze gi\u00e0 manifestate con la sua navigazione on line.<br \/>Il presente sito non utilizza alcun cookie di profilazione proprio.<\/p>\n<h3>Gestione delle preferenze dei cookies tramite browser<\/h3>\n<p>Se non conosci il tipo e la versione di browser che stai utilizzando puoi cliccare su \u201cAiuto\u201d nella finestra del browser in alto, da cui puoi accedere a tutte le informazioni necessarie.<br \/>Se invece conosci il tuo browser clicca su quello che stai utilizzando per accedere alla pagina di gestione dei cookies.<\/p>\n<ul>\n<li><a href=\"http:\/\/windows.microsoft.com\/it-it\/windows-vista\/block-or-allow-cookies\" target=\"_blank\" rel=\"noopener noreferrer\">Internet Explorer<\/a><\/li>\n<li><a href=\"https:\/\/support.google.com\/chrome\/answer\/95647?hl=it-IT\" target=\"_blank\" rel=\"noopener noreferrer\">Google Chrome<\/a><\/li>\n<li><a href=\"https:\/\/support.mozilla.org\/it\/kb\/Gestione%20dei%20cookie\" target=\"_blank\" rel=\"noopener noreferrer\">Mozilla Firefox<\/a><\/li>\n<li><a href=\"http:\/\/support.apple.com\/kb\/PH17191?viewlocale=it_IT\" target=\"_blank\" rel=\"noopener noreferrer\">Safari<\/a><\/li>\n<\/ul>\n","protected":false},"excerpt":{"rendered":"<p>Informativa sul trattamento dei dati personali (art. 13 Dlgs 196\/2003 \u2013 art. 13 e 14 GDPR 2016\/679) Perch\u00e8 questo avviso In questa pagina si descrivono le modalit\u00e0 di gestione del sito in riferimento al trattamento dei dati personali degli utenti che lo consultano.Si tratta di un\u2019informativa che \u00e8 resa anche ai sensi dell\u2019art. 13 del [&hellip;]<\/p>\n","protected":false},"author":1,"featured_media":0,"parent":0,"menu_order":0,"comment_status":"closed","ping_status":"closed","template":"","meta":{"_acf_changed":false,"footnotes":""},"class_list":["post-3","page","type-page","status-publish","hentry"],"acf":[],"yoast_head":"<!-- This site is optimized with the Yoast SEO plugin v27.5 - https:\/\/yoast.com\/product\/yoast-seo-wordpress\/ -->\n<title>Privacy Policy - MP3 S.r.l.<\/title>\n<meta name=\"robots\" content=\"index, follow, max-snippet:-1, max-image-preview:large, max-video-preview:-1\" \/>\n<link rel=\"canonical\" href=\"https:\/\/www.ilpa-mp3.com\/it\/privacy-policy\/\" \/>\n<meta property=\"og:locale\" content=\"it_IT\" \/>\n<meta property=\"og:type\" content=\"article\" \/>\n<meta property=\"og:title\" content=\"Privacy Policy - MP3 S.r.l.\" \/>\n<meta property=\"og:description\" content=\"Informativa sul trattamento dei dati personali (art. 13 Dlgs 196\/2003 \u2013 art. 13 e 14 GDPR 2016\/679) Perch\u00e8 questo avviso In questa pagina si descrivono le modalit\u00e0 di gestione del sito in riferimento al trattamento dei dati personali degli utenti che lo consultano.Si tratta di un\u2019informativa che \u00e8 resa anche ai sensi dell\u2019art. 13 del [&hellip;]\" \/>\n<meta property=\"og:url\" content=\"https:\/\/www.ilpa-mp3.com\/it\/privacy-policy\/\" \/>\n<meta property=\"og:site_name\" content=\"MP3 S.r.l.\" \/>\n<meta property=\"article:modified_time\" content=\"2020-07-29T09:46:34+00:00\" \/>\n<meta name=\"twitter:card\" content=\"summary_large_image\" \/>\n<meta name=\"twitter:label1\" content=\"Tempo di lettura stimato\" \/>\n\t<meta name=\"twitter:data1\" content=\"5 minuti\" \/>\n<script type=\"application\/ld+json\" class=\"yoast-schema-graph\">{\"@context\":\"https:\\\/\\\/schema.org\",\"@graph\":[{\"@type\":\"WebPage\",\"@id\":\"https:\\\/\\\/www.ilpa-mp3.com\\\/it\\\/privacy-policy\\\/\",\"url\":\"https:\\\/\\\/www.ilpa-mp3.com\\\/it\\\/privacy-policy\\\/\",\"name\":\"Privacy Policy - MP3 S.r.l.\",\"isPartOf\":{\"@id\":\"https:\\\/\\\/www.ilpa-mp3.com\\\/it\\\/#website\"},\"datePublished\":\"2019-09-27T16:18:25+00:00\",\"dateModified\":\"2020-07-29T09:46:34+00:00\",\"breadcrumb\":{\"@id\":\"https:\\\/\\\/www.ilpa-mp3.com\\\/it\\\/privacy-policy\\\/#breadcrumb\"},\"inLanguage\":\"it-IT\",\"potentialAction\":[{\"@type\":\"ReadAction\",\"target\":[\"https:\\\/\\\/www.ilpa-mp3.com\\\/it\\\/privacy-policy\\\/\"]}]},{\"@type\":\"BreadcrumbList\",\"@id\":\"https:\\\/\\\/www.ilpa-mp3.com\\\/it\\\/privacy-policy\\\/#breadcrumb\",\"itemListElement\":[{\"@type\":\"ListItem\",\"position\":1,\"name\":\"Home\",\"item\":\"https:\\\/\\\/www.ilpa-mp3.com\\\/it\\\/\"},{\"@type\":\"ListItem\",\"position\":2,\"name\":\"Privacy Policy\"}]},{\"@type\":\"WebSite\",\"@id\":\"https:\\\/\\\/www.ilpa-mp3.com\\\/it\\\/#website\",\"url\":\"https:\\\/\\\/www.ilpa-mp3.com\\\/it\\\/\",\"name\":\"MP3 S.r.l.\",\"description\":\"Running for Excellence\",\"publisher\":{\"@id\":\"https:\\\/\\\/www.ilpa-mp3.com\\\/it\\\/#organization\"},\"potentialAction\":[{\"@type\":\"SearchAction\",\"target\":{\"@type\":\"EntryPoint\",\"urlTemplate\":\"https:\\\/\\\/www.ilpa-mp3.com\\\/it\\\/?s={search_term_string}\"},\"query-input\":{\"@type\":\"PropertyValueSpecification\",\"valueRequired\":true,\"valueName\":\"search_term_string\"}}],\"inLanguage\":\"it-IT\"},{\"@type\":\"Organization\",\"@id\":\"https:\\\/\\\/www.ilpa-mp3.com\\\/it\\\/#organization\",\"name\":\"Ilpa MP3 S.r.l.\",\"url\":\"https:\\\/\\\/www.ilpa-mp3.com\\\/it\\\/\",\"logo\":{\"@type\":\"ImageObject\",\"inLanguage\":\"it-IT\",\"@id\":\"https:\\\/\\\/www.ilpa-mp3.com\\\/it\\\/#\\\/schema\\\/logo\\\/image\\\/\",\"url\":\"https:\\\/\\\/www.ilpa-mp3.com\\\/wp-content\\\/uploads\\\/2020\\\/08\\\/logo.gif\",\"contentUrl\":\"https:\\\/\\\/www.ilpa-mp3.com\\\/wp-content\\\/uploads\\\/2020\\\/08\\\/logo.gif\",\"width\":146,\"height\":93,\"caption\":\"Ilpa MP3 S.r.l.\"},\"image\":{\"@id\":\"https:\\\/\\\/www.ilpa-mp3.com\\\/it\\\/#\\\/schema\\\/logo\\\/image\\\/\"},\"sameAs\":[\"https:\\\/\\\/www.linkedin.com\\\/company\\\/mp3-s.r.l.\\\/\"]}]}<\/script>\n<!-- \/ Yoast SEO plugin. -->","yoast_head_json":{"title":"Privacy Policy - MP3 S.r.l.","robots":{"index":"index","follow":"follow","max-snippet":"max-snippet:-1","max-image-preview":"max-image-preview:large","max-video-preview":"max-video-preview:-1"},"canonical":"https:\/\/www.ilpa-mp3.com\/it\/privacy-policy\/","og_locale":"it_IT","og_type":"article","og_title":"Privacy Policy - MP3 S.r.l.","og_description":"Informativa sul trattamento dei dati personali (art. 13 Dlgs 196\/2003 \u2013 art. 13 e 14 GDPR 2016\/679) Perch\u00e8 questo avviso In questa pagina si descrivono le modalit\u00e0 di gestione del sito in riferimento al trattamento dei dati personali degli utenti che lo consultano.Si tratta di un\u2019informativa che \u00e8 resa anche ai sensi dell\u2019art. 13 del [&hellip;]","og_url":"https:\/\/www.ilpa-mp3.com\/it\/privacy-policy\/","og_site_name":"MP3 S.r.l.","article_modified_time":"2020-07-29T09:46:34+00:00","twitter_card":"summary_large_image","twitter_misc":{"Tempo di lettura stimato":"5 minuti"},"schema":{"@context":"https:\/\/schema.org","@graph":[{"@type":"WebPage","@id":"https:\/\/www.ilpa-mp3.com\/it\/privacy-policy\/","url":"https:\/\/www.ilpa-mp3.com\/it\/privacy-policy\/","name":"Privacy Policy - MP3 S.r.l.","isPartOf":{"@id":"https:\/\/www.ilpa-mp3.com\/it\/#website"},"datePublished":"2019-09-27T16:18:25+00:00","dateModified":"2020-07-29T09:46:34+00:00","breadcrumb":{"@id":"https:\/\/www.ilpa-mp3.com\/it\/privacy-policy\/#breadcrumb"},"inLanguage":"it-IT","potentialAction":[{"@type":"ReadAction","target":["https:\/\/www.ilpa-mp3.com\/it\/privacy-policy\/"]}]},{"@type":"BreadcrumbList","@id":"https:\/\/www.ilpa-mp3.com\/it\/privacy-policy\/#breadcrumb","itemListElement":[{"@type":"ListItem","position":1,"name":"Home","item":"https:\/\/www.ilpa-mp3.com\/it\/"},{"@type":"ListItem","position":2,"name":"Privacy Policy"}]},{"@type":"WebSite","@id":"https:\/\/www.ilpa-mp3.com\/it\/#website","url":"https:\/\/www.ilpa-mp3.com\/it\/","name":"MP3 S.r.l.","description":"Running for Excellence","publisher":{"@id":"https:\/\/www.ilpa-mp3.com\/it\/#organization"},"potentialAction":[{"@type":"SearchAction","target":{"@type":"EntryPoint","urlTemplate":"https:\/\/www.ilpa-mp3.com\/it\/?s={search_term_string}"},"query-input":{"@type":"PropertyValueSpecification","valueRequired":true,"valueName":"search_term_string"}}],"inLanguage":"it-IT"},{"@type":"Organization","@id":"https:\/\/www.ilpa-mp3.com\/it\/#organization","name":"Ilpa MP3 S.r.l.","url":"https:\/\/www.ilpa-mp3.com\/it\/","logo":{"@type":"ImageObject","inLanguage":"it-IT","@id":"https:\/\/www.ilpa-mp3.com\/it\/#\/schema\/logo\/image\/","url":"https:\/\/www.ilpa-mp3.com\/wp-content\/uploads\/2020\/08\/logo.gif","contentUrl":"https:\/\/www.ilpa-mp3.com\/wp-content\/uploads\/2020\/08\/logo.gif","width":146,"height":93,"caption":"Ilpa MP3 S.r.l."},"image":{"@id":"https:\/\/www.ilpa-mp3.com\/it\/#\/schema\/logo\/image\/"},"sameAs":["https:\/\/www.linkedin.com\/company\/mp3-s.r.l.\/"]}]}},"_links":{"self":[{"href":"https:\/\/www.ilpa-mp3.com\/it\/wp-json\/wp\/v2\/pages\/3","targetHints":{"allow":["GET"]}}],"collection":[{"href":"https:\/\/www.ilpa-mp3.com\/it\/wp-json\/wp\/v2\/pages"}],"about":[{"href":"https:\/\/www.ilpa-mp3.com\/it\/wp-json\/wp\/v2\/types\/page"}],"author":[{"embeddable":true,"href":"https:\/\/www.ilpa-mp3.com\/it\/wp-json\/wp\/v2\/users\/1"}],"replies":[{"embeddable":true,"href":"https:\/\/www.ilpa-mp3.com\/it\/wp-json\/wp\/v2\/comments?post=3"}],"version-history":[{"count":1,"href":"https:\/\/www.ilpa-mp3.com\/it\/wp-json\/wp\/v2\/pages\/3\/revisions"}],"predecessor-version":[{"id":1158,"href":"https:\/\/www.ilpa-mp3.com\/it\/wp-json\/wp\/v2\/pages\/3\/revisions\/1158"}],"wp:attachment":[{"href":"https:\/\/www.ilpa-mp3.com\/it\/wp-json\/wp\/v2\/media?parent=3"}],"curies":[{"name":"wp","href":"https:\/\/api.w.org\/{rel}","templated":true}]}}