{"id":628,"date":"2019-10-10T19:07:48","date_gmt":"2019-10-10T17:07:48","guid":{"rendered":"https:\/\/www.ilpa-mp3.com\/?page_id=628"},"modified":"2026-04-02T15:54:29","modified_gmt":"2026-04-02T13:54:29","slug":"qualita-e-certificazioni","status":"publish","type":"page","link":"https:\/\/www.ilpa-mp3.com\/it\/azienda\/qualita-e-certificazioni\/","title":{"rendered":"Qualit\u00e0 e Certificazioni"},"content":{"rendered":"<div class=\"wpb-content-wrapper\"><p>[vc_row full_width=&#8221;stretch_row&#8221; content_placement=&#8221;middle&#8221; css_animation=&#8221;fadeIn&#8221; css=&#8221;.vc_custom_1664867302636{padding-top: 18em !important;padding-bottom: 4em !important;background-image: url(https:\/\/www.ilpa-mp3.com\/wp-content\/uploads\/2022\/10\/ilpa-mp3-team-quality-security-2022.png?id=15427) !important;background-position: center !important;background-repeat: no-repeat !important;background-size: cover !important;}&#8221;][vc_column css_animation=&#8221;left-to-right&#8221; width=&#8221;1\/2&#8243; css=&#8221;.vc_custom_1664869294310{background-color: #e3e4e8 !important;}&#8221; el_class=&#8221;background-linear-gradient shadow order-lg-first order-last&#8221; offset=&#8221;vc_col-sm-offset-0 vc_col-xs-offset-1 vc_col-xs-10&#8243;]<h2 class=\"deco-title sinistra sub-dark\"><span>Qualit\u00e0 e <mark>Pragmatismo<\/mark><\/span><\/h2>[vc_column_text css=&#8221;&#8221;]L&#8217;approccio pragmatico di MP3 alla qualit\u00e0 rappresenta un elemento distintivo dell&#8217;azienda. Attraverso la combinazione di <strong>analisi meticolosa, ottimizzazione<\/strong> mirata e realizzazione di <strong>prodotti su misura<\/strong>, MP3 offre ai propri clienti soluzioni personalizzate che generano un vantaggio competitivo tangibile e duraturo.[\/vc_column_text][\/vc_column][vc_column width=&#8221;1\/2&#8243; el_class=&#8221;order-lg-last order-first&#8221;][\/vc_column][\/vc_row][vc_row full_width=&#8221;stretch_row_content&#8221; content_placement=&#8221;middle&#8221; css_animation=&#8221;fadeIn&#8221; css=&#8221;.vc_custom_1706281822401{padding-top: 5em !important;padding-bottom: 5em !important;}&#8221;][vc_column css_animation=&#8221;none&#8221; width=&#8221;1\/2&#8243; offset=&#8221;vc_col-sm-offset-0&#8243;][vc_row_inner][vc_column_inner width=&#8221;1\/3&#8243; offset=&#8221;vc_col-xs-4&#8243;][vc_single_image image=&#8221;19040&#8243; img_size=&#8221;full&#8221; alignment=&#8221;center&#8221; onclick=&#8221;custom_link&#8221; css=&#8221;&#8221; link=&#8221;\/it\/download\/certificato-iso-9001\/&#8221;][\/vc_column_inner][vc_column_inner width=&#8221;1\/3&#8243; offset=&#8221;vc_col-xs-4&#8243;][vc_single_image image=&#8221;19035&#8243; img_size=&#8221;full&#8221; alignment=&#8221;center&#8221; onclick=&#8221;custom_link&#8221; css=&#8221;&#8221; link=&#8221;\/it\/download\/certificato-brcgs\/&#8221;][\/vc_column_inner][vc_column_inner width=&#8221;1\/3&#8243; offset=&#8221;vc_col-xs-4&#8243;][vc_single_image image=&#8221;15336&#8243; img_size=&#8221;full&#8221;][\/vc_column_inner][\/vc_row_inner][\/vc_column][vc_column css_animation=&#8221;none&#8221; width=&#8221;1\/2&#8243;][vc_row_inner][vc_column_inner el_class=&#8221;background-linear-gradient shadow&#8221; width=&#8221;5\/6&#8243; offset=&#8221;vc_col-sm-offset-1 vc_col-xs-offset-1 vc_col-xs-10&#8243; css=&#8221;.vc_custom_1664868258828{background-color: #e3e4e8 !important;}&#8221;]<h2 class=\"deco-title sinistra sub-dark\"><span>Certificazioni <mark>Aziendali<\/mark><\/span><\/h2>[vc_column_text css=&#8221;&#8221;]Ogni anno, MP3 accoglie auditor qualificati che valutano tutti i processi aziendali. Insieme a certificatori BRC e ISO, i responsabili della qualit\u00e0 dei nostri clienti vengono regolarmente a verificare l&#8217;eccellenza della nostra organizzazione.<\/p>\n<p><strong>Le certificazioni ISO 9001 e BRC Packaging attestano il nostro impegno per la qualit\u00e0, la sicurezza e la legalit\u00e0 dei nostri prodotti e processi, garantendo ai clienti prodotti eccellenti e conformi agli standard pi\u00f9 rigorosi.<\/strong> MP3 \u00e8 un&#8217;azienda certificata ISO 9001 dal 2003 e BRC Packaging dal 2015.[\/vc_column_text][\/vc_column_inner][\/vc_row_inner][\/vc_column][\/vc_row][vc_row full_width=&#8221;stretch_row_content_no_spaces&#8221; content_placement=&#8221;middle&#8221; css=&#8221;.vc_custom_1706281831789{padding-top: 0px !important;padding-bottom: 0px !important;background-color: #f5f5f5 !important;}&#8221; el_class=&#8221;background-linear-gradient-row&#8221;][vc_column width=&#8221;4\/12&#8243; css=&#8221;.vc_custom_1664817883137{padding-top: 0px !important;background-image: url(https:\/\/www.ilpa-mp3.com\/wp-content\/uploads\/2022\/10\/ilpa-mp3-lean-team-square.jpg?id=15438) !important;background-position: center !important;background-repeat: no-repeat !important;background-size: cover !important;}&#8221;][vc_raw_html]JTNDZGl2JTIwY2xhc3MlM0QlMjJhc3BlY3QtaW1hZ2UlMjIlMjBzdHlsZSUzRCUyMmFzcGVjdC1yYXRpbyUzQTElMjAlMkYxJTNCJTIyJTNFJTNDJTJGZGl2JTNF[\/vc_raw_html][\/vc_column][vc_column width=&#8221;8\/12&#8243;][vc_row_inner][vc_column_inner width=&#8221;5\/6&#8243; css=&#8221;.vc_custom_1722499372504{padding-right: 2em !important;padding-left: 2em !important;}&#8221; offset=&#8221;vc_col-sm-offset-1&#8243;]<h2 class=\"deco-title sinistra sub-dark\"><span>Sistema di <mark>Produzione MP3<\/mark><\/span><\/h2>[vc_column_text css=&#8221;&#8221;]La qualit\u00e0 del prodotto deriva dalla somma di diversi fattori: le condizioni delle <strong>linee di produzione<\/strong>, la <strong>professionalit\u00e0<\/strong> degli operatori e la <strong>qualit\u00e0<\/strong> della <strong>materia prima<\/strong> utilizzata. Per questo motivo, MP3 ha sviluppato un proprio sistema di produzione, valutato costantemente attraverso un OEE (Overall Equipment Effectiveness).<\/p>\n<p>Il team qualit\u00e0 opera per <strong>monitorare i vari processi produttivi<\/strong> e condivide con i reparti di produzione, sicurezza, manutenzione, logistica, pianificazione e R&amp;D lo stato di progressi dei vari progetti di miglioramento, durante l\u2019ASAICHI quotidiano.<\/p>\n<p>MP3 ha creato dei <strong>controlli specifici<\/strong>, raggruppati per cluster in base alla tipologia di prodotto e alle applicazioni finali, per valutare la conformit\u00e0 a tutti gli aspetti critici dei prodotti, come l&#8217;imitazione del colore, la qualit\u00e0 superficiale, la stratigrafia, il gloss e la resistenza meccanica.[\/vc_column_text][\/vc_column_inner][\/vc_row_inner][\/vc_column][\/vc_row][vc_row full_width=&#8221;stretch_row&#8221; equal_height=&#8221;yes&#8221; content_placement=&#8221;middle&#8221; el_class=&#8221;text-white&#8221; css=&#8221;.vc_custom_1664867765931{background-image: url(https:\/\/www.ilpa-mp3.com\/wp-content\/uploads\/2022\/10\/background-1920&#215;760-dark.jpg?id=15453) !important;background-position: center !important;background-repeat: no-repeat !important;background-size: cover !important;}&#8221;][vc_column width=&#8221;1\/4&#8243; el_class=&#8221;text-white&#8221; css=&#8221;.vc_custom_1664869425530{margin-top: 0px !important;margin-bottom: 0px !important;padding-top: 4em !important;padding-bottom: 4em !important;background-color: rgba(255,255,255,0.25) !important;*background-color: rgb(255,255,255) !important;}&#8221;][vc_single_image image=&#8221;15287&#8243; img_size=&#8221;full&#8221; alignment=&#8221;center&#8221; css_animation=&#8221;fadeIn&#8221;][vc_column_text]<\/p>\n<h4>Progetto Zero<\/h4>\n<p>Istituito nel 2017 dagli <strong>operai della fabbrica<\/strong>, questo progetto mira a eliminare gli incidenti sul lavoro attraverso un coinvolgimento diffuso del personale, verso un <strong>miglioramento continuo<\/strong>.[\/vc_column_text][\/vc_column][vc_column css_animation=&#8221;fadeInDown&#8221; width=&#8221;1\/4&#8243; el_class=&#8221;p-3&#8243; offset=&#8221;vc_col-sm-offset-0 vc_col-xs-offset-1 vc_col-xs-10&#8243;][vc_single_image image=&#8221;18328&#8243; img_size=&#8221;full&#8221; alignment=&#8221;center&#8221; css=&#8221;.vc_custom_1729585222249{margin-top: 1em !important;margin-bottom: 1em !important;}&#8221; el_class=&#8221;m-3 people&#8221;][vc_column_text]<\/p>\n<h4 style=\"text-align: center;\">Davide Martino<\/h4>\n<p style=\"text-align: center;\">Quality manager<br \/>\n<a href=\"mailto:dmartino@ilpa-mp3.com\">dmartino@ilpa-mp3.com<\/a><\/p>\n<p>[\/vc_column_text][\/vc_column][vc_column css_animation=&#8221;fadeInDown&#8221; width=&#8221;1\/4&#8243; el_class=&#8221;p-3 delay200&#8243; offset=&#8221;vc_col-sm-offset-0 vc_col-xs-offset-1 vc_col-xs-10&#8243;][vc_single_image image=&#8221;18310&#8243; img_size=&#8221;full&#8221; alignment=&#8221;center&#8221; css=&#8221;.vc_custom_1729581995976{margin-top: 1em !important;margin-bottom: 1em !important;}&#8221; el_class=&#8221;m-3 people&#8221;][vc_column_text css=&#8221;&#8221;]<\/p>\n<h4 style=\"text-align: center;\">Calogero Bona<\/h4>\n<p style=\"text-align: center;\">HSE Manager<br \/>\n<a href=\"mailto:iventurelli@ilpa-mp3.com\">cbona@ilpa-mp3.com<\/a><\/p>\n<p>[\/vc_column_text][\/vc_column][vc_column css_animation=&#8221;fadeInDown&#8221; width=&#8221;1\/4&#8243; el_class=&#8221;p-3 delay400&#8243; offset=&#8221;vc_col-sm-offset-0 vc_col-xs-offset-1 vc_col-xs-10&#8243;][vc_single_image image=&#8221;21423&#8243; img_size=&#8221;full&#8221; alignment=&#8221;center&#8221; css=&#8221;.vc_custom_1775138029424{margin-top: 1em !important;margin-bottom: 1em !important;}&#8221; el_class=&#8221;m-3 people&#8221;][vc_column_text css=&#8221;&#8221;]<\/p>\n<h4 style=\"text-align: center;\">Sara De Santis<\/h4>\n<p style=\"text-align: center;\">HSE Specialist<br \/>\n<a href=\"mailto:sdesantis@ilpa-mp3.com\">sdesantis@ilpa-mp3.com<\/a><\/p>\n<p>[\/vc_column_text][\/vc_column][\/vc_row][vc_row full_width=&#8221;stretch_row&#8221; equal_height=&#8221;yes&#8221; disable_element=&#8221;yes&#8221; css=&#8221;.vc_custom_1662979238462{padding-top: 2em !important;padding-bottom: 2em !important;background-color: #e5e5e5 !important;}&#8221;][vc_column width=&#8221;1\/3&#8243;][vc_column_text]<\/p>\n<h3>UNI EN ISO 9001:2015<\/h3>\n<p>La norma UNI EN ISO 9001:2015 definisce i requisiti di un sistema di gestione per la qualit\u00e0 al fine di :<\/p>\n<ul>\n<li>condurre i processi aziendali con il conseguimento della qualit\u00e0 totale<\/li>\n<li>ottenere ed incrementare la soddisfazione del cliente<\/li>\n<\/ul>\n<p>La norma volontaria UNI EN ISO 9001:2015 si ispira ai seguenti principi guida:<\/p>\n<ul>\n<li>orientamento al cliente;<\/li>\n<li>leadership;<\/li>\n<li>coinvolgimento del personale;<\/li>\n<li>approccio per processi;<\/li>\n<li>approccio sistemico alla gestione;<\/li>\n<li>miglioramento continuo;<\/li>\n<li>decisioni basate su dati di fatto;<\/li>\n<li>rapporti di reciproco beneficio con i fornitori.<\/li>\n<\/ul>\n<p>MP3 Srl ha ottenuto la certificazione nel 2003 per la \u201c<strong>Progettazione e fabbricazione di semilavorati termoplastici coestrusi in lastra ed in bobina\u201d.<\/strong>[\/vc_column_text][\/vc_column][vc_column width=&#8221;1\/3&#8243;][vc_column_text]<\/p>\n<h3>HACCP<strong><br \/>\n<\/strong><\/h3>\n<p><strong>L&#8217;HACCP (Hazard Analysis and Critical Control Points)<\/strong>, significa letteralmente \u00abAnalisi dei pericoli &#8211; Punti Critici di Controllo\u00bb. Si tratta di un metodo di autocontrollo igienico finalizzato alla prevenzione dei pericoli di contaminazione alimentare e alla tutela della salute dei consumatori. Si basa sul monitoraggio delle varie fasi della lavorazione in cui si sospetta un pericolo di contaminazione sia di natura biologica che chimica o fisica di un alimento o, nel caso della nostra organizzazione, del film plastico, destinato dopo successiva termoformatura, al contatto con gli alimenti.<\/p>\n<p>Applicare un sistema HACCP, significa monitorare tutta la filiera del processo di produzione e distribuzione degli alimenti, compreso gli imballaggi che li contengono.<\/p>\n<p>Permette inoltre di migliorare la qualit\u00e0 alimentare con particolare riguardo alla salubrit\u00e0 e sicurezza, concetto che va oltre la semplice soddisfazione del cliente, ma punta piuttosto alla tutela della salute pubblica.<\/p>\n<p>Adottare poi un sistema HACCP \u00e8 un requisito fondamentale per l\u2019adozione dello standard BRC.[\/vc_column_text][\/vc_column][vc_column width=&#8221;1\/3&#8243;][vc_column_text]<\/p>\n<h3>BRC: British Retail Consortium<\/h3>\n<p>(Consorzio dei dettaglianti britannici)<\/p>\n<p>La BRC nasce dall\u2019esigenza della grande distribuzione internazionale di avere certezze in materia di sicurezza igienico-sanitaria da parte dei fornitori di materiali destinati ad essere a contatto con gli alimenti. Il British Retail Consortium (BRC) ha poi coinvolto l&#8217;Institute of Packaging (IoP) nella stesura di questo nuovo standard tecnico per i materiali di confezionamento.<\/p>\n<p>Nasce cos\u00ec lo Standard tecnico <strong>BRC: materiali di confezionamento per prodotti alimentari <\/strong>che si pone l\u2019obiettivo di assicurare che tutti i fornitori e produttori di materiali di confezionamento per alimenti adottino adeguati sistemi di controllo del processo produttivo affinch\u00e9 tali materiali risultino sicuri e idonei all\u2019uso in campo alimentare<\/p>\n<p><strong>L\u2019adeguamento allo Standard BRC prevede:<\/strong><\/p>\n<ul>\n<li>l\u2019adozione di un Sistema HACCP<\/li>\n<li>l\u2019implementazione di un Sistema Qualit\u00e0 documentato ed efficace<\/li>\n<li>il controllo sull\u2019ambiente produttivo, sul prodotto, sui processi e sul personale<\/li>\n<\/ul>\n<p><strong>Lo standard BRC \u00e8 costituito dai seguenti capitoli: <\/strong>1) l\u2019organizzazione; 2) il sistema di autocontrollo igienico sanitario; 3) il sistema di gestione aziendale; 4) gli standard igienici degli stabilimenti; 5) il controllo delle contaminazioni; 6) l\u2019igiene del personale<\/p>\n<p>Dal 2018 siamo certificati <strong>grado AA<\/strong>.[\/vc_column_text][\/vc_column][\/vc_row][vc_row disable_element=&#8221;yes&#8221;][vc_column][vc_column_text]<\/p>\n<h3>PSV (Plastica Seconda Vita) \u2013 Food contact<\/h3>\n<p>Il marchio \u201cPlastica Seconda Vita\u201d \u00e8 un sistema di certificazione ambientale di prodotto dedicata ai materiali ed ai manufatti ottenuti dalla valorizzazione dei rifiuti plastici;<\/p>\n<ul>\n<li>\u00c8 il primo marchio italiano ed europeo dedicato alla plastica riciclata;<\/li>\n<li>Introduce il concetto di \u201cqualit\u00e0\u201d nelle plastiche di riciclo;<\/li>\n<li>Introduce il concetto di \u201crintracciabilit\u00e0\u201d dei materiali riciclati;<\/li>\n<\/ul>\n<p>MP3 Srl ha ottenuto la certificazione PSV (Plastica seconda vita \u2013 Food contact), per materiali e oggetti destinati al contatto con alimenti.<\/p>\n<p>Il Marchio \u201c,PSV Food Contact\u201d \u00e8 stato rilasciato alla nostra organizzazione per i seguenti prodotti: <strong><em>Manufatti ottenuti mediante (estrusione in continuo) l&#8217;impiego di materia plastica da riciclo da raccolta differenziata (RD) nella quantit\u00e0 minima del 60%.<\/em><\/strong><\/p>\n<p>IPPR (Istituto per la Promozione delle Plastiche da Riciclo) pubblica ogni anno il Repertorio dei materiali e manufatti a marchio \u201cPlastica seconda Vita\u201d.<\/p>\n<p>Le attivit\u00e0 per l\u2019ottenimento del marchio PSV sono svolte da IIP (Istituto Italiano dei Plastici), leader in Italia nella certificazione di prodotto per il settore delle materie plastiche.[\/vc_column_text][\/vc_column][\/vc_row]<\/p>\n<\/div>","protected":false},"excerpt":{"rendered":"<p>[vc_row full_width=&#8221;stretch_row&#8221; content_placement=&#8221;middle&#8221; css_animation=&#8221;fadeIn&#8221; css=&#8221;.vc_custom_1664867302636{padding-top: 18em !important;padding-bottom: 4em !important;background-image: url(https:\/\/www.ilpa-mp3.com\/wp-content\/uploads\/2022\/10\/ilpa-mp3-team-quality-security-2022.png?id=15427) !important;background-position: center !important;background-repeat: no-repeat !important;background-size: cover !important;}&#8221;][vc_column css_animation=&#8221;left-to-right&#8221; width=&#8221;1\/2&#8243; css=&#8221;.vc_custom_1664869294310{background-color: #e3e4e8 !important;}&#8221; el_class=&#8221;background-linear-gradient shadow order-lg-first order-last&#8221; offset=&#8221;vc_col-sm-offset-0 vc_col-xs-offset-1 vc_col-xs-10&#8243;][vc_column_text css=&#8221;&#8221;]L&#8217;approccio pragmatico di MP3 alla qualit\u00e0 rappresenta un elemento distintivo dell&#8217;azienda. Attraverso la combinazione di analisi meticolosa, ottimizzazione mirata e realizzazione di prodotti su misura, MP3 [&hellip;]<\/p>\n","protected":false},"author":1,"featured_media":8521,"parent":8,"menu_order":4,"comment_status":"closed","ping_status":"closed","template":"","meta":{"_acf_changed":false,"footnotes":""},"class_list":["post-628","page","type-page","status-publish","has-post-thumbnail","hentry"],"acf":[],"yoast_head":"<!-- This site is optimized with the Yoast SEO plugin v27.5 - https:\/\/yoast.com\/product\/yoast-seo-wordpress\/ -->\n<title>Qualit\u00e0 e Certificazioni - MP3 S.r.l.<\/title>\n<meta name=\"description\" content=\"Offriamo ai nostri clienti soluzioni personalizzate, generando un vantaggio competitivo tangibile attraverso alta qualit\u00e0 e certificazioni d&#039;eccellenza.\" \/>\n<meta name=\"robots\" content=\"index, follow, max-snippet:-1, max-image-preview:large, max-video-preview:-1\" \/>\n<link rel=\"canonical\" href=\"https:\/\/www.ilpa-mp3.com\/it\/azienda\/qualita-e-certificazioni\/\" \/>\n<meta property=\"og:locale\" content=\"it_IT\" \/>\n<meta property=\"og:type\" content=\"article\" \/>\n<meta property=\"og:title\" content=\"Qualit\u00e0 e Certificazioni - MP3 S.r.l.\" \/>\n<meta property=\"og:description\" content=\"Offriamo ai nostri clienti soluzioni personalizzate, generando un vantaggio competitivo tangibile attraverso alta qualit\u00e0 e certificazioni d&#039;eccellenza.\" \/>\n<meta property=\"og:url\" content=\"https:\/\/www.ilpa-mp3.com\/it\/azienda\/qualita-e-certificazioni\/\" \/>\n<meta property=\"og:site_name\" content=\"MP3 S.r.l.\" \/>\n<meta property=\"article:modified_time\" content=\"2026-04-02T13:54:29+00:00\" \/>\n<meta property=\"og:image\" content=\"https:\/\/www.ilpa-mp3.com\/wp-content\/uploads\/2021\/07\/MP3-ILPA-Ricerca-Sviluppo-1.jpg\" \/>\n\t<meta property=\"og:image:width\" content=\"1920\" \/>\n\t<meta property=\"og:image:height\" content=\"1280\" \/>\n\t<meta property=\"og:image:type\" content=\"image\/jpeg\" \/>\n<meta name=\"twitter:card\" content=\"summary_large_image\" \/>\n<meta name=\"twitter:label1\" content=\"Tempo di lettura stimato\" \/>\n\t<meta name=\"twitter:data1\" content=\"8 minuti\" \/>\n<script type=\"application\/ld+json\" class=\"yoast-schema-graph\">{\"@context\":\"https:\\\/\\\/schema.org\",\"@graph\":[{\"@type\":\"WebPage\",\"@id\":\"https:\\\/\\\/www.ilpa-mp3.com\\\/it\\\/azienda\\\/qualita-e-certificazioni\\\/\",\"url\":\"https:\\\/\\\/www.ilpa-mp3.com\\\/it\\\/azienda\\\/qualita-e-certificazioni\\\/\",\"name\":\"Qualit\u00e0 e Certificazioni - MP3 S.r.l.\",\"isPartOf\":{\"@id\":\"https:\\\/\\\/www.ilpa-mp3.com\\\/it\\\/#website\"},\"primaryImageOfPage\":{\"@id\":\"https:\\\/\\\/www.ilpa-mp3.com\\\/it\\\/azienda\\\/qualita-e-certificazioni\\\/#primaryimage\"},\"image\":{\"@id\":\"https:\\\/\\\/www.ilpa-mp3.com\\\/it\\\/azienda\\\/qualita-e-certificazioni\\\/#primaryimage\"},\"thumbnailUrl\":\"https:\\\/\\\/www.ilpa-mp3.com\\\/wp-content\\\/uploads\\\/2021\\\/07\\\/MP3-ILPA-Ricerca-Sviluppo-1.jpg\",\"datePublished\":\"2019-10-10T17:07:48+00:00\",\"dateModified\":\"2026-04-02T13:54:29+00:00\",\"description\":\"Offriamo ai nostri clienti soluzioni personalizzate, generando un vantaggio competitivo tangibile attraverso alta qualit\u00e0 e certificazioni d'eccellenza.\",\"breadcrumb\":{\"@id\":\"https:\\\/\\\/www.ilpa-mp3.com\\\/it\\\/azienda\\\/qualita-e-certificazioni\\\/#breadcrumb\"},\"inLanguage\":\"it-IT\",\"potentialAction\":[{\"@type\":\"ReadAction\",\"target\":[\"https:\\\/\\\/www.ilpa-mp3.com\\\/it\\\/azienda\\\/qualita-e-certificazioni\\\/\"]}]},{\"@type\":\"ImageObject\",\"inLanguage\":\"it-IT\",\"@id\":\"https:\\\/\\\/www.ilpa-mp3.com\\\/it\\\/azienda\\\/qualita-e-certificazioni\\\/#primaryimage\",\"url\":\"https:\\\/\\\/www.ilpa-mp3.com\\\/wp-content\\\/uploads\\\/2021\\\/07\\\/MP3-ILPA-Ricerca-Sviluppo-1.jpg\",\"contentUrl\":\"https:\\\/\\\/www.ilpa-mp3.com\\\/wp-content\\\/uploads\\\/2021\\\/07\\\/MP3-ILPA-Ricerca-Sviluppo-1.jpg\",\"width\":1920,\"height\":1280},{\"@type\":\"BreadcrumbList\",\"@id\":\"https:\\\/\\\/www.ilpa-mp3.com\\\/it\\\/azienda\\\/qualita-e-certificazioni\\\/#breadcrumb\",\"itemListElement\":[{\"@type\":\"ListItem\",\"position\":1,\"name\":\"Home\",\"item\":\"https:\\\/\\\/www.ilpa-mp3.com\\\/it\\\/\"},{\"@type\":\"ListItem\",\"position\":2,\"name\":\"Azienda\",\"item\":\"https:\\\/\\\/www.ilpa-mp3.com\\\/it\\\/azienda\\\/\"},{\"@type\":\"ListItem\",\"position\":3,\"name\":\"Qualit\u00e0 e Certificazioni\"}]},{\"@type\":\"WebSite\",\"@id\":\"https:\\\/\\\/www.ilpa-mp3.com\\\/it\\\/#website\",\"url\":\"https:\\\/\\\/www.ilpa-mp3.com\\\/it\\\/\",\"name\":\"MP3 S.r.l.\",\"description\":\"Running for Excellence\",\"publisher\":{\"@id\":\"https:\\\/\\\/www.ilpa-mp3.com\\\/it\\\/#organization\"},\"potentialAction\":[{\"@type\":\"SearchAction\",\"target\":{\"@type\":\"EntryPoint\",\"urlTemplate\":\"https:\\\/\\\/www.ilpa-mp3.com\\\/it\\\/?s={search_term_string}\"},\"query-input\":{\"@type\":\"PropertyValueSpecification\",\"valueRequired\":true,\"valueName\":\"search_term_string\"}}],\"inLanguage\":\"it-IT\"},{\"@type\":\"Organization\",\"@id\":\"https:\\\/\\\/www.ilpa-mp3.com\\\/it\\\/#organization\",\"name\":\"Ilpa MP3 S.r.l.\",\"url\":\"https:\\\/\\\/www.ilpa-mp3.com\\\/it\\\/\",\"logo\":{\"@type\":\"ImageObject\",\"inLanguage\":\"it-IT\",\"@id\":\"https:\\\/\\\/www.ilpa-mp3.com\\\/it\\\/#\\\/schema\\\/logo\\\/image\\\/\",\"url\":\"https:\\\/\\\/www.ilpa-mp3.com\\\/wp-content\\\/uploads\\\/2020\\\/08\\\/logo.gif\",\"contentUrl\":\"https:\\\/\\\/www.ilpa-mp3.com\\\/wp-content\\\/uploads\\\/2020\\\/08\\\/logo.gif\",\"width\":146,\"height\":93,\"caption\":\"Ilpa MP3 S.r.l.\"},\"image\":{\"@id\":\"https:\\\/\\\/www.ilpa-mp3.com\\\/it\\\/#\\\/schema\\\/logo\\\/image\\\/\"},\"sameAs\":[\"https:\\\/\\\/www.linkedin.com\\\/company\\\/mp3-s.r.l.\\\/\"]}]}<\/script>\n<!-- \/ Yoast SEO plugin. -->","yoast_head_json":{"title":"Qualit\u00e0 e Certificazioni - MP3 S.r.l.","description":"Offriamo ai nostri clienti soluzioni personalizzate, generando un vantaggio competitivo tangibile attraverso alta qualit\u00e0 e certificazioni d'eccellenza.","robots":{"index":"index","follow":"follow","max-snippet":"max-snippet:-1","max-image-preview":"max-image-preview:large","max-video-preview":"max-video-preview:-1"},"canonical":"https:\/\/www.ilpa-mp3.com\/it\/azienda\/qualita-e-certificazioni\/","og_locale":"it_IT","og_type":"article","og_title":"Qualit\u00e0 e Certificazioni - MP3 S.r.l.","og_description":"Offriamo ai nostri clienti soluzioni personalizzate, generando un vantaggio competitivo tangibile attraverso alta qualit\u00e0 e certificazioni d'eccellenza.","og_url":"https:\/\/www.ilpa-mp3.com\/it\/azienda\/qualita-e-certificazioni\/","og_site_name":"MP3 S.r.l.","article_modified_time":"2026-04-02T13:54:29+00:00","og_image":[{"width":1920,"height":1280,"url":"https:\/\/www.ilpa-mp3.com\/wp-content\/uploads\/2021\/07\/MP3-ILPA-Ricerca-Sviluppo-1.jpg","type":"image\/jpeg"}],"twitter_card":"summary_large_image","twitter_misc":{"Tempo di lettura stimato":"8 minuti"},"schema":{"@context":"https:\/\/schema.org","@graph":[{"@type":"WebPage","@id":"https:\/\/www.ilpa-mp3.com\/it\/azienda\/qualita-e-certificazioni\/","url":"https:\/\/www.ilpa-mp3.com\/it\/azienda\/qualita-e-certificazioni\/","name":"Qualit\u00e0 e Certificazioni - MP3 S.r.l.","isPartOf":{"@id":"https:\/\/www.ilpa-mp3.com\/it\/#website"},"primaryImageOfPage":{"@id":"https:\/\/www.ilpa-mp3.com\/it\/azienda\/qualita-e-certificazioni\/#primaryimage"},"image":{"@id":"https:\/\/www.ilpa-mp3.com\/it\/azienda\/qualita-e-certificazioni\/#primaryimage"},"thumbnailUrl":"https:\/\/www.ilpa-mp3.com\/wp-content\/uploads\/2021\/07\/MP3-ILPA-Ricerca-Sviluppo-1.jpg","datePublished":"2019-10-10T17:07:48+00:00","dateModified":"2026-04-02T13:54:29+00:00","description":"Offriamo ai nostri clienti soluzioni personalizzate, generando un vantaggio competitivo tangibile attraverso alta qualit\u00e0 e certificazioni d'eccellenza.","breadcrumb":{"@id":"https:\/\/www.ilpa-mp3.com\/it\/azienda\/qualita-e-certificazioni\/#breadcrumb"},"inLanguage":"it-IT","potentialAction":[{"@type":"ReadAction","target":["https:\/\/www.ilpa-mp3.com\/it\/azienda\/qualita-e-certificazioni\/"]}]},{"@type":"ImageObject","inLanguage":"it-IT","@id":"https:\/\/www.ilpa-mp3.com\/it\/azienda\/qualita-e-certificazioni\/#primaryimage","url":"https:\/\/www.ilpa-mp3.com\/wp-content\/uploads\/2021\/07\/MP3-ILPA-Ricerca-Sviluppo-1.jpg","contentUrl":"https:\/\/www.ilpa-mp3.com\/wp-content\/uploads\/2021\/07\/MP3-ILPA-Ricerca-Sviluppo-1.jpg","width":1920,"height":1280},{"@type":"BreadcrumbList","@id":"https:\/\/www.ilpa-mp3.com\/it\/azienda\/qualita-e-certificazioni\/#breadcrumb","itemListElement":[{"@type":"ListItem","position":1,"name":"Home","item":"https:\/\/www.ilpa-mp3.com\/it\/"},{"@type":"ListItem","position":2,"name":"Azienda","item":"https:\/\/www.ilpa-mp3.com\/it\/azienda\/"},{"@type":"ListItem","position":3,"name":"Qualit\u00e0 e Certificazioni"}]},{"@type":"WebSite","@id":"https:\/\/www.ilpa-mp3.com\/it\/#website","url":"https:\/\/www.ilpa-mp3.com\/it\/","name":"MP3 S.r.l.","description":"Running for Excellence","publisher":{"@id":"https:\/\/www.ilpa-mp3.com\/it\/#organization"},"potentialAction":[{"@type":"SearchAction","target":{"@type":"EntryPoint","urlTemplate":"https:\/\/www.ilpa-mp3.com\/it\/?s={search_term_string}"},"query-input":{"@type":"PropertyValueSpecification","valueRequired":true,"valueName":"search_term_string"}}],"inLanguage":"it-IT"},{"@type":"Organization","@id":"https:\/\/www.ilpa-mp3.com\/it\/#organization","name":"Ilpa MP3 S.r.l.","url":"https:\/\/www.ilpa-mp3.com\/it\/","logo":{"@type":"ImageObject","inLanguage":"it-IT","@id":"https:\/\/www.ilpa-mp3.com\/it\/#\/schema\/logo\/image\/","url":"https:\/\/www.ilpa-mp3.com\/wp-content\/uploads\/2020\/08\/logo.gif","contentUrl":"https:\/\/www.ilpa-mp3.com\/wp-content\/uploads\/2020\/08\/logo.gif","width":146,"height":93,"caption":"Ilpa MP3 S.r.l."},"image":{"@id":"https:\/\/www.ilpa-mp3.com\/it\/#\/schema\/logo\/image\/"},"sameAs":["https:\/\/www.linkedin.com\/company\/mp3-s.r.l.\/"]}]}},"_links":{"self":[{"href":"https:\/\/www.ilpa-mp3.com\/it\/wp-json\/wp\/v2\/pages\/628","targetHints":{"allow":["GET"]}}],"collection":[{"href":"https:\/\/www.ilpa-mp3.com\/it\/wp-json\/wp\/v2\/pages"}],"about":[{"href":"https:\/\/www.ilpa-mp3.com\/it\/wp-json\/wp\/v2\/types\/page"}],"author":[{"embeddable":true,"href":"https:\/\/www.ilpa-mp3.com\/it\/wp-json\/wp\/v2\/users\/1"}],"replies":[{"embeddable":true,"href":"https:\/\/www.ilpa-mp3.com\/it\/wp-json\/wp\/v2\/comments?post=628"}],"version-history":[{"count":112,"href":"https:\/\/www.ilpa-mp3.com\/it\/wp-json\/wp\/v2\/pages\/628\/revisions"}],"predecessor-version":[{"id":21425,"href":"https:\/\/www.ilpa-mp3.com\/it\/wp-json\/wp\/v2\/pages\/628\/revisions\/21425"}],"up":[{"embeddable":true,"href":"https:\/\/www.ilpa-mp3.com\/it\/wp-json\/wp\/v2\/pages\/8"}],"wp:featuredmedia":[{"embeddable":true,"href":"https:\/\/www.ilpa-mp3.com\/it\/wp-json\/wp\/v2\/media\/8521"}],"wp:attachment":[{"href":"https:\/\/www.ilpa-mp3.com\/it\/wp-json\/wp\/v2\/media?parent=628"}],"curies":[{"name":"wp","href":"https:\/\/api.w.org\/{rel}","templated":true}]}}